{"id":2966,"date":"2020-01-10T09:39:42","date_gmt":"2020-01-10T08:39:42","guid":{"rendered":"https:\/\/www.sovamm.cz\/wordpress\/?page_id=2966"},"modified":"2026-02-16T00:41:03","modified_gmt":"2026-02-15T23:41:03","slug":"sovamm-2","status":"publish","type":"page","link":"https:\/\/sovamm.cz\/wordpress\/sovamm-2\/","title":{"rendered":"SOVAMM"},"content":{"rendered":"<p>Spole\u010dnost pro obnovu vesnice a&nbsp;mal\u00e9ho m\u011bsta, z. s. (SOVAMM) byla zalo\u017eena v&nbsp;roce 1990 jako z\u00e1jmov\u00e9 sdru\u017een\u00ed odborn\u00edk\u016f a&nbsp;z\u00e1jemc\u016f o&nbsp;venkovsk\u00e9 stavitelstv\u00ed.<\/p>\n<p><b>C\u00edle SOVAMM:<\/b><\/p>\n<ul>\n<li>Studium v\u00fdvoje os\u00eddlen\u00ed a&nbsp;jeho prvk\u016f (krajina, s\u00eddlo, d\u016fm) a&nbsp;\u010dinnost\u00ed ve venkovsk\u00e9m prostoru.<\/li>\n<li>Zachov\u00e1n\u00ed historick\u00e9 regionality, respektive obnoven\u00ed jej\u00ed kontinuity.<\/li>\n<li>Studium soci\u00e1ln\u00edho a&nbsp;kulturn\u00edho v\u00fdvoje a&nbsp;sou\u010dasnosti vesnice a&nbsp;mal\u00e9ho m\u011bsta.<\/li>\n<li>Pr\u016fzkum, dokumentace a&nbsp;snahy o&nbsp;ochranu, zachov\u00e1n\u00ed a&nbsp;obnovu ve\u0161ker\u00fdch hodnot v\u010detn\u011b dosud nepoznan\u00fdch, a&nbsp;to jak jednotliv\u00fdch objekt\u016f, tak cel\u00fdch s\u00eddel v\u010detn\u011b parcelace a&nbsp;cel\u00e9 kulturn\u00ed krajiny.<\/li>\n<li>Zachov\u00e1n\u00ed a&nbsp;utv\u00e1\u0159en\u00ed vzhledu m\u00edsta s&nbsp;ohledem na historick\u00e1, pam\u00e1tkov\u00e1 a&nbsp;vlastiv\u011bdn\u00e1 hlediska, podpora z&nbsp;tradice vych\u00e1zej\u00edc\u00ed estetiky a&nbsp;technologi\u00ed (m\u00edstn\u00edch materi\u00e1l\u016f) a\u00a0s\u00a0t\u00edm souvisej\u00edc\u00ed poradensk\u00e9 slu\u017eby v&nbsp;oblasti urbanismu, architektury, \u00fazemn\u00edho pl\u00e1nov\u00e1n\u00ed a&nbsp;nov\u00e9ho vyu\u017eit\u00ed n\u00e1rodn\u00edho kulturn\u00edho d\u011bdictv\u00ed.<\/li>\n<li>Pos\u00edlen\u00ed obecn\u00edho spole\u010denstv\u00ed v&nbsp;soci\u00e1ln\u00edm, hospod\u00e1\u0159sk\u00e9m a&nbsp;kulturn\u00edm ohledu, s\u00a0d\u016frazem kladen\u00fdm zvl\u00e1\u0161t\u011b na uv\u011bdom\u011bn\u00ed si kulturn\u00edho v\u00fdznamu vlastn\u00edho prost\u0159ed\u00ed.<\/li>\n<li>Odborn\u00e1 publika\u010dn\u00ed a&nbsp;populariza\u010dn\u00ed \u010dinnost.<\/li>\n<li>\u00dasil\u00ed o&nbsp;vytvo\u0159en\u00ed podm\u00ednek, v&nbsp;nich\u017e by se do obnovy obc\u00ed zapojil co nej\u0161ir\u0161\u00ed okruh obc\u00ed a\u00a0ob\u010dan\u016f.<\/li>\n<li>Podpora org\u00e1n\u016f \u00fast\u0159edn\u00edch i&nbsp;region\u00e1ln\u00edch a&nbsp;obecn\u00edch \u00fa\u0159ad\u016f v&nbsp;souladu s&nbsp;uveden\u00fdmi c\u00edli, nez\u00e1visl\u00e1 oponentura obnovy vesnice.<\/li>\n<\/ul>\n<p><img data-recalc-dims=\"1\" loading=\"lazy\" decoding=\"async\" data-attachment-id=\"5\" data-permalink=\"https:\/\/sovamm.cz\/wordpress\/en\/o-sovamm\/logo\/\" data-orig-file=\"https:\/\/i0.wp.com\/sovamm.cz\/wordpress\/wp-content\/uploads\/2016\/09\/logo.jpg?fit=147%2C148&amp;ssl=1\" data-orig-size=\"147,148\" data-comments-opened=\"1\" data-image-meta=\"{&quot;aperture&quot;:&quot;0&quot;,&quot;credit&quot;:&quot;&quot;,&quot;camera&quot;:&quot;&quot;,&quot;caption&quot;:&quot;&quot;,&quot;created_timestamp&quot;:&quot;0&quot;,&quot;copyright&quot;:&quot;&quot;,&quot;focal_length&quot;:&quot;0&quot;,&quot;iso&quot;:&quot;0&quot;,&quot;shutter_speed&quot;:&quot;0&quot;,&quot;title&quot;:&quot;&quot;,&quot;orientation&quot;:&quot;0&quot;}\" data-image-title=\"logo\" data-image-description=\"\" data-image-caption=\"\" data-medium-file=\"https:\/\/i0.wp.com\/sovamm.cz\/wordpress\/wp-content\/uploads\/2016\/09\/logo.jpg?fit=147%2C148&amp;ssl=1\" data-large-file=\"https:\/\/i0.wp.com\/sovamm.cz\/wordpress\/wp-content\/uploads\/2016\/09\/logo.jpg?fit=147%2C148&amp;ssl=1\" class=\"aligncenter wp-image-5 size-full\" src=\"https:\/\/i0.wp.com\/sovamm.cz\/wordpress\/wp-content\/uploads\/2016\/09\/logo.jpg?resize=147%2C148&#038;ssl=1\" alt=\"logo\" width=\"147\" height=\"148\" \/><\/p>\n<p>Podrobn\u011bj\u0161\u00ed infromace o&nbsp;SOVAMM, na\u0161ich dal\u0161\u00edch projektech a&nbsp;aktivit\u00e1ch, najdete v&nbsp;<a href=\"https:\/\/sovamm.wordpress.com\" target=\"_blank\" rel=\"noopener noreferrer\"><u>blogu sekret\u00e1\u0159e SOVAMM<\/u><\/a><u>.<\/u><\/p>\n<p>Aktualizov\u00e1no: <span class=\"last-modified-timestamp\">16\/02\/2026 00:41<\/span><\/p>\n","protected":false},"excerpt":{"rendered":"<p>Spole\u010dnost pro obnovu vesnice a&nbsp;mal\u00e9ho m\u011bsta, z. s. (SOVAMM) byla zalo\u017eena v&nbsp;roce 1990 jako z\u00e1jmov\u00e9 sdru\u017een\u00ed odborn\u00edk\u016f a&nbsp;z\u00e1jemc\u016f o&nbsp;venkovsk\u00e9 stavitelstv\u00ed. C\u00edle SOVAMM: Studium v\u00fdvoje os\u00eddlen\u00ed a&nbsp;jeho prvk\u016f (krajina, s\u00eddlo, d\u016fm) &hellip; <a href=\"https:\/\/sovamm.cz\/wordpress\/sovamm-2\/\" class=\"more-link\">Pokra\u010dov\u00e1n\u00ed textu <span class=\"screen-reader-text\">SOVAMM<\/span> <span class=\"meta-nav\">&rarr;<\/span><\/a><\/p>\n","protected":false},"author":2,"featured_media":60,"parent":0,"menu_order":0,"comment_status":"closed","ping_status":"closed","template":"","meta":{"jetpack_post_was_ever_published":false,"footnotes":""},"class_list":["post-2966","page","type-page","status-publish","has-post-thumbnail","hentry"],"jetpack_shortlink":"https:\/\/wp.me\/P8dB8l-LQ","jetpack_sharing_enabled":true,"_links":{"self":[{"href":"https:\/\/sovamm.cz\/wordpress\/wp-json\/wp\/v2\/pages\/2966","targetHints":{"allow":["GET"]}}],"collection":[{"href":"https:\/\/sovamm.cz\/wordpress\/wp-json\/wp\/v2\/pages"}],"about":[{"href":"https:\/\/sovamm.cz\/wordpress\/wp-json\/wp\/v2\/types\/page"}],"author":[{"embeddable":true,"href":"https:\/\/sovamm.cz\/wordpress\/wp-json\/wp\/v2\/users\/2"}],"replies":[{"embeddable":true,"href":"https:\/\/sovamm.cz\/wordpress\/wp-json\/wp\/v2\/comments?post=2966"}],"version-history":[{"count":7,"href":"https:\/\/sovamm.cz\/wordpress\/wp-json\/wp\/v2\/pages\/2966\/revisions"}],"predecessor-version":[{"id":7495,"href":"https:\/\/sovamm.cz\/wordpress\/wp-json\/wp\/v2\/pages\/2966\/revisions\/7495"}],"wp:featuredmedia":[{"embeddable":true,"href":"https:\/\/sovamm.cz\/wordpress\/wp-json\/wp\/v2\/media\/60"}],"wp:attachment":[{"href":"https:\/\/sovamm.cz\/wordpress\/wp-json\/wp\/v2\/media?parent=2966"}],"curies":[{"name":"wp","href":"https:\/\/api.w.org\/{rel}","templated":true}]}}