{"id":289,"date":"2016-10-15T12:38:48","date_gmt":"2016-10-15T10:38:48","guid":{"rendered":"http:\/\/sovamm.cz\/wordpress\/?page_id=289"},"modified":"2017-12-30T00:59:07","modified_gmt":"2017-12-29T23:59:07","slug":"vyhrazena-cast","status":"publish","type":"page","link":"https:\/\/sovamm.cz\/wordpress\/navody\/blog-aneb-blok-sovpis\/vyhrazena-cast\/","title":{"rendered":"Jak ve vyhrazen\u00e9 \u010d\u00e1sti"},"content":{"rendered":"<p>Po \u00fasp\u011b\u0161n\u00e9m p\u0159ihl\u00e1\u0161en\u00ed do vyhrazen\u00e9 \u010d\u00e1sti str\u00e1nek SOVPIS uvid\u00edte standardn\u00ed rozhran\u00ed webu b\u011b\u017e\u00edc\u00edho na redak\u010dn\u00edm syst\u00e9mu WordPress. To, co z&nbsp;n\u011bj konkretn\u011b budete m\u00edt dostupn\u00e9, z\u00e1le\u017e\u00ed na Va\u0161ich <a href=\"http:\/\/sovamm.cz\/wordpress\/navody\/blog-aneb-blok-sovpis\/uzivatelska-prava\/\">u\u017eivatelsk\u00fdch pr\u00e1vech<\/a>. (Popisujeme zde pouze tu \u010d\u00e1st, kterou m\u00e1 k&nbsp;dispozici spolupracovn\u00edk SOVPIS.)<\/p>\n<h1>Administra\u010dn\u00ed li\u0161ta<\/h1>\n<p>A\u0165 jste se p\u0159ihl\u00e1sili jedn\u00edm \u010di&nbsp;druh\u00fdm zp\u016fsobem popsan\u00fdm v&nbsp;n\u00e1vodu <a href=\"http:\/\/sovamm.cz\/wordpress\/navody\/blog-aneb-blok-sovpis\/jak-se-prihlasit\/\">Jak se p\u0159ihl\u00e1sit<\/a> budete m\u00edt na str\u00e1nce horn\u00ed tmav\u00fd pruh administra\u010dn\u00ed li\u0161ty (tzv.&nbsp;&#8222;admin bar&#8220;). Horn\u00ed <strong>administra\u010dn\u00ed li\u0161ta<\/strong> se nem\u011bn\u00ed a&nbsp;m\u00e1te ji st\u00e1le po&nbsp;ruce. Zobrazuje se toti\u017e ve ve\u0159ejn\u00e9 i&nbsp;vyhrazen\u00e9 \u010d\u00e1sti.<\/p>\n<p><img data-recalc-dims=\"1\" loading=\"lazy\" decoding=\"async\" data-attachment-id=\"297\" data-permalink=\"https:\/\/sovamm.cz\/wordpress\/navody\/blog-aneb-blok-sovpis\/vyhrazena-cast\/navod_adminbar_left\/\" data-orig-file=\"https:\/\/i0.wp.com\/sovamm.cz\/wordpress\/wp-content\/uploads\/2016\/10\/navod_adminbar_left.jpg?fit=306%2C32&amp;ssl=1\" data-orig-size=\"306,32\" data-comments-opened=\"1\" data-image-meta=\"{&quot;aperture&quot;:&quot;0&quot;,&quot;credit&quot;:&quot;&quot;,&quot;camera&quot;:&quot;&quot;,&quot;caption&quot;:&quot;&quot;,&quot;created_timestamp&quot;:&quot;0&quot;,&quot;copyright&quot;:&quot;&quot;,&quot;focal_length&quot;:&quot;0&quot;,&quot;iso&quot;:&quot;0&quot;,&quot;shutter_speed&quot;:&quot;0&quot;,&quot;title&quot;:&quot;&quot;,&quot;orientation&quot;:&quot;0&quot;}\" data-image-title=\"navod_adminbar_left\" data-image-description=\"\" data-image-caption=\"\" data-large-file=\"https:\/\/i0.wp.com\/sovamm.cz\/wordpress\/wp-content\/uploads\/2016\/10\/navod_adminbar_left.jpg?fit=306%2C32&amp;ssl=1\" class=\"alignnone size-medium wp-image-297\" src=\"https:\/\/i0.wp.com\/sovamm.cz\/wordpress\/wp-content\/uploads\/2016\/10\/navod_adminbar_left-300x31.jpg?resize=300%2C31\" alt=\"navod_adminbar_left\" width=\"300\" height=\"31\" srcset=\"https:\/\/i0.wp.com\/sovamm.cz\/wordpress\/wp-content\/uploads\/2016\/10\/navod_adminbar_left.jpg?resize=300%2C31&amp;ssl=1 300w, https:\/\/i0.wp.com\/sovamm.cz\/wordpress\/wp-content\/uploads\/2016\/10\/navod_adminbar_left.jpg?w=306&amp;ssl=1 306w\" sizes=\"auto, (max-width: 300px) 100vw, 300px\" \/><\/p>\n<p>Obsahuje:<\/p>\n<ul>\n<li><strong><img data-recalc-dims=\"1\" loading=\"lazy\" decoding=\"async\" data-attachment-id=\"298\" data-permalink=\"https:\/\/sovamm.cz\/wordpress\/navody\/blog-aneb-blok-sovpis\/vyhrazena-cast\/navod_adminbar_left_wp\/\" data-orig-file=\"https:\/\/i0.wp.com\/sovamm.cz\/wordpress\/wp-content\/uploads\/2016\/10\/navod_adminbar_left_WP.jpg?fit=35%2C32&amp;ssl=1\" data-orig-size=\"35,32\" data-comments-opened=\"1\" data-image-meta=\"{&quot;aperture&quot;:&quot;0&quot;,&quot;credit&quot;:&quot;&quot;,&quot;camera&quot;:&quot;&quot;,&quot;caption&quot;:&quot;&quot;,&quot;created_timestamp&quot;:&quot;0&quot;,&quot;copyright&quot;:&quot;&quot;,&quot;focal_length&quot;:&quot;0&quot;,&quot;iso&quot;:&quot;0&quot;,&quot;shutter_speed&quot;:&quot;0&quot;,&quot;title&quot;:&quot;&quot;,&quot;orientation&quot;:&quot;0&quot;}\" data-image-title=\"navod_adminbar_left_WP\" data-image-description=\"\" data-image-caption=\"\" data-large-file=\"https:\/\/i0.wp.com\/sovamm.cz\/wordpress\/wp-content\/uploads\/2016\/10\/navod_adminbar_left_WP.jpg?fit=35%2C32&amp;ssl=1\" class=\"alignleft wp-image-298 size-full\" src=\"https:\/\/i0.wp.com\/sovamm.cz\/wordpress\/wp-content\/uploads\/2016\/10\/navod_adminbar_left_WP.jpg?resize=35%2C32\" alt=\"navod_adminbar_left_WP\" width=\"35\" height=\"32\" \/> Logo WordPressu<\/strong> \u2013 odkaz na ofici\u00e1ln\u00ed str\u00e1nky WordPressu.<\/li>\n<li><strong><img data-recalc-dims=\"1\" loading=\"lazy\" decoding=\"async\" data-attachment-id=\"299\" data-permalink=\"https:\/\/sovamm.cz\/wordpress\/navody\/blog-aneb-blok-sovpis\/vyhrazena-cast\/navod_adminbar_left_sovpis_i\/\" data-orig-file=\"https:\/\/i0.wp.com\/sovamm.cz\/wordpress\/wp-content\/uploads\/2016\/10\/navod_adminbar_left_SOVPIS_i.jpg?fit=80%2C32&amp;ssl=1\" data-orig-size=\"80,32\" data-comments-opened=\"1\" data-image-meta=\"{&quot;aperture&quot;:&quot;0&quot;,&quot;credit&quot;:&quot;&quot;,&quot;camera&quot;:&quot;&quot;,&quot;caption&quot;:&quot;&quot;,&quot;created_timestamp&quot;:&quot;0&quot;,&quot;copyright&quot;:&quot;&quot;,&quot;focal_length&quot;:&quot;0&quot;,&quot;iso&quot;:&quot;0&quot;,&quot;shutter_speed&quot;:&quot;0&quot;,&quot;title&quot;:&quot;&quot;,&quot;orientation&quot;:&quot;0&quot;}\" data-image-title=\"navod_adminbar_left_SOVPIS_i\" data-image-description=\"\" data-image-caption=\"\" data-large-file=\"https:\/\/i0.wp.com\/sovamm.cz\/wordpress\/wp-content\/uploads\/2016\/10\/navod_adminbar_left_SOVPIS_i.jpg?fit=80%2C32&amp;ssl=1\" class=\"size-full wp-image-299 alignleft\" src=\"https:\/\/i0.wp.com\/sovamm.cz\/wordpress\/wp-content\/uploads\/2016\/10\/navod_adminbar_left_SOVPIS_i.jpg?resize=80%2C32\" alt=\"navod_adminbar_left_SOVPIS_i\" width=\"80\" height=\"32\" \/> N\u00e1zev webu<\/strong> \u2013 v&nbsp;na\u0161em p\u0159\u00edpad\u011b \u201eSOVPIS\u201c. To\u00a0 jest z\u00e1rove\u0148 odkaz na ve\u0159ejnou \u010d\u00e1st webu, a&nbsp;<strong><img data-recalc-dims=\"1\" loading=\"lazy\" decoding=\"async\" data-attachment-id=\"300\" data-permalink=\"https:\/\/sovamm.cz\/wordpress\/navody\/blog-aneb-blok-sovpis\/vyhrazena-cast\/navod_adminbar_left_sovpis_e\/\" data-orig-file=\"https:\/\/i0.wp.com\/sovamm.cz\/wordpress\/wp-content\/uploads\/2016\/10\/navod_adminbar_left_SOVPIS_e.jpg?fit=82%2C33&amp;ssl=1\" data-orig-size=\"82,33\" data-comments-opened=\"1\" data-image-meta=\"{&quot;aperture&quot;:&quot;0&quot;,&quot;credit&quot;:&quot;&quot;,&quot;camera&quot;:&quot;&quot;,&quot;caption&quot;:&quot;&quot;,&quot;created_timestamp&quot;:&quot;0&quot;,&quot;copyright&quot;:&quot;&quot;,&quot;focal_length&quot;:&quot;0&quot;,&quot;iso&quot;:&quot;0&quot;,&quot;shutter_speed&quot;:&quot;0&quot;,&quot;title&quot;:&quot;&quot;,&quot;orientation&quot;:&quot;0&quot;}\" data-image-title=\"navod_adminbar_left_SOVPIS_e\" data-image-description=\"\" data-image-caption=\"\" data-large-file=\"https:\/\/i0.wp.com\/sovamm.cz\/wordpress\/wp-content\/uploads\/2016\/10\/navod_adminbar_left_SOVPIS_e.jpg?fit=82%2C33&amp;ssl=1\" class=\"size-full wp-image-300 alignleft\" src=\"https:\/\/i0.wp.com\/sovamm.cz\/wordpress\/wp-content\/uploads\/2016\/10\/navod_adminbar_left_SOVPIS_e.jpg?resize=82%2C33\" alt=\"navod_adminbar_left_SOVPIS_e\" width=\"82\" height=\"33\" \/><\/strong>naopak ve ve\u0159ejn\u00e9 \u010d\u00e1sti je to odkaz do \u010d\u00e1sti vyhrazen\u00e9. Pokud se tedy pot\u0159ebujete p\u0159epnout z&nbsp;ve\u0159ejn\u00e9 do neve\u0159ejn\u00e9 \u010d\u00e1sti, je to zde.<\/li>\n<li><strong><img data-recalc-dims=\"1\" loading=\"lazy\" decoding=\"async\" data-attachment-id=\"301\" data-permalink=\"https:\/\/sovamm.cz\/wordpress\/navody\/blog-aneb-blok-sovpis\/vyhrazena-cast\/navod_adminbar_left_coment\/\" data-orig-file=\"https:\/\/i0.wp.com\/sovamm.cz\/wordpress\/wp-content\/uploads\/2016\/10\/navod_adminbar_left_coment.jpg?fit=44%2C32&amp;ssl=1\" data-orig-size=\"44,32\" data-comments-opened=\"1\" data-image-meta=\"{&quot;aperture&quot;:&quot;0&quot;,&quot;credit&quot;:&quot;&quot;,&quot;camera&quot;:&quot;&quot;,&quot;caption&quot;:&quot;&quot;,&quot;created_timestamp&quot;:&quot;0&quot;,&quot;copyright&quot;:&quot;&quot;,&quot;focal_length&quot;:&quot;0&quot;,&quot;iso&quot;:&quot;0&quot;,&quot;shutter_speed&quot;:&quot;0&quot;,&quot;title&quot;:&quot;&quot;,&quot;orientation&quot;:&quot;0&quot;}\" data-image-title=\"navod_adminbar_left_coment\" data-image-description=\"\" data-image-caption=\"\" data-large-file=\"https:\/\/i0.wp.com\/sovamm.cz\/wordpress\/wp-content\/uploads\/2016\/10\/navod_adminbar_left_coment.jpg?fit=44%2C32&amp;ssl=1\" class=\"size-full wp-image-301 alignleft\" src=\"https:\/\/i0.wp.com\/sovamm.cz\/wordpress\/wp-content\/uploads\/2016\/10\/navod_adminbar_left_coment.jpg?resize=44%2C32\" alt=\"navod_adminbar_left_coment\" width=\"44\" height=\"32\" \/> Informace o&nbsp;koment\u00e1\u0159\u00edch<\/strong> \u2013 n\u00e1\u0161 web obsahuje p\u0159\u00edsp\u011bvky, ke kter\u00fdm mohou (prozat\u00edm jen) registrovan\u00ed u\u017eivatel\u00e9 p\u0159id\u00e1vat koment\u00e1\u0159e. Kliknut\u00edm na ikonu se u\u017eivatel dostane do sekce Koment\u00e1\u0159e.<\/li>\n<li><strong><img data-recalc-dims=\"1\" loading=\"lazy\" decoding=\"async\" data-attachment-id=\"302\" data-permalink=\"https:\/\/sovamm.cz\/wordpress\/navody\/blog-aneb-blok-sovpis\/vyhrazena-cast\/navod_adminbar_left_akce\/\" data-orig-file=\"https:\/\/i0.wp.com\/sovamm.cz\/wordpress\/wp-content\/uploads\/2016\/10\/navod_adminbar_left_akce.jpg?fit=62%2C32&amp;ssl=1\" data-orig-size=\"62,32\" data-comments-opened=\"1\" data-image-meta=\"{&quot;aperture&quot;:&quot;0&quot;,&quot;credit&quot;:&quot;&quot;,&quot;camera&quot;:&quot;&quot;,&quot;caption&quot;:&quot;&quot;,&quot;created_timestamp&quot;:&quot;0&quot;,&quot;copyright&quot;:&quot;&quot;,&quot;focal_length&quot;:&quot;0&quot;,&quot;iso&quot;:&quot;0&quot;,&quot;shutter_speed&quot;:&quot;0&quot;,&quot;title&quot;:&quot;&quot;,&quot;orientation&quot;:&quot;0&quot;}\" data-image-title=\"navod_adminbar_left_akce\" data-image-description=\"\" data-image-caption=\"\" data-large-file=\"https:\/\/i0.wp.com\/sovamm.cz\/wordpress\/wp-content\/uploads\/2016\/10\/navod_adminbar_left_akce.jpg?fit=62%2C32&amp;ssl=1\" class=\"size-full wp-image-302 alignleft\" src=\"https:\/\/i0.wp.com\/sovamm.cz\/wordpress\/wp-content\/uploads\/2016\/10\/navod_adminbar_left_akce.jpg?resize=62%2C32\" alt=\"navod_adminbar_left_akce\" width=\"62\" height=\"32\" \/> Akce<\/strong> \u2013 najet\u00ed my\u0161\u00ed na <strong>+ Akce<\/strong> rozbal\u00ed rychlou nab\u00eddku odkaz\u016f na <span style=\"text-decoration: underline;\">vytvo\u0159en\u00ed nov\u00e9ho p\u0159\u00edsp\u011bvku, nahr\u00e1n\u00ed souboru do mediat\u00e9ky WP<\/span>, vytvo\u0159en\u00ed nov\u00e9 akce kalend\u00e1\u0159e. U\u017eivatel tak nemus\u00ed p\u0159ech\u00e1zet do odpov\u00eddaj\u00edc\u00edch sekc\u00ed administrace, pat\u0159i\u010dn\u00fd odkaz m\u00e1 hned po&nbsp;ruce i&nbsp;na ve\u0159ejn\u00e9 \u010d\u00e1sti webu.<\/li>\n<li><img data-recalc-dims=\"1\" loading=\"lazy\" decoding=\"async\" data-attachment-id=\"303\" data-permalink=\"https:\/\/sovamm.cz\/wordpress\/navody\/blog-aneb-blok-sovpis\/vyhrazena-cast\/navod_adminbar_left_calend\/\" data-orig-file=\"https:\/\/i0.wp.com\/sovamm.cz\/wordpress\/wp-content\/uploads\/2016\/10\/navod_adminbar_left_calend.jpg?fit=68%2C32&amp;ssl=1\" data-orig-size=\"68,32\" data-comments-opened=\"1\" data-image-meta=\"{&quot;aperture&quot;:&quot;0&quot;,&quot;credit&quot;:&quot;&quot;,&quot;camera&quot;:&quot;&quot;,&quot;caption&quot;:&quot;&quot;,&quot;created_timestamp&quot;:&quot;0&quot;,&quot;copyright&quot;:&quot;&quot;,&quot;focal_length&quot;:&quot;0&quot;,&quot;iso&quot;:&quot;0&quot;,&quot;shutter_speed&quot;:&quot;0&quot;,&quot;title&quot;:&quot;&quot;,&quot;orientation&quot;:&quot;0&quot;}\" data-image-title=\"navod_adminbar_left_calend\" data-image-description=\"\" data-image-caption=\"\" data-large-file=\"https:\/\/i0.wp.com\/sovamm.cz\/wordpress\/wp-content\/uploads\/2016\/10\/navod_adminbar_left_calend.jpg?fit=68%2C32&amp;ssl=1\" class=\"size-full wp-image-303 alignleft\" src=\"https:\/\/i0.wp.com\/sovamm.cz\/wordpress\/wp-content\/uploads\/2016\/10\/navod_adminbar_left_calend.jpg?resize=68%2C32\" alt=\"navod_adminbar_left_calend\" width=\"68\" height=\"32\" \/> <strong>Akce kalend\u00e1\u0159e<\/strong> &#8211; najet\u00ed my\u0161\u00ed na tento odkaz rozbal\u00ed nab\u00eddku odkaz\u016f kalend\u00e1\u0159e, kter\u00e9 umo\u017e\u0148uj\u00ed: zobrazit kalend\u00e1\u0159, vytvo\u0159it akci nebo upravit akci.<\/li>\n<\/ul>\n<p>V prav\u00e9m horn\u00edm rohu pak na horn\u00ed \u010dern\u00e9 li\u0161t\u011b vid\u00edte informace o&nbsp;p\u0159ihl\u00e1\u0161en\u00e9m u\u017eivateli: <img data-recalc-dims=\"1\" loading=\"lazy\" decoding=\"async\" data-attachment-id=\"308\" data-permalink=\"https:\/\/sovamm.cz\/wordpress\/navody\/blog-aneb-blok-sovpis\/vyhrazena-cast\/navod_adminbar_right\/\" data-orig-file=\"https:\/\/i0.wp.com\/sovamm.cz\/wordpress\/wp-content\/uploads\/2016\/10\/navod_adminbar_right.jpg?fit=309%2C32&amp;ssl=1\" data-orig-size=\"309,32\" data-comments-opened=\"1\" data-image-meta=\"{&quot;aperture&quot;:&quot;0&quot;,&quot;credit&quot;:&quot;&quot;,&quot;camera&quot;:&quot;&quot;,&quot;caption&quot;:&quot;&quot;,&quot;created_timestamp&quot;:&quot;0&quot;,&quot;copyright&quot;:&quot;&quot;,&quot;focal_length&quot;:&quot;0&quot;,&quot;iso&quot;:&quot;0&quot;,&quot;shutter_speed&quot;:&quot;0&quot;,&quot;title&quot;:&quot;&quot;,&quot;orientation&quot;:&quot;0&quot;}\" data-image-title=\"navod_adminbar_right\" data-image-description=\"\" data-image-caption=\"\" data-large-file=\"https:\/\/i0.wp.com\/sovamm.cz\/wordpress\/wp-content\/uploads\/2016\/10\/navod_adminbar_right.jpg?fit=309%2C32&amp;ssl=1\" class=\"alignnone size-medium wp-image-308\" src=\"https:\/\/i0.wp.com\/sovamm.cz\/wordpress\/wp-content\/uploads\/2016\/10\/navod_adminbar_right-300x31.jpg?resize=300%2C31\" alt=\"navod_adminbar_right\" width=\"300\" height=\"31\" srcset=\"https:\/\/i0.wp.com\/sovamm.cz\/wordpress\/wp-content\/uploads\/2016\/10\/navod_adminbar_right.jpg?resize=300%2C31&amp;ssl=1 300w, https:\/\/i0.wp.com\/sovamm.cz\/wordpress\/wp-content\/uploads\/2016\/10\/navod_adminbar_right.jpg?w=309&amp;ssl=1 309w\" sizes=\"auto, (max-width: 300px) 100vw, 300px\" \/>. , Ve vysouvac\u00edm podmenu se zde skr\u00fdv\u00e1 odkaz do u\u017eivatelsk\u00e9ho profilu a&nbsp;pro odhl\u00e1\u0161en\u00ed.<\/p>\n<h1>N\u00e1st\u011bnka<\/h1>\n<p>Pokud jste se p\u0159epnuli nebo p\u0159\u00edmo p\u0159ihl\u00e1sili do vyhrazen\u00e9 \u010d\u00e1sti webu, uvid\u00edte tzv.&nbsp;N\u00e1st\u011bnku:<\/p>\n<p><a href=\"https:\/\/i0.wp.com\/sovamm.cz\/wordpress\/wp-content\/uploads\/2016\/10\/navod_nastenka_01.jpg\"><img data-recalc-dims=\"1\" loading=\"lazy\" decoding=\"async\" data-attachment-id=\"307\" data-permalink=\"https:\/\/sovamm.cz\/wordpress\/navody\/blog-aneb-blok-sovpis\/vyhrazena-cast\/navod_nastenka_01\/\" data-orig-file=\"https:\/\/i0.wp.com\/sovamm.cz\/wordpress\/wp-content\/uploads\/2016\/10\/navod_nastenka_01.jpg?fit=1604%2C1051&amp;ssl=1\" data-orig-size=\"1604,1051\" data-comments-opened=\"1\" data-image-meta=\"{&quot;aperture&quot;:&quot;0&quot;,&quot;credit&quot;:&quot;&quot;,&quot;camera&quot;:&quot;&quot;,&quot;caption&quot;:&quot;&quot;,&quot;created_timestamp&quot;:&quot;0&quot;,&quot;copyright&quot;:&quot;&quot;,&quot;focal_length&quot;:&quot;0&quot;,&quot;iso&quot;:&quot;0&quot;,&quot;shutter_speed&quot;:&quot;0&quot;,&quot;title&quot;:&quot;&quot;,&quot;orientation&quot;:&quot;0&quot;}\" data-image-title=\"navod_nastenka_01\" data-image-description=\"\" data-image-caption=\"\" data-large-file=\"https:\/\/i0.wp.com\/sovamm.cz\/wordpress\/wp-content\/uploads\/2016\/10\/navod_nastenka_01.jpg?fit=474%2C311&amp;ssl=1\" class=\"aligncenter wp-image-307\" src=\"https:\/\/i0.wp.com\/sovamm.cz\/wordpress\/wp-content\/uploads\/2016\/10\/navod_nastenka_01-300x197.jpg?resize=474%2C310\" alt=\"navod_nastenka_01\" width=\"474\" height=\"310\" srcset=\"https:\/\/i0.wp.com\/sovamm.cz\/wordpress\/wp-content\/uploads\/2016\/10\/navod_nastenka_01.jpg?resize=300%2C197&amp;ssl=1 300w, https:\/\/i0.wp.com\/sovamm.cz\/wordpress\/wp-content\/uploads\/2016\/10\/navod_nastenka_01.jpg?resize=768%2C503&amp;ssl=1 768w, https:\/\/i0.wp.com\/sovamm.cz\/wordpress\/wp-content\/uploads\/2016\/10\/navod_nastenka_01.jpg?resize=1024%2C671&amp;ssl=1 1024w, https:\/\/i0.wp.com\/sovamm.cz\/wordpress\/wp-content\/uploads\/2016\/10\/navod_nastenka_01.jpg?w=1604&amp;ssl=1 1604w, https:\/\/i0.wp.com\/sovamm.cz\/wordpress\/wp-content\/uploads\/2016\/10\/navod_nastenka_01.jpg?w=948&amp;ssl=1 948w, https:\/\/i0.wp.com\/sovamm.cz\/wordpress\/wp-content\/uploads\/2016\/10\/navod_nastenka_01.jpg?w=1422&amp;ssl=1 1422w\" sizes=\"auto, (max-width: 474px) 100vw, 474px\" \/><\/a>Ta obsahuje v&nbsp;hlavn\u00ed \u010d\u00e1sti str\u00e1nky bloky s&nbsp;r\u016fzn\u00fdmi informacemi (aktu\u00e1ln\u00ed p\u0159ehled po\u010dtu str\u00e1nek a&nbsp;p\u0159\u00edsp\u011bvk\u016f, aktivity \u2013 posledn\u00ed publikovan\u00e9 p\u0159\u00edsp\u011bvky, mo\u017enost rychl\u00e9ho ulo\u017een\u00ed konceptu p\u0159\u00edsp\u011bvku\u2026). Pokud n\u011bco z&nbsp;toho, co na n\u00e1st\u011bnce vid\u00edte vid\u011bt nechcete nebo naopak chcete n\u011bco doplnit, m\u00e1te mo\u017enost v&nbsp;<strong>Nastaven zobrazen\u00fdch informac\u00ed<\/strong> na str\u00e1nce n\u00e1st\u011bnky vpravo naho\u0159e. Tuto mo\u017enost m\u00e1te i&nbsp;u&nbsp;dal\u0161\u00edch n\u00ed\u017ee uveden\u00fdch z\u00e1kladn\u00edch sekc\u00ed. <strong>N\u00e1pov\u011bdu WP<\/strong> najdete na ka\u017ed\u00e9 str\u00e1nce vyhrazen\u00e9 \u010d\u00e1sti webu zcela vpravo naho\u0159e pod informac\u00ed o&nbsp;p\u0159ihl\u00e1\u0161en\u00e9m u\u017eivateli.<\/p>\n<p>Nejd\u016fle\u017eit\u011bj\u0161\u00ed \u010d\u00e1st\u00ed je ov\u0161em:<\/p>\n<h2>Lev\u00fd sloupec s&nbsp;navigac\u00ed<\/h2>\n<p>J\u00edm vstupujete do z\u00e1kladn\u00edch sekc\u00ed:<\/p>\n<ul>\n<li><strong>P\u0159\u00edsp\u011bvky<\/strong> &#8211; tj.&nbsp;aktuality \u010di&nbsp;novinky, \u010dl\u00e1nky, \u00a0blogov\u00e9 z\u00e1pisky. Publikovan\u00fd p\u0159\u00edsp\u011bvek se v&nbsp;p\u0159ehledu za\u0159ad\u00ed na prvn\u00ed m\u00edsto, a&nbsp;v\u0161echny ostatn\u00ed odsune n\u00ed\u017ee. Nejaktu\u00e1ln\u011bj\u0161\u00ed jsou tedy naho\u0159e; mohou v\u0161ak b\u00fdt vyhled\u00e1ny z&nbsp;archivu podle data nebo za\u0159azen\u00ed do rubriky \u010di&nbsp;\u0161t\u00edtku (tagu). Spolupracovn\u00edk SOPVIS m\u00e1 v&nbsp;sekci P\u0159\u00edsp\u011bvk\u016f dostupn\u00fd odkaz na P\u0159ehled p\u0159\u00edsp\u011bvk\u016f a&nbsp;Vytvo\u0159en\u00ed p\u0159\u00edsp\u011bvku. Podrobn\u011bj\u0161\u00ed informace najdete v&nbsp;\u010dl\u00e1nku <a href=\"http:\/\/sovamm.cz\/wordpress\/navody\/blog-aneb-blok-sovpis\/jak-napsat-prispevek\/\">Jak na(psat) p\u0159\u00edsp\u011bvek<\/a>.<\/li>\n<li><strong>Str\u00e1nky<\/strong> &#8211; tj.&nbsp;m\u00edsto pro zve\u0159ejn\u011bn\u00ed kl\u00ed\u010dov\u00fdch informac\u00ed, kter\u00e9 by m\u011bl m\u00edt n\u00e1v\u0161t\u011bvn\u00edk nebo spolupracovn\u00edk SOVPIS pokud mo\u017eno rychle a&nbsp;p\u0159ehledn\u011b k&nbsp;dispozici. Odkazy na str\u00e1nky se objevuj\u00ed v&nbsp;menu nebo mohou b\u00fdt vlo\u017eeny do textu jin\u00e9 str\u00e1nky nebo p\u0159\u00edsp\u011bvku. Sekce pro vytv\u00e1\u0159en\u00ed a&nbsp;spr\u00e1vu str\u00e1nek nen\u00ed b\u011b\u017en\u00e9mu u\u017eivateli (spolupracovn\u00edkovi SOVPIS) p\u0159\u00edtupn\u00e1. Ke str\u00e1nk\u00e1m diskusn\u00edm v\u0161ak m\u016f\u017ee p\u0159id\u00e1vat koment\u00e1\u0159e.<\/li>\n<li><strong>Akce<\/strong> &#8211; tj.&nbsp;sekce akc\u00ed kalend\u00e1\u0159e. Pou\u017e\u00edv\u00e1me pro tento \u00fa\u010del plugin (roz\u0161\u00ed\u0159en\u00ed WP) <a href=\"https:\/\/wordpress.org\/plugins\/the-events-calendar\/\" target=\"_blank\" rel=\"noopener\">The Events Caledar<\/a> od MODERN TRIBE. Podrobn\u00e9 n\u00e1vody v&nbsp;angli\u010dtin\u011b jsou dostupn\u00e9 online ve <a href=\"https:\/\/theeventscalendar.com\/knowledgebase\/new-user-primer-the-events-calendar-and-events-calendar-pro\/?utm_medium=plugin-tec&amp;utm_source=helptab&amp;utm_campaign=in-app\" target=\"_blank\" rel=\"noopener\">znalostn\u00ed b\u00e1zi<\/a>. Pro spolupracovn\u00edky SOVPIS rovn\u011b\u017e p\u0159iprav\u00edme stru\u010dn\u00fd n\u00e1vod v&nbsp;\u010de\u0161tin\u011b. V&nbsp;sekci maj\u00ed dostupn\u00fd p\u0159ehled akc\u00ed, vyt\u0159en\u00ed nov\u00e9 akce, m\u00edsta kon\u00e1n\u00ed a&nbsp;po\u0159adatele. Akce se edituje podobn\u011b jako p\u0159\u00edsp\u011bvek, aby se spr\u00e1vn\u011b zobrazila v&nbsp;kalend\u00e1\u0159i je v\u0161ak t\u0159eba minim\u00e1ln\u011b ur\u010dit \u010das kon\u00e1n\u00ed. Na str\u00e1nky SOVPISu p\u0159irozen\u011b pat\u0159\u00ed pouze akce bezrpost\u0159edn\u011b se SOVPISu t\u00fdkaj\u00edc\u00ed&#8230;<\/li>\n<li><strong>M\u00e9dia<\/strong> &#8211; v&nbsp;sekci M\u00e9dia jsou sjednoceny v\u0161echny obr\u00e1zky, fotky i&nbsp;soubory a&nbsp;dokumenty, kter\u00e9 je pot\u0159eba na web nahr\u00e1t. Spulupracovn\u00edk SOVPIS m\u00e1 p\u0159\u00edstup do Knihovny m\u00e9di\u00ed a&nbsp;m\u016f\u017ee do n\u00ed nahr\u00e1vat. POZOR! Pat\u0159\u00ed sem pouze dokumenty pot\u0159ebn\u00e9 pro ilustrov\u00e1n\u00ed p\u0159\u00edsp\u011bvk\u016f, kter\u00e9 nejsou ulo\u017eeny na prim\u00e1rn\u00edm \u00falo\u017ei\u0161ti SOVPIS nebo v&nbsp;MIS. Podrobn\u011bj\u0161\u00ed informace najdete v&nbsp;p\u0159ipravovan\u00e9m \u010dl\u00e1nku Jak ilustrovat p\u0159\u00edsp\u011bvek.<\/li>\n<li><strong>Koment\u00e1\u0159e<\/strong> &#8211; spolupracovn\u00edk SOVPIS najde v&nbsp;t\u00e9to sekci p\u0159ehled koment\u00e1\u0159\u016f.<\/li>\n<li><strong>Profil<\/strong> &#8211; odkaz do u\u017eivatelsk\u00e9ho profilu, kde p\u0159ihl\u00e1\u0161en\u00fd u\u017eivatel m\u016f\u017ee editovat informace o&nbsp;sv\u00e9 osob\u011b, vybrat barevn\u00e9 schema pro vnit\u0159n\u00ed \u010d\u00e1st webu, zm\u011bnit svoje p\u0159\u00edstupov\u00e9 heslo atd.<\/li>\n<li><strong>N\u00e1stroje<\/strong> &#8211; Spolupracovn\u00edci maj\u00ed dostupn\u00e1\u00fd n\u00e1stroj Press this, kter\u00fd umo\u017e\u0148uje jednodu\u0161e z\u00edskat text, obr\u00e1zky a&nbsp;videa z&nbsp;prohl\u00ed\u017een\u00fdch internetov\u00fdch str\u00e1nek. Pou\u017e\u00edvejte s&nbsp;rozvahou a&nbsp;p\u0159edev\u0161\u00edm s&nbsp;ohledem na autrsk\u00e1 pr\u00e1va.<\/li>\n<\/ul>\n<ul>\n<li style=\"text-align: right;\"><a href=\"http:\/\/sovamm.cz\/wordpress\/navody\/blog-aneb-blok-sovpis\/\">Hlavn\u00ed str\u00e1nka n\u00e1vod\u016f ke str\u00e1nk\u00e1m a&nbsp;blogu\/bloku SOVPIS \u2192<\/a><\/li>\n<\/ul>\n<p>&nbsp;<\/p>\n<p>Aktualizov\u00e1no: <span class=\"last-modified-timestamp\">30\/12\/2017 00:59<\/span><\/p>\n","protected":false},"excerpt":{"rendered":"<p>Po \u00fasp\u011b\u0161n\u00e9m p\u0159ihl\u00e1\u0161en\u00ed do vyhrazen\u00e9 \u010d\u00e1sti str\u00e1nek SOVPIS uvid\u00edte standardn\u00ed rozhran\u00ed webu b\u011b\u017e\u00edc\u00edho na redak\u010dn\u00edm syst\u00e9mu WordPress. To, co z&nbsp;n\u011bj konkretn\u011b budete m\u00edt dostupn\u00e9, z\u00e1le\u017e\u00ed na Va\u0161ich u\u017eivatelsk\u00fdch pr\u00e1vech. (Popisujeme &hellip; <a href=\"https:\/\/sovamm.cz\/wordpress\/navody\/blog-aneb-blok-sovpis\/vyhrazena-cast\/\" class=\"more-link\">Pokra\u010dov\u00e1n\u00ed textu <span class=\"screen-reader-text\">Jak ve vyhrazen\u00e9 \u010d\u00e1sti<\/span> <span class=\"meta-nav\">&rarr;<\/span><\/a><\/p>\n","protected":false},"author":1,"featured_media":0,"parent":267,"menu_order":0,"comment_status":"closed","ping_status":"closed","template":"","meta":{"jetpack_post_was_ever_published":false,"footnotes":""},"class_list":["post-289","page","type-page","status-publish","hentry"],"jetpack_shortlink":"https:\/\/wp.me\/P8dB8l-4F","jetpack_sharing_enabled":true,"_links":{"self":[{"href":"https:\/\/sovamm.cz\/wordpress\/wp-json\/wp\/v2\/pages\/289","targetHints":{"allow":["GET"]}}],"collection":[{"href":"https:\/\/sovamm.cz\/wordpress\/wp-json\/wp\/v2\/pages"}],"about":[{"href":"https:\/\/sovamm.cz\/wordpress\/wp-json\/wp\/v2\/types\/page"}],"author":[{"embeddable":true,"href":"https:\/\/sovamm.cz\/wordpress\/wp-json\/wp\/v2\/users\/1"}],"replies":[{"embeddable":true,"href":"https:\/\/sovamm.cz\/wordpress\/wp-json\/wp\/v2\/comments?post=289"}],"version-history":[{"count":0,"href":"https:\/\/sovamm.cz\/wordpress\/wp-json\/wp\/v2\/pages\/289\/revisions"}],"up":[{"embeddable":true,"href":"https:\/\/sovamm.cz\/wordpress\/wp-json\/wp\/v2\/pages\/267"}],"wp:attachment":[{"href":"https:\/\/sovamm.cz\/wordpress\/wp-json\/wp\/v2\/media?parent=289"}],"curies":[{"name":"wp","href":"https:\/\/api.w.org\/{rel}","templated":true}]}}