{"id":2886,"date":"2020-01-07T00:22:34","date_gmt":"2020-01-06T23:22:34","guid":{"rendered":"https:\/\/www.sovamm.cz\/wordpress\/?page_id=2886"},"modified":"2025-03-13T14:39:32","modified_gmt":"2025-03-13T13:39:32","slug":"authors","status":"publish","type":"page","link":"https:\/\/sovamm.cz\/wordpress\/en\/sovpis-2\/authors\/","title":{"rendered":"Authors"},"content":{"rendered":"<p><span class=\"tlid-translation translation\" lang=\"en\"><span class=\"\" title=\"\">List of authors, contributors and collaborators of SOVPIS.<\/span><\/span><\/p>\n\n<table id=\"tablepress-1\" class=\"tablepress tablepress-id-1\">\n<thead>\n<tr class=\"row-1\">\n\t<th class=\"column-1\">kod <\/th><th class=\"column-2\">autor<\/th><th class=\"column-3\">NA NK<\/th><th class=\"column-4\">SOVAMM<\/th><th class=\"column-5\">www<\/th>\n<\/tr>\n<\/thead>\n<tbody class=\"row-striping row-hover\">\n<tr class=\"row-2\">\n\t<td class=\"column-1\">BeH<\/td><td class=\"column-2\"><a href=\"https:\/\/www.sovamm.cz\/wordpress\/sovpis\/autori\/helena-berankova\/\" rel=\"noopener\" target=\"_blank\">Ber\u00e1nkov\u00e1 Helena<\/a><\/td><td class=\"column-3\"><a href=\"https:\/\/aleph.nkp.cz\/F\/?local_base=aut&amp;func=find-c&amp;ccl_term=ica=\tjn20010601359\" target=\"_blank\" rel=\"noopener\">\tjn20010601359<\/a><\/td><td class=\"column-4\"><a href=\"https:\/\/sovamm.wordpress.com\/who-is-who\/helena-berankova\/\" rel=\"noopener\" target=\"_blank\">Who is who<\/a><\/td><td class=\"column-5\"><\/td>\n<\/tr>\n<tr class=\"row-3\">\n\t<td class=\"column-1\">BlJ<\/td><td class=\"column-2\"><a href=\"https:\/\/www.sovamm.cz\/wordpress\/jiri-blaha\/\" target=\"_blank\" rel=\"noopener\">Bl\u00e1ha Ji\u0159\u00ed<\/a><\/td><td class=\"column-3\"><a href=\"https:\/\/aleph.nkp.cz\/F\/?local_base=aut&amp;func=find-c&amp;ccl_term=ica=xx0002003\" target=\"_blank\" rel=\"noopener\">xx0002003<\/a><\/td><td class=\"column-4\">Who is who<\/td><td class=\"column-5\"><\/td>\n<\/tr>\n<tr class=\"row-4\">\n\t<td class=\"column-1\">CeZ<\/td><td class=\"column-2\"><a href=\"http:\/\/sovamm.cz\/wordpress\/autori\/zuzana-cermakova-novakova\/\" target=\"_blank\" rel=\"noopener\">\u010cerm\u00e1kov\u00e1 - Nov\u00e1kov\u00e1 Zuzana<\/a><\/td><td class=\"column-3\"><a href=\"http:\/\/aleph.nkp.cz\/F\/?local_base=aut&amp;func=find-c&amp;ccl_term=ica=mub2016897637\" target=\"_blank\" rel=\"noopener\">mub2016897637<\/a><\/td><td class=\"column-4\"><a href=\"https:\/\/sovamm.wordpress.com\/who-is-who\/zuzana-cermakova-novakova\/\" rel=\"noopener\" target=\"_blank\">Who is who<\/a><\/td><td class=\"column-5\"><\/td>\n<\/tr>\n<tr class=\"row-5\">\n\t<td class=\"column-1\">CeM<\/td><td class=\"column-2\"><a href=\"http:\/\/sovamm.cz\/wordpress\/autori\/martin-cernansky\/\" target=\"_blank\" rel=\"noopener\">\u010cer\u0148ansk\u00fd Martin<\/a><\/td><td class=\"column-3\"><a href=\"http:\/\/aleph.nkp.cz\/F\/?local_base=aut&amp;func=find-c&amp;ccl_term=ica=jx20080414014\" target=\"_blank\" rel=\"noopener\">jx20080414014<\/a><\/td><td class=\"column-4\"><a href=\"https:\/\/sovamm.wordpress.com\/who-is-who\/martin-cernansky\/\" target=\"_blank\" rel=\"noopener\">Who is who<\/a><\/td><td class=\"column-5\"><a href=\"http:\/\/www.lidova-architektura.cz\/\" target=\"_blank\" rel=\"noopener\">Pam\u00e1tky a lidov\u00e1 architektura \u010cR<\/a><\/td>\n<\/tr>\n<tr class=\"row-6\">\n\t<td class=\"column-1\">DlJ<\/td><td class=\"column-2\"><a href=\"http:\/\/sovamm.cz\/wordpress\/autori\/jiri-dluhos\/\" rel=\"noopener\" target=\"_blank\">Dluho\u0161 Ji\u0159\u00ed<\/a><\/td><td class=\"column-3\"><a href=\"http:\/\/aleph.nkp.cz\/F\/?local_base=aut&amp;func=find-c&amp;ccl_term=ica=\txx0253832\" target=\"_blank\" rel=\"noopener\">\txx0253832<\/a><\/td><td class=\"column-4\">Who is who<\/td><td class=\"column-5\"><\/td>\n<\/tr>\n<tr class=\"row-7\">\n\t<td class=\"column-1\">DoP<\/td><td class=\"column-2\"><a href=\"http:\/\/sovamm.cz\/wordpress\/autori\/petr-dostal\/\" target=\"_blank\" rel=\"noopener\">Dost\u00e1l Petr<\/a><\/td><td class=\"column-3\"><a href=\"http:\/\/aleph.nkp.cz\/F\/?local_base=aut&amp;func=find-c&amp;ccl_term=ica=ntka172276\" target=\"_blank\" rel=\"noopener\">ntka172276<\/a><\/td><td class=\"column-4\"><a href=\"https:\/\/sovamm.wordpress.com\/who-is-who\/petr-dostal\/\" rel=\"noopener\" target=\"_blank\">Who is who<\/a><\/td><td class=\"column-5\"><a href=\"http:\/\/www.atelierdostal.cz\/\" target=\"_blank\" rel=\"noopener\">ateli\u00e9r dost\u00e1l<\/a><\/td>\n<\/tr>\n<tr class=\"row-8\">\n\t<td class=\"column-1\">DuA<\/td><td class=\"column-2\">Dunajov\u00e1 Alena<\/td><td class=\"column-3\"><a href=\"http:\/\/aleph.nkp.cz\/F\/?local_base=aut&amp;func=find-c&amp;ccl_term=ica=xx0093169\" target=\"_blank\" rel=\"noopener\">xx0093169<\/a><\/td><td class=\"column-4\">Who is who<\/td><td class=\"column-5\"><\/td>\n<\/tr>\n<tr class=\"row-9\">\n\t<td class=\"column-1\">EfT<\/td><td class=\"column-2\"><a href=\"http:\/\/sovamm.cz\/wordpress\/autori\/tomas-efler\/\" target=\"_blank\" rel=\"noopener\">Efler Tom\u00e1\u0161<\/a><\/td><td class=\"column-3\"><a href=\"http:\/\/aleph.nkp.cz\/F\/?local_base=aut&amp;func=find-c&amp;ccl_term=ica=jx20110524002\" target=\"_blank\" rel=\"noopener\">jx20110524002<\/a><\/td><td class=\"column-4\"><a href=\"https:\/\/sovamm.wordpress.com\/who-is-who\/tomas-efler\/\" target=\"_blank\" rel=\"noopener\">Who is who<\/a><\/td><td class=\"column-5\"><\/td>\n<\/tr>\n<tr class=\"row-10\">\n\t<td class=\"column-1\">HoJ<\/td><td class=\"column-2\">Hoda\u010d Jind\u0159ich<\/td><td class=\"column-3\"><a href=\"http:\/\/aleph.nkp.cz\/F\/?local_base=aut&amp;func=find-c&amp;ccl_term=ica=ntka172578\" target=\"_blank\" rel=\"noopener\">ntka172578<\/a><\/td><td class=\"column-4\">Who is who<\/td><td class=\"column-5\"><\/td>\n<\/tr>\n<tr class=\"row-11\">\n\t<td class=\"column-1\">KlR<\/td><td class=\"column-2\"><a href=\"http:\/\/sovamm.cz\/wordpress\/autori\/ruzena-klementova-doubkova\/\" target=\"_blank\" rel=\"noopener\">Klementov\u00e1 - Doubkov\u00e1 R\u016f\u017eena<\/a><\/td><td class=\"column-3\"><\/td><td class=\"column-4\"><\/td><td class=\"column-5\"><\/td>\n<\/tr>\n<tr class=\"row-12\">\n\t<td class=\"column-1\">KuK<\/td><td class=\"column-2\"><a href=\"http:\/\/sovamm.cz\/wordpress\/autori\/karel-kuca\/\" target=\"_blank\" rel=\"noopener\">Ku\u010da Karel<\/a><\/td><td class=\"column-3\"><a href=\"http:\/\/aleph.nkp.cz\/F\/?local_base=aut&amp;func=find-c&amp;ccl_term=ica=jn20010310024\" target=\"_blank\" rel=\"noopener\">jn20010310024<\/a><\/td><td class=\"column-4\"><a href=\"https:\/\/sovamm.wordpress.com\/who-is-who\/karel-kuca\/\" target=\"_blank\" rel=\"noopener\">Who is who<\/a><\/td><td class=\"column-5\"><\/td>\n<\/tr>\n<tr class=\"row-13\">\n\t<td class=\"column-1\">KuV<\/td><td class=\"column-2\"><a href=\"http:\/\/sovamm.cz\/wordpress\/vera-kucova-voderova\/\" rel=\"noopener\" target=\"_blank\">Ku\u010dov\u00e1 - Vod\u011brov\u00e1 V\u011bra<\/a><\/td><td class=\"column-3\"><a href=\"https:\/\/aleph.nkp.cz\/F\/?local_base=aut&amp;func=find-c&amp;ccl_term=ica=ola2004235605\" rel=\"noopener\" target=\"_blank\">ola2004235605<\/a><\/td><td class=\"column-4\"><\/td><td class=\"column-5\"><\/td>\n<\/tr>\n<tr class=\"row-14\">\n\t<td class=\"column-1\">LeJ<\/td><td class=\"column-2\">Lenoch Jarom\u00edr<\/td><td class=\"column-3\"><a href=\"https:\/\/aleph.nkp.cz\/F\/?local_base=aut&amp;func=find-c&amp;ccl_term=ica=hka2017941029\" rel=\"noopener\" target=\"_blank\">hka2017941029<\/a><\/td><td class=\"column-4\">Who is who<\/td><td class=\"column-5\"><a href=\"http:\/\/www.soupispamatek.com\/\" target=\"_blank\" rel=\"noopener\">Soupis ve\u0161ker\u00fdch pam\u00e1tek v \u010cech\u00e1ch na Morav\u011b a ve Slezsku<\/a><br \/>\n<a href=\"https:\/\/www.atelierlenoch.cz\/\" rel=\"noopener\" target=\"_blank\">Atelier Lenoch<\/a><\/td>\n<\/tr>\n<tr class=\"row-15\">\n\t<td class=\"column-1\">MiD<\/td><td class=\"column-2\">Mi\u010dan David<\/td><td class=\"column-3\"><a href=\"https:\/\/aleph.nkp.cz\/F\/?local_base=aut&amp;func=find-c&amp;ccl_term=ica=\txx0007818\" rel=\"noopener\" target=\"_blank\">\txx0007818<\/a><\/td><td class=\"column-4\">Who is who<\/td><td class=\"column-5\"><\/td>\n<\/tr>\n<tr class=\"row-16\">\n\t<td class=\"column-1\">MuV<\/td><td class=\"column-2\">Musil Vladim\u00edr<\/td><td class=\"column-3\"><\/td><td class=\"column-4\">Who is who<\/td><td class=\"column-5\"><\/td>\n<\/tr>\n<tr class=\"row-17\">\n\t<td class=\"column-1\">PeJ<\/td><td class=\"column-2\"><a href=\"http:\/\/sovamm.cz\/wordpress\/autori\/jan-pesta\/\" target=\"_blank\" rel=\"noopener\">Pe\u0161ta Jan<\/a><\/td><td class=\"column-3\"><a href=\"http:\/\/aleph.nkp.cz\/F\/?local_base=aut&amp;func=find-c&amp;ccl_term=ica=xx0008589\" target=\"_blank\" rel=\"noopener\">xx0008589<\/a><\/td><td class=\"column-4\"><a href=\"https:\/\/sovamm.wordpress.com\/who-is-who\/jan-pesta\/\" target=\"_blank\" rel=\"noopener\">Who is who<\/a><\/td><td class=\"column-5\"><a href=\"http:\/\/www.shp-pesta.cz\/\" target=\"_blank\" rel=\"noopener\">Ing. Arch. Jan Pe\u0161ta - Stavebn\u011b-historick\u00fd pr\u016fzkum<\/a><\/td>\n<\/tr>\n<tr class=\"row-18\">\n\t<td class=\"column-1\">PoJ<\/td><td class=\"column-2\"><a href=\"http:\/\/sovamm.cz\/wordpress\/autori\/jiri-pokorny\/\" target=\"_blank\" rel=\"noopener\">Pokorn\u00fd Ji\u0159\u00ed<\/a><\/td><td class=\"column-3\"><a href=\"http:\/\/aleph.nkp.cz\/F\/?local_base=aut&amp;func=find-c&amp;ccl_term=ica=mzk2008479864\" target=\"_blank\" rel=\"noopener\">mzk2008479864<\/a><\/td><td class=\"column-4\"><a href=\"https:\/\/sovamm.wordpress.com\/who-is-who\/jiri-pokorny\/\" rel=\"noopener\" target=\"_blank\">Who is who<\/a><\/td><td class=\"column-5\"><a href=\"http:\/\/www.lepsipamatky.cz\/\" target=\"_blank\" rel=\"noopener\">Kulturn\u00ed obnova pam\u00e1tek<\/a><\/td>\n<\/tr>\n<tr class=\"row-19\">\n\t<td class=\"column-1\">SyZ<\/td><td class=\"column-2\"><a href=\"http:\/\/sovamm.cz\/wordpress\/autori\/zuzana-syrova-anyzova\/\" target=\"_blank\" rel=\"noopener\">Syrov\u00e1 - An\u00fd\u017eov\u00e1 Zuzana<\/a><\/td><td class=\"column-3\"><a href=\"http:\/\/aleph.nkp.cz\/F\/?local_base=aut&amp;func=find-c&amp;ccl_term=ica=jo2014830043\" target=\"_blank\" rel=\"noopener\">jo2014830043<\/a><\/td><td class=\"column-4\"><a href=\"https:\/\/sovamm.wordpress.com\/who-is-who\/zuzana-syrova-anyzova\/\" target=\"_blank\" rel=\"noopener\">Who is who<\/a><\/td><td class=\"column-5\"><a href=\"http:\/\/sy-sy.synology.me\" target=\"_blank\" rel=\"noopener\">Syrov\u00fd a Syrov\u00e1, architekti<\/a><\/td>\n<\/tr>\n<tr class=\"row-20\">\n\t<td class=\"column-1\">SyJ<\/td><td class=\"column-2\"><a href=\"http:\/\/sovamm.cz\/wordpress\/autori\/jiri-syrovy\/\" target=\"_blank\" rel=\"noopener\">Syrov\u00fd Ji\u0159\u00ed<\/a><\/td><td class=\"column-3\"><a href=\"http:\/\/aleph.nkp.cz\/F\/?local_base=aut&amp;func=find-c&amp;ccl_term=ica=jo2014830041\" target=\"_blank\" rel=\"noopener\">jo2014830041<\/a><\/td><td class=\"column-4\"><a href=\"https:\/\/sovamm.wordpress.com\/who-is-who\/jiri-syrovy\/\" target=\"_blank\" rel=\"noopener\">Who is who<\/a><\/td><td class=\"column-5\"><a href=\"http:\/\/sy-sy.synology.me\" target=\"_blank\" rel=\"noopener\">Syrov\u00fd a Syrov\u00e1, architekti<\/a><\/td>\n<\/tr>\n<tr class=\"row-21\">\n\t<td class=\"column-1\">SeB<\/td><td class=\"column-2\">\u0160eda Bohdan<\/td><td class=\"column-3\"><a href=\"http:\/\/aleph.nkp.cz\/F\/?local_base=aut&amp;func=find-c&amp;ccl_term=ica=\tpag2006371403\" target=\"_blank\" rel=\"noopener\">\tpag2006371403<\/a><\/td><td class=\"column-4\">Who is who<\/td><td class=\"column-5\"><\/td>\n<\/tr>\n<tr class=\"row-22\">\n\t<td class=\"column-1\">SkJ<\/td><td class=\"column-2\"><a href=\"http:\/\/sovamm.cz\/wordpress\/autori\/jiri-skabrada\/\" target=\"_blank\" rel=\"noopener\">\u0160kabrada Ji\u0159\u00ed<\/a><\/td><td class=\"column-3\"><a href=\"http:\/\/aleph.nkp.cz\/F\/?local_base=aut&amp;func=find-c&amp;ccl_term=ica=jn20000620359\" target=\"_blank\" rel=\"noopener\">jn20000620359<\/a><\/td><td class=\"column-4\"><a href=\"https:\/\/sovamm.wordpress.com\/who-is-who\/jiri-skabrada\/\" target=\"_blank\" rel=\"noopener\">Who is who<\/a><\/td><td class=\"column-5\"><\/td>\n<\/tr>\n<tr class=\"row-23\">\n\t<td class=\"column-1\">SvV<\/td><td class=\"column-2\"><a href=\"http:\/\/sovamm.cz\/wordpress\/vilem-svec\/\" rel=\"noopener\" target=\"_blank\">\u0160vec Vil\u00e9m<\/a><\/td><td class=\"column-3\"><a href=\"https:\/\/aleph.nkp.cz\/F\/?local_base=aut&amp;func=find-c&amp;ccl_term=ica=ola2012693608\" rel=\"noopener\" target=\"_blank\">ola2012693608<\/a><\/td><td class=\"column-4\"><a href=\"https:\/\/sovamm.wordpress.com\/vilem-svec\/\" rel=\"noopener\" target=\"_blank\">Who is who<\/a><\/td><td class=\"column-5\"><\/td>\n<\/tr>\n<tr class=\"row-24\">\n\t<td class=\"column-1\">TyR<\/td><td class=\"column-2\"><a href=\"http:\/\/sovamm.cz\/wordpress\/autori\/roman-tykal\/\" target=\"_blank\" rel=\"noopener\">Tykal Roman<\/a><\/td><td class=\"column-3\"><a href=\"http:\/\/aleph.nkp.cz\/F\/?local_base=aut&amp;func=find-c&amp;ccl_term=ica=mzk2002160984\" target=\"_blank\" rel=\"noopener\">mzk2002160984<\/a><\/td><td class=\"column-4\"><a href=\"https:\/\/sovamm.wordpress.com\/who-is-who\/roman-tykal\/\" target=\"_blank\" rel=\"noopener\">Who is who<\/a><\/td><td class=\"column-5\"><\/td>\n<\/tr>\n<tr class=\"row-25\">\n\t<td class=\"column-1\">UrR<\/td><td class=\"column-2\"><a href=\"http:\/\/sovamm.cz\/wordpress\/autori\/radim-urbanek\/\" target=\"_blank\" rel=\"noopener\">Urb\u00e1nek Radim<\/a><\/td><td class=\"column-3\"><a href=\"http:\/\/aleph.nkp.cz\/F\/?local_base=aut&amp;func=find-c&amp;ccl_term=ica=mzk2003175479\" target=\"_blank\" rel=\"noopener\">mzk2003175479<\/a><\/td><td class=\"column-4\"><a href=\"https:\/\/sovamm.wordpress.com\/who-is-who\/radim-urbanek\/\" target=\"_blank\" rel=\"noopener\">Who is who<\/a><\/td><td class=\"column-5\"><a href=\"http:\/\/www.vesnickepamatky.cz\/\" target=\"_blank\" rel=\"noopener\">Radim Urb\u00e1nek<\/a><\/td>\n<\/tr>\n<tr class=\"row-26\">\n\t<td class=\"column-1\">VaF<\/td><td class=\"column-2\">V\u00e1clav\u00edk Franti\u0161ek R.<\/td><td class=\"column-3\"><a href=\"http:\/\/aleph.nkp.cz\/F\/?local_base=aut&amp;func=find-c&amp;ccl_term=ica=\tmzk2014808083\" target=\"_blank\" rel=\"noopener\">\tmzk2014808083<\/a><\/td><td class=\"column-4\"><a href=\"https:\/\/sovamm.wordpress.com\/who-is-who\/frantisek-radek-vaclavik\/\" target=\"_blank\">Who is who<\/a><\/td><td class=\"column-5\"><a href=\"https:\/\/www.fravaclavik.com\/\" target=\"_blank\">fravaclavik.com<\/a><\/td>\n<\/tr>\n<tr class=\"row-27\">\n\t<td class=\"column-1\">VaM<\/td><td class=\"column-2\"><a href=\"http:\/\/sovamm.cz\/wordpress\/autori\/miroslav-valka\/\" target=\"_blank\" rel=\"noopener\">V\u00e1lka Miroslav<\/a><\/td><td class=\"column-3\"><a href=\"http:\/\/aleph.nkp.cz\/F\/?local_base=aut&amp;func=find-c&amp;ccl_term=ica=mzk2006368185\" target=\"_blank\" rel=\"noopener\">mzk2006368185<\/a><\/td><td class=\"column-4\"><a href=\"https:\/\/sovamm.wordpress.com\/who-is-who\/miroslav-valka\/\" rel=\"noopener\" target=\"_blank\">Who is who<\/a><\/td><td class=\"column-5\"><\/td>\n<\/tr>\n<tr class=\"row-28\">\n\t<td class=\"column-1\">VaZ<\/td><td class=\"column-2\"><a href=\"http:\/\/sovamm.cz\/wordpress\/autori\/zuzana-varekova\/\" target=\"_blank\" rel=\"noopener\">Str\u00e1nsk\u00e1 -Va\u0159ekov\u00e1 Zuzana<\/a><\/td><td class=\"column-3\"><a href=\"http:\/\/aleph.nkp.cz\/F\/?local_base=aut&amp;func=find-c&amp;ccl_term=ica=jo2014830047\" target=\"_blank\" rel=\"noopener\">jo2014830047<\/a><\/td><td class=\"column-4\"><a href=\"https:\/\/sovamm.wordpress.com\/who-is-who\/zuzana-stranska-varekova\/\" rel=\"noopener\" target=\"_blank\">Who is who<\/a><\/td><td class=\"column-5\"><\/td>\n<\/tr>\n<tr class=\"row-29\">\n\t<td class=\"column-1\"><\/td><td class=\"column-2\"><\/td><td class=\"column-3\"><\/td><td class=\"column-4\"><\/td><td class=\"column-5\"><\/td>\n<\/tr>\n<\/tbody>\n<\/table>\n\n<p>Updated 2025-01-06 22:29:55<\/p>\n","protected":false},"excerpt":{"rendered":"<p>List of authors, contributors and collaborators of SOVPIS. Updated<\/p>\n","protected":false},"author":24,"featured_media":0,"parent":2948,"menu_order":14,"comment_status":"closed","ping_status":"closed","template":"","meta":{"jetpack_post_was_ever_published":false,"footnotes":""},"class_list":["post-2886","page","type-page","status-publish","hentry"],"jetpack_shortlink":"https:\/\/wp.me\/P8dB8l-Ky","jetpack_sharing_enabled":true,"_links":{"self":[{"href":"https:\/\/sovamm.cz\/wordpress\/wp-json\/wp\/v2\/pages\/2886","targetHints":{"allow":["GET"]}}],"collection":[{"href":"https:\/\/sovamm.cz\/wordpress\/wp-json\/wp\/v2\/pages"}],"about":[{"href":"https:\/\/sovamm.cz\/wordpress\/wp-json\/wp\/v2\/types\/page"}],"author":[{"embeddable":true,"href":"https:\/\/sovamm.cz\/wordpress\/wp-json\/wp\/v2\/users\/24"}],"replies":[{"embeddable":true,"href":"https:\/\/sovamm.cz\/wordpress\/wp-json\/wp\/v2\/comments?post=2886"}],"version-history":[{"count":4,"href":"https:\/\/sovamm.cz\/wordpress\/wp-json\/wp\/v2\/pages\/2886\/revisions"}],"predecessor-version":[{"id":6804,"href":"https:\/\/sovamm.cz\/wordpress\/wp-json\/wp\/v2\/pages\/2886\/revisions\/6804"}],"up":[{"embeddable":true,"href":"https:\/\/sovamm.cz\/wordpress\/wp-json\/wp\/v2\/pages\/2948"}],"wp:attachment":[{"href":"https:\/\/sovamm.cz\/wordpress\/wp-json\/wp\/v2\/media?parent=2886"}],"curies":[{"name":"wp","href":"https:\/\/api.w.org\/{rel}","templated":true}]}}