{"id":275,"date":"2016-10-14T23:46:20","date_gmt":"2016-10-14T21:46:20","guid":{"rendered":"http:\/\/sovamm.cz\/wordpress\/?page_id=275"},"modified":"2017-12-30T00:57:27","modified_gmt":"2017-12-29T23:57:27","slug":"uzivatelska-prava","status":"publish","type":"page","link":"https:\/\/sovamm.cz\/wordpress\/navody\/blog-aneb-blok-sovpis\/uzivatelska-prava\/","title":{"rendered":"U\u017eivatelsk\u00e1 pr\u00e1va"},"content":{"rendered":"<p>V redak\u010dn\u00edm syst\u00e9mu <a href=\"https:\/\/cs.wordpress.org\/\" target=\"_blank\" rel=\"noopener\">WordPress<\/a>, kter\u00fd str\u00e1nky SOVPIS pou\u017e\u00edvaj\u00ed, se u\u017eivatel\u00e9 mohou d\u011blit do n\u011bkolika \u00farovn\u00ed opr\u00e1vn\u011bn\u00ed:<\/p>\n<ul>\n<li><strong>N\u00e1v\u0161t\u011bvn\u00edk<\/strong> \u2013 u\u017eivatel, kter\u00fd m\u016f\u017ee editovat pouze sv\u016fj profil a&nbsp;a&nbsp;ps\u00e1t koment\u00e1\u0159e.<\/li>\n<li><span style=\"text-decoration: underline;\"><strong>Spolupracovn\u00edk<\/strong> \u2013 m\u016f\u017ee ps\u00e1t p\u0159\u00edsp\u011bvky, ale nem\u016f\u017ee je s\u00e1m publikovat a&nbsp;zve\u0159ejnit. To mus\u00ed prov\u00e9st pov\u011b\u0159en\u011bj\u0161\u00ed u\u017eivatel.<\/span><\/li>\n<li><strong>Redaktor<\/strong> \u2013 m\u016f\u017ee ps\u00e1t a&nbsp;upravovat sv\u00e9 vlastn\u00ed p\u0159\u00edsp\u011bvky.<\/li>\n<li><strong>\u0160\u00e9fredaktor<\/strong> \u2013 m\u00e1 opr\u00e1vn\u011bn\u00ed upravovat a&nbsp;publikovat p\u0159\u00edsp\u011bvky v\u0161ech ostatn\u00edch.<\/li>\n<li><strong>Administr\u00e1tor<\/strong> \u2013 m\u00e1 v\u0161echna p\u0159edchoz\u00ed opr\u00e1vn\u011bn\u00ed, m\u016f\u017ee vytv\u00e1\u0159et nov\u00e9 u\u017eivatele; nav\u00edc m\u00e1 pr\u00e1va ke zm\u011bn\u00e1m nastaven\u00ed webu, instalov\u00e1n\u00ed nov\u00fdch plugin\u016f (roz\u0161\u00ed\u0159en\u00ed z\u00e1kladn\u00edch funkc\u00ed WP) a&nbsp;jejich aktualizac\u00ed.<\/li>\n<\/ul>\n<p>V\u00fdchoz\u00ed nastaven\u00ed role pro spolupracovn\u00edka SOVPIS je (jak jinak) <strong>Spolupracovn\u00edk<\/strong>. Mimo to pou\u017e\u00edv\u00e1me plugin pro spr\u00e1vu u\u017eivatel\u016f a&nbsp;jejich rol\u00ed, kter\u00e9 n\u00e1m umo\u017e\u0148uj\u00ed roz\u0161\u00ed\u0159it z\u00e1kladn\u00ed opr\u00e1vn\u011bn\u00ed Spolupracovn\u00edka o&nbsp;nahl\u00ed\u017een\u00ed neve\u0159ejn\u00fdch str\u00e1nek a&nbsp;p\u0159\u00edsp\u011bvk\u016f nebo nahr\u00e1v\u00e1n\u00ed ilustrac\u00ed k&nbsp;nim.<\/p>\n<ul>\n<li style=\"text-align: right;\"><a href=\"http:\/\/sovamm.cz\/wordpress\/navody\/blog-aneb-blok-sovpis\/\">Hlavn\u00ed str\u00e1nka n\u00e1vod\u016f ke str\u00e1nk\u00e1m a&nbsp;blogu\/bloku SOVPIS \u2192<\/a><\/li>\n<\/ul>\n<p>&nbsp;<\/p>\n<p>Aktualizov\u00e1no: <span class=\"last-modified-timestamp\">30\/12\/2017 00:57<\/span><\/p>\n","protected":false},"excerpt":{"rendered":"<p>V redak\u010dn\u00edm syst\u00e9mu WordPress, kter\u00fd str\u00e1nky SOVPIS pou\u017e\u00edvaj\u00ed, se u\u017eivatel\u00e9 mohou d\u011blit do n\u011bkolika \u00farovn\u00ed opr\u00e1vn\u011bn\u00ed: N\u00e1v\u0161t\u011bvn\u00edk \u2013 u\u017eivatel, kter\u00fd m\u016f\u017ee editovat pouze sv\u016fj profil a&nbsp;a&nbsp;ps\u00e1t koment\u00e1\u0159e. Spolupracovn\u00edk \u2013 m\u016f\u017ee &hellip; <a href=\"https:\/\/sovamm.cz\/wordpress\/navody\/blog-aneb-blok-sovpis\/uzivatelska-prava\/\" class=\"more-link\">Pokra\u010dov\u00e1n\u00ed textu <span class=\"screen-reader-text\">U\u017eivatelsk\u00e1 pr\u00e1va<\/span> <span class=\"meta-nav\">&rarr;<\/span><\/a><\/p>\n","protected":false},"author":1,"featured_media":0,"parent":267,"menu_order":0,"comment_status":"closed","ping_status":"closed","template":"","meta":{"jetpack_post_was_ever_published":false,"footnotes":""},"class_list":["post-275","page","type-page","status-publish","hentry"],"jetpack_shortlink":"https:\/\/wp.me\/P8dB8l-4r","jetpack_sharing_enabled":true,"_links":{"self":[{"href":"https:\/\/sovamm.cz\/wordpress\/wp-json\/wp\/v2\/pages\/275","targetHints":{"allow":["GET"]}}],"collection":[{"href":"https:\/\/sovamm.cz\/wordpress\/wp-json\/wp\/v2\/pages"}],"about":[{"href":"https:\/\/sovamm.cz\/wordpress\/wp-json\/wp\/v2\/types\/page"}],"author":[{"embeddable":true,"href":"https:\/\/sovamm.cz\/wordpress\/wp-json\/wp\/v2\/users\/1"}],"replies":[{"embeddable":true,"href":"https:\/\/sovamm.cz\/wordpress\/wp-json\/wp\/v2\/comments?post=275"}],"version-history":[{"count":0,"href":"https:\/\/sovamm.cz\/wordpress\/wp-json\/wp\/v2\/pages\/275\/revisions"}],"up":[{"embeddable":true,"href":"https:\/\/sovamm.cz\/wordpress\/wp-json\/wp\/v2\/pages\/267"}],"wp:attachment":[{"href":"https:\/\/sovamm.cz\/wordpress\/wp-json\/wp\/v2\/media?parent=275"}],"curies":[{"name":"wp","href":"https:\/\/api.w.org\/{rel}","templated":true}]}}