{"id":267,"date":"2016-10-14T22:51:21","date_gmt":"2016-10-14T20:51:21","guid":{"rendered":"http:\/\/sovamm.cz\/wordpress\/?page_id=267"},"modified":"2025-01-05T17:14:01","modified_gmt":"2025-01-05T16:14:01","slug":"blog-aneb-blok-sovpis","status":"publish","type":"page","link":"https:\/\/sovamm.cz\/wordpress\/navody\/blog-aneb-blok-sovpis\/","title":{"rendered":"Str\u00e1nky SOVPIS"},"content":{"rendered":"<p>Str\u00e1nky SOVPIS jsou vytvo\u0159eny pomoc\u00ed redak\u010dn\u00edho syst\u00e9mu WordPress. V\u0161ichni spolupracovn\u00edci a&nbsp;p\u0159isp\u011bvatel\u00e9 SOVPIS by se m\u011bli sezn\u00e1mit minim\u00e1ln\u011b s&nbsp;t\u00edm, jak se na tyto str\u00e1nky p\u0159ihl\u00e1sit, aby mohli nahl\u00ed\u017eet i&nbsp;do vyhrazen\u00e9 \u010d\u00e1sti jejich obsahu. Ostatn\u00ed \u010dl\u00e1nky jsou ur\u010deny p\u0159edev\u0161\u00edm t\u011bm z&nbsp;nich, kdo se pod\u00edlej\u00ed nebo budou pod\u00edlet na obsahu str\u00e1nek sv\u00fdmi p\u0159\u00edsp\u011bvky. Prozat\u00edm zde najdete:<\/p>\n<ul>\n<li><a href=\"http:\/\/sovamm.cz\/wordpress\/jak-se-prihlasit\/\" target=\"_blank\" rel=\"noopener\">Jak se p\u0159ihl\u00e1sit.<\/a><\/li>\n<li><a href=\"http:\/\/sovamm.cz\/wordpress\/navody\/blog-aneb-blok-sovpis\/uzivatelska-prava\/\" target=\"_blank\" rel=\"noopener\">U\u017eivatelsk\u00e1 pr\u00e1va<\/a><\/li>\n<li><a href=\"http:\/\/sovamm.cz\/wordpress\/navody\/blog-aneb-blok-sovpis\/vyhrazena-cast\/\">Jak ve vyhrazen\u00e9 \u010d\u00e1sti<\/a><\/li>\n<li><a href=\"http:\/\/sovamm.cz\/wordpress\/navody\/blog-aneb-blok-sovpis\/jak-napsat-prispevek\/\">Jak na(psat) p\u0159\u00edsp\u011bvek<\/a><\/li>\n<li><a href=\"http:\/\/sovamm.cz\/wordpress\/navody\/blog-aneb-blok-sovpis\/jak-vytvorit-v-prispevku-odkazy\/\">Jak vytvo\u0159it v&nbsp;p\u0159\u00edsp\u011bvku odkazy<\/a><\/li>\n<li><a href=\"http:\/\/sovamm.cz\/wordpress\/navody\/blog-aneb-blok-sovpis\/jak-ilustrovat-prispevek\/\">Jak ilustrovat p\u0159\u00edsp\u011bvek<\/a>\n<ul>\n<li><a href=\"http:\/\/sovamm.cz\/wordpress\/navody\/blog-aneb-blok-sovpis\/jak-ilustrovat-prispevek\/jak-pouzivat-knihovnu-medii\/\">Jak pou\u017e\u00edvat knihovnu m\u00e9di\u00ed<\/a><\/li>\n<li>Jak p\u0159idat n\u00e1hledov\u00fd obr\u00e1zek<\/li>\n<li>Jak vlo\u017eit ilustraci z&nbsp;Photo Station<\/li>\n<li>Jak vlo\u017eit ilustraci z&nbsp;MIS<\/li>\n<\/ul>\n<\/li>\n<\/ul>\n<p>Pozn. <em>S aktualizacemi na vy\u0161\u0161\u00ed verze WordPress v\u0161e nemus\u00ed vypadat stejn\u011b jako v&nbsp;\u010dl\u00e1nc\u00edch n\u00e1vodu nebo b\u00fdt\u00a0 po\u010de\u0161t\u011bno. Zm\u011bny jsou v\u0161ak sp\u00ed\u0161e evolu\u010dn\u00ed, tak\u017ee v\u0161e co pot\u0159ebujete, byste m\u011bli naj\u00edt na sv\u00e9m m\u00edst\u011b&#8230;<\/em><\/p>\n<ul>\n<li><a href=\"https:\/\/sovamm.cz\/wordpress\/navody\/\">Hlavn\u00ed str\u00e1nka n\u00e1vod\u016f \u2192<\/a><\/li>\n<\/ul>\n<p>Aktualizov\u00e1no: <span class=\"last-modified-timestamp\">05\/01\/2025 17:14<\/span><\/p>\n","protected":false},"excerpt":{"rendered":"<p>Str\u00e1nky SOVPIS jsou vytvo\u0159eny pomoc\u00ed redak\u010dn\u00edho syst\u00e9mu WordPress. V\u0161ichni spolupracovn\u00edci a&nbsp;p\u0159isp\u011bvatel\u00e9 SOVPIS by se m\u011bli sezn\u00e1mit minim\u00e1ln\u011b s&nbsp;t\u00edm, jak se na tyto str\u00e1nky p\u0159ihl\u00e1sit, aby mohli nahl\u00ed\u017eet i&nbsp;do vyhrazen\u00e9 \u010d\u00e1sti &hellip; <a href=\"https:\/\/sovamm.cz\/wordpress\/navody\/blog-aneb-blok-sovpis\/\" class=\"more-link\">Pokra\u010dov\u00e1n\u00ed textu <span class=\"screen-reader-text\">Str\u00e1nky SOVPIS<\/span> <span class=\"meta-nav\">&rarr;<\/span><\/a><\/p>\n","protected":false},"author":1,"featured_media":0,"parent":250,"menu_order":1,"comment_status":"closed","ping_status":"closed","template":"","meta":{"jetpack_post_was_ever_published":false,"footnotes":""},"class_list":["post-267","page","type-page","status-publish","hentry"],"jetpack_shortlink":"https:\/\/wp.me\/P8dB8l-4j","jetpack_sharing_enabled":true,"_links":{"self":[{"href":"https:\/\/sovamm.cz\/wordpress\/wp-json\/wp\/v2\/pages\/267","targetHints":{"allow":["GET"]}}],"collection":[{"href":"https:\/\/sovamm.cz\/wordpress\/wp-json\/wp\/v2\/pages"}],"about":[{"href":"https:\/\/sovamm.cz\/wordpress\/wp-json\/wp\/v2\/types\/page"}],"author":[{"embeddable":true,"href":"https:\/\/sovamm.cz\/wordpress\/wp-json\/wp\/v2\/users\/1"}],"replies":[{"embeddable":true,"href":"https:\/\/sovamm.cz\/wordpress\/wp-json\/wp\/v2\/comments?post=267"}],"version-history":[{"count":2,"href":"https:\/\/sovamm.cz\/wordpress\/wp-json\/wp\/v2\/pages\/267\/revisions"}],"predecessor-version":[{"id":6287,"href":"https:\/\/sovamm.cz\/wordpress\/wp-json\/wp\/v2\/pages\/267\/revisions\/6287"}],"up":[{"embeddable":true,"href":"https:\/\/sovamm.cz\/wordpress\/wp-json\/wp\/v2\/pages\/250"}],"wp:attachment":[{"href":"https:\/\/sovamm.cz\/wordpress\/wp-json\/wp\/v2\/media?parent=267"}],"curies":[{"name":"wp","href":"https:\/\/api.w.org\/{rel}","templated":true}]}}