{"id":254,"date":"2016-10-14T22:43:45","date_gmt":"2016-10-14T20:43:45","guid":{"rendered":"http:\/\/sovamm.cz\/wordpress\/?page_id=254"},"modified":"2021-12-30T10:27:03","modified_gmt":"2021-12-30T09:27:03","slug":"jak-se-prihlasit","status":"publish","type":"page","link":"https:\/\/sovamm.cz\/wordpress\/navody\/blog-aneb-blok-sovpis\/jak-se-prihlasit\/","title":{"rendered":"Jak se p\u0159ihl\u00e1sit"},"content":{"rendered":"<p>Str\u00e1nky SOVPIS jsou rozd\u011bleny na dv\u011b \u010d\u00e1sti.<\/p>\n<ol>\n<li><strong>Ve\u0159ejnou \u010d\u00e1st<\/strong> &#8211; vid\u00ed ji kdokoliv, kdo p\u0159ijde na adresu <a href=\"http:\/\/sovamm.cz\/wordpress\/\" target=\"_blank\" rel=\"noopener\">http:\/\/sovamm.cz\/wordpress\/<\/a><\/li>\n<li><strong>Vyhrazenou \u010d\u00e1st<\/strong> &#8211; do n\u00ed maj\u00ed p\u0159\u00edstup pouze registrovan\u00ed u\u017eivatel\u00e9 (p\u0159isp\u011bvatel\u00e9 a&nbsp;spolupracovn\u00edci SOVPIS) s&nbsp;p\u0159\u00edstupov\u00fdm jm\u00e9nem a&nbsp;heslem<\/li>\n<\/ol>\n<p>Pokud u\u017e p\u0159\u00edstupov\u00e9 \u00fadaje m\u00e1te, p\u0159ihla\u0161ovac\u00ed formul\u00e1\u0159 do vyhrazen\u00e9 \u010d\u00e1sti najdete v&nbsp;prav\u00e9m sloupci v&nbsp;odd\u00edle REGISTROVAN\u00cd U\u017dIVATEL\u00c9.<\/p>\n<p><img data-recalc-dims=\"1\" loading=\"lazy\" decoding=\"async\" data-attachment-id=\"258\" data-permalink=\"https:\/\/sovamm.cz\/wordpress\/navody\/blog-aneb-blok-sovpis\/jak-se-prihlasit\/navod_prihlaseni_02\/\" data-orig-file=\"https:\/\/i0.wp.com\/sovamm.cz\/wordpress\/wp-content\/uploads\/2016\/10\/navod_prihlaseni_02.jpg?fit=353%2C373&amp;ssl=1\" data-orig-size=\"353,373\" data-comments-opened=\"1\" data-image-meta=\"{&quot;aperture&quot;:&quot;0&quot;,&quot;credit&quot;:&quot;&quot;,&quot;camera&quot;:&quot;&quot;,&quot;caption&quot;:&quot;&quot;,&quot;created_timestamp&quot;:&quot;0&quot;,&quot;copyright&quot;:&quot;&quot;,&quot;focal_length&quot;:&quot;0&quot;,&quot;iso&quot;:&quot;0&quot;,&quot;shutter_speed&quot;:&quot;0&quot;,&quot;title&quot;:&quot;&quot;,&quot;orientation&quot;:&quot;0&quot;}\" data-image-title=\"navod_prihlaseni_02\" data-image-description=\"\" data-image-caption=\"\" data-large-file=\"https:\/\/i0.wp.com\/sovamm.cz\/wordpress\/wp-content\/uploads\/2016\/10\/navod_prihlaseni_02.jpg?fit=353%2C373&amp;ssl=1\" class=\"size-medium wp-image-258 aligncenter\" src=\"https:\/\/i0.wp.com\/sovamm.cz\/wordpress\/wp-content\/uploads\/2016\/10\/navod_prihlaseni_02-284x300.jpg?resize=284%2C300\" alt=\"navod_prihlaseni_02\" width=\"284\" height=\"300\" srcset=\"https:\/\/i0.wp.com\/sovamm.cz\/wordpress\/wp-content\/uploads\/2016\/10\/navod_prihlaseni_02.jpg?resize=284%2C300&amp;ssl=1 284w, https:\/\/i0.wp.com\/sovamm.cz\/wordpress\/wp-content\/uploads\/2016\/10\/navod_prihlaseni_02.jpg?w=353&amp;ssl=1 353w\" sizes=\"auto, (max-width: 284px) 100vw, 284px\" \/><\/p>\n<p>Obdobn\u00e1 mo\u017enost p\u0159ihl\u00e1\u0161en\u00ed se nab\u00edz\u00ed u&nbsp;p\u0159\u00edsp\u011bvk\u016f a&nbsp;str\u00e1nek, kter\u00e9 jsou ur\u010deny pouze pro vyhrazenou \u010d\u00e1st. To je signalizov\u00e1no textem:<\/p>\n<p>&#8222;Obsah tohoto p\u0159\u00edsp\u011bvku je ur\u010den p\u0159isp\u011bvatel\u016fm a&nbsp;spolupracovn\u00edk\u016fm SOVPIS.<br \/>\nPro jeho zobrazen\u00ed mus\u00edte b\u00fdt p\u0159ihl\u00e1\u0161eni.&#8220;<\/p>\n<p>Formul\u00e1\u0159 pro p\u0159ihl\u00e1\u0161en\u00ed je toto\u017en\u00fd.<\/p>\n<p>Pokud vypln\u00edte \u00fadaje chybn\u011b, dostanete se do\u00a0<a href=\"http:\/\/sovamm.cz\/wordpress\/wp-login.php\" target=\"_blank\" rel=\"noopener\">z\u00e1kladn\u00edho p\u0159ihla\u0161ovac\u00edho formul\u00e1\u0159e WordPressu<\/a>.<\/p>\n<p><img data-recalc-dims=\"1\" loading=\"lazy\" decoding=\"async\" data-attachment-id=\"3865\" data-permalink=\"https:\/\/sovamm.cz\/wordpress\/navody\/blog-aneb-blok-sovpis\/jak-se-prihlasit\/login_01\/\" data-orig-file=\"https:\/\/i0.wp.com\/sovamm.cz\/wordpress\/wp-content\/uploads\/2021\/12\/login_01-e1640855491569.jpg?fit=444%2C560&amp;ssl=1\" data-orig-size=\"444,560\" data-comments-opened=\"1\" data-image-meta=\"{&quot;aperture&quot;:&quot;0&quot;,&quot;credit&quot;:&quot;&quot;,&quot;camera&quot;:&quot;&quot;,&quot;caption&quot;:&quot;&quot;,&quot;created_timestamp&quot;:&quot;0&quot;,&quot;copyright&quot;:&quot;&quot;,&quot;focal_length&quot;:&quot;0&quot;,&quot;iso&quot;:&quot;0&quot;,&quot;shutter_speed&quot;:&quot;0&quot;,&quot;title&quot;:&quot;&quot;,&quot;orientation&quot;:&quot;1&quot;}\" data-image-title=\"login_01\" data-image-description=\"\" data-image-caption=\"\" data-large-file=\"https:\/\/i0.wp.com\/sovamm.cz\/wordpress\/wp-content\/uploads\/2021\/12\/login_01-e1640855491569.jpg?fit=474%2C345&amp;ssl=1\" class=\"size-large wp-image-3865 aligncenter\" src=\"https:\/\/i0.wp.com\/www.sovamm.cz\/wordpress\/wp-content\/uploads\/2021\/12\/login_01-1024x746.jpg?resize=474%2C345&#038;ssl=1\" alt=\"\" width=\"474\" height=\"345\" \/><\/p>\n<p>V n\u011bm zvolte druhou mo\u017enost: p\u0159ihl\u00e1\u0161en\u00ed pomoc\u00ed u\u017eivatelsk\u00e9ho jm\u00e9na a&nbsp;hesla:<\/p>\n<p><img data-recalc-dims=\"1\" loading=\"lazy\" decoding=\"async\" data-attachment-id=\"260\" data-permalink=\"https:\/\/sovamm.cz\/wordpress\/navody\/blog-aneb-blok-sovpis\/jak-se-prihlasit\/navod_prihlaseni_07\/\" data-orig-file=\"https:\/\/i0.wp.com\/sovamm.cz\/wordpress\/wp-content\/uploads\/2016\/10\/navod_prihlaseni_07.jpg?fit=351%2C485&amp;ssl=1\" data-orig-size=\"351,485\" data-comments-opened=\"1\" data-image-meta=\"{&quot;aperture&quot;:&quot;0&quot;,&quot;credit&quot;:&quot;&quot;,&quot;camera&quot;:&quot;&quot;,&quot;caption&quot;:&quot;&quot;,&quot;created_timestamp&quot;:&quot;0&quot;,&quot;copyright&quot;:&quot;&quot;,&quot;focal_length&quot;:&quot;0&quot;,&quot;iso&quot;:&quot;0&quot;,&quot;shutter_speed&quot;:&quot;0&quot;,&quot;title&quot;:&quot;&quot;,&quot;orientation&quot;:&quot;0&quot;}\" data-image-title=\"navod_prihlaseni_07\" data-image-description=\"\" data-image-caption=\"\" data-large-file=\"https:\/\/i0.wp.com\/sovamm.cz\/wordpress\/wp-content\/uploads\/2016\/10\/navod_prihlaseni_07.jpg?fit=351%2C485&amp;ssl=1\" class=\"size-medium wp-image-260 aligncenter\" src=\"https:\/\/i0.wp.com\/sovamm.cz\/wordpress\/wp-content\/uploads\/2016\/10\/navod_prihlaseni_07-217x300.jpg?resize=217%2C300\" alt=\"navod_prihlaseni_07\" width=\"217\" height=\"300\" srcset=\"https:\/\/i0.wp.com\/sovamm.cz\/wordpress\/wp-content\/uploads\/2016\/10\/navod_prihlaseni_07.jpg?resize=217%2C300&amp;ssl=1 217w, https:\/\/i0.wp.com\/sovamm.cz\/wordpress\/wp-content\/uploads\/2016\/10\/navod_prihlaseni_07.jpg?w=351&amp;ssl=1 351w\" sizes=\"auto, (max-width: 217px) 100vw, 217px\" \/><\/p>\n<p>Zde obdobn\u011b vypln\u00edte p\u0159ihla\u0161ovac\u00ed \u00fadaje.<br \/>\nPokud za\u0161krtnete pol\u00ed\u010dko \u201ePamatovat si m\u011b\u201c, web si va\u0161e p\u0159ihl\u00e1\u0161en\u00ed zapamatuje. Tuto mo\u017enost pou\u017e\u00edvejte pouze na sv\u00e9m osobn\u00edm po\u010d\u00edta\u010di, nikoli n\u011bkde, kde m\u00e1 k&nbsp;po\u010d\u00edta\u010di p\u0159\u00edstup v\u00edce lid\u00ed.<\/p>\n<p>Pokud jste zapomn\u011bli heslo, m\u016f\u017eete kliknout na odkaz <em>Zapomn\u011bli jste heslo?<\/em> pod p\u0159ihla\u0161ovac\u00edmi \u00fadaji a&nbsp;heslo resetovat.<\/p>\n<hr \/>\n<p>Po \u00fasp\u011b\u0161n\u00e9m p\u0159ihl\u00e1\u0161en\u00ed se v\u00e1m zobraz\u00ed naho\u0159e na str\u00e1nce administra\u010dn\u00ed li\u0161ta.<\/p>\n<p>V prvn\u00edm p\u0159\u00edpad\u011b (p\u0159ihl\u00e1\u0161en\u00ed z&nbsp;formul\u00e1\u0159e pro registrovan\u00e9 u\u017eivatele) z\u016fstanete na ve\u0159ejn\u00e9 stran\u011b str\u00e1nek.<br \/>\nVe druh\u00e9m p\u0159\u00edpad\u011b uvid\u00edte tzv., N\u00e1st\u011bnku, co\u017e znamen\u00e1 \u017ee jste se dostali p\u0159\u00edmo do v&nbsp;dal\u0161\u00ed \u010d\u00e1sti n\u00e1vodu popsan\u00e9 <a href=\"http:\/\/sovamm.cz\/wordpress\/navody\/blog-aneb-blok-sovpis\/vyhrazena-cast\/\" target=\"_blank\" rel=\"noopener\">vyhrazen\u00e9 \u010d\u00e1sti<\/a>, kterou v\u011bt\u0161ina spolupracovn\u00edk\u016f SOVPIS vyu\u017eije p\u0159edev\u0161\u00edm pro psan\u00ed p\u0159\u00edsp\u011bvk\u016f.<br \/>\nP\u0159ep\u00ednat mezi ve\u0159ejnou a&nbsp;vyhrazenou \u010d\u00e1st\u00ed je pak mo\u017eno odkazy va str\u00e1nce vlevo naho\u0159e kliknut\u00edm na <em>N\u00e1st\u011bnka<\/em> nebo <em>Zobrazit web <\/em>pod n\u00e1zvem webu<em> SOVPIS<\/em>:<\/p>\n<p><img data-recalc-dims=\"1\" loading=\"lazy\" decoding=\"async\" data-attachment-id=\"262\" data-permalink=\"https:\/\/sovamm.cz\/wordpress\/navody\/blog-aneb-blok-sovpis\/jak-se-prihlasit\/navod_prihlaseni_06\/\" data-orig-file=\"https:\/\/i0.wp.com\/sovamm.cz\/wordpress\/wp-content\/uploads\/2016\/10\/navod_prihlaseni_06.jpg?fit=313%2C72&amp;ssl=1\" data-orig-size=\"313,72\" data-comments-opened=\"1\" data-image-meta=\"{&quot;aperture&quot;:&quot;0&quot;,&quot;credit&quot;:&quot;&quot;,&quot;camera&quot;:&quot;&quot;,&quot;caption&quot;:&quot;&quot;,&quot;created_timestamp&quot;:&quot;0&quot;,&quot;copyright&quot;:&quot;&quot;,&quot;focal_length&quot;:&quot;0&quot;,&quot;iso&quot;:&quot;0&quot;,&quot;shutter_speed&quot;:&quot;0&quot;,&quot;title&quot;:&quot;&quot;,&quot;orientation&quot;:&quot;0&quot;}\" data-image-title=\"navod_prihlaseni_06\" data-image-description=\"\" data-image-caption=\"\" data-large-file=\"https:\/\/i0.wp.com\/sovamm.cz\/wordpress\/wp-content\/uploads\/2016\/10\/navod_prihlaseni_06.jpg?fit=313%2C72&amp;ssl=1\" class=\"alignnone wp-image-262\" src=\"https:\/\/i0.wp.com\/sovamm.cz\/wordpress\/wp-content\/uploads\/2016\/10\/navod_prihlaseni_06-300x69.jpg?resize=474%2C109\" alt=\"navod_prihlaseni_06\" width=\"474\" height=\"109\" srcset=\"https:\/\/i0.wp.com\/sovamm.cz\/wordpress\/wp-content\/uploads\/2016\/10\/navod_prihlaseni_06.jpg?resize=300%2C69&amp;ssl=1 300w, https:\/\/i0.wp.com\/sovamm.cz\/wordpress\/wp-content\/uploads\/2016\/10\/navod_prihlaseni_06.jpg?w=313&amp;ssl=1 313w\" sizes=\"auto, (max-width: 474px) 100vw, 474px\" \/><\/p>\n<p><img data-recalc-dims=\"1\" loading=\"lazy\" decoding=\"async\" data-attachment-id=\"263\" data-permalink=\"https:\/\/sovamm.cz\/wordpress\/navody\/blog-aneb-blok-sovpis\/jak-se-prihlasit\/navod_prihlaseni_08\/\" data-orig-file=\"https:\/\/i0.wp.com\/sovamm.cz\/wordpress\/wp-content\/uploads\/2016\/10\/navod_prihlaseni_08.jpg?fit=316%2C78&amp;ssl=1\" data-orig-size=\"316,78\" data-comments-opened=\"1\" data-image-meta=\"{&quot;aperture&quot;:&quot;0&quot;,&quot;credit&quot;:&quot;&quot;,&quot;camera&quot;:&quot;&quot;,&quot;caption&quot;:&quot;&quot;,&quot;created_timestamp&quot;:&quot;0&quot;,&quot;copyright&quot;:&quot;&quot;,&quot;focal_length&quot;:&quot;0&quot;,&quot;iso&quot;:&quot;0&quot;,&quot;shutter_speed&quot;:&quot;0&quot;,&quot;title&quot;:&quot;&quot;,&quot;orientation&quot;:&quot;0&quot;}\" data-image-title=\"navod_prihlaseni_08\" data-image-description=\"\" data-image-caption=\"\" data-large-file=\"https:\/\/i0.wp.com\/sovamm.cz\/wordpress\/wp-content\/uploads\/2016\/10\/navod_prihlaseni_08.jpg?fit=316%2C78&amp;ssl=1\" class=\"alignnone wp-image-263\" src=\"https:\/\/i0.wp.com\/sovamm.cz\/wordpress\/wp-content\/uploads\/2016\/10\/navod_prihlaseni_08-300x74.jpg?resize=474%2C117\" alt=\"navod_prihlaseni_08\" width=\"474\" height=\"117\" srcset=\"https:\/\/i0.wp.com\/sovamm.cz\/wordpress\/wp-content\/uploads\/2016\/10\/navod_prihlaseni_08.jpg?resize=300%2C74&amp;ssl=1 300w, https:\/\/i0.wp.com\/sovamm.cz\/wordpress\/wp-content\/uploads\/2016\/10\/navod_prihlaseni_08.jpg?w=316&amp;ssl=1 316w\" sizes=\"auto, (max-width: 474px) 100vw, 474px\" \/><\/p>\n<p>&nbsp;<\/p>\n<hr \/>\n<p>Pokud jste zapomn\u011bli heslo a&nbsp;zn\u00e1te sv\u00e9 u\u017eivatelsk\u00e9 jm\u00e9no nebo p\u0159ihla\u0161ovac\u00ed e-mail, m\u016f\u017eete heslo obnovit na str\u00e1nce diskusn\u00edho f\u00f3ra <a href=\"https:\/\/www.sovamm.cz\/wordpress\/community\/?foro=lostpassword\">zde<\/a>.<br \/>\nPokud je\u0161t\u011b nem\u00e1te \u00fa\u010det do SOVPIS a&nbsp;nebo jste zapomn\u011bli u\u017eivatelsk\u00e9 jm\u00e9no i&nbsp;heslo, kontaktujte pros\u00edm <a href=\"http:\/\/sovamm.cz\/wordpress\/kontakt\/\" target=\"_blank\" rel=\"noopener\">sekret\u00e1\u0159e SOVAMM<\/a>.<\/p>\n<ul>\n<li style=\"text-align: right;\"><a href=\"http:\/\/sovamm.cz\/wordpress\/navody\/blog-aneb-blok-sovpis\/\">Hlavn\u00ed str\u00e1nka n\u00e1vod\u016f ke str\u00e1nk\u00e1m a&nbsp;blogu\/bloku SOVPIS \u2192<\/a><\/li>\n<\/ul>\n<p>&nbsp;<\/p>\n<p>Aktualizov\u00e1no: <span class=\"last-modified-timestamp\">30\/12\/2021 10:27<\/span><\/p>\n","protected":false},"excerpt":{"rendered":"<p>Str\u00e1nky SOVPIS jsou rozd\u011bleny na dv\u011b \u010d\u00e1sti. Ve\u0159ejnou \u010d\u00e1st &#8211; vid\u00ed ji kdokoliv, kdo p\u0159ijde na adresu http:\/\/sovamm.cz\/wordpress\/ Vyhrazenou \u010d\u00e1st &#8211; do n\u00ed maj\u00ed p\u0159\u00edstup pouze registrovan\u00ed u\u017eivatel\u00e9 (p\u0159isp\u011bvatel\u00e9 a&nbsp;spolupracovn\u00edci &hellip; <a href=\"https:\/\/sovamm.cz\/wordpress\/navody\/blog-aneb-blok-sovpis\/jak-se-prihlasit\/\" class=\"more-link\">Pokra\u010dov\u00e1n\u00ed textu <span class=\"screen-reader-text\">Jak se p\u0159ihl\u00e1sit<\/span> <span class=\"meta-nav\">&rarr;<\/span><\/a><\/p>\n","protected":false},"author":1,"featured_media":0,"parent":267,"menu_order":0,"comment_status":"closed","ping_status":"closed","template":"","meta":{"jetpack_post_was_ever_published":false,"footnotes":""},"class_list":["post-254","page","type-page","status-publish","hentry"],"jetpack_shortlink":"https:\/\/wp.me\/P8dB8l-46","jetpack_sharing_enabled":true,"_links":{"self":[{"href":"https:\/\/sovamm.cz\/wordpress\/wp-json\/wp\/v2\/pages\/254","targetHints":{"allow":["GET"]}}],"collection":[{"href":"https:\/\/sovamm.cz\/wordpress\/wp-json\/wp\/v2\/pages"}],"about":[{"href":"https:\/\/sovamm.cz\/wordpress\/wp-json\/wp\/v2\/types\/page"}],"author":[{"embeddable":true,"href":"https:\/\/sovamm.cz\/wordpress\/wp-json\/wp\/v2\/users\/1"}],"replies":[{"embeddable":true,"href":"https:\/\/sovamm.cz\/wordpress\/wp-json\/wp\/v2\/comments?post=254"}],"version-history":[{"count":2,"href":"https:\/\/sovamm.cz\/wordpress\/wp-json\/wp\/v2\/pages\/254\/revisions"}],"predecessor-version":[{"id":3866,"href":"https:\/\/sovamm.cz\/wordpress\/wp-json\/wp\/v2\/pages\/254\/revisions\/3866"}],"up":[{"embeddable":true,"href":"https:\/\/sovamm.cz\/wordpress\/wp-json\/wp\/v2\/pages\/267"}],"wp:attachment":[{"href":"https:\/\/sovamm.cz\/wordpress\/wp-json\/wp\/v2\/media?parent=254"}],"curies":[{"name":"wp","href":"https:\/\/api.w.org\/{rel}","templated":true}]}}