{"id":2374,"date":"2019-01-19T20:33:03","date_gmt":"2019-01-19T19:33:03","guid":{"rendered":"https:\/\/www.sovamm.cz\/wordpress\/?page_id=2374"},"modified":"2021-05-09T16:12:28","modified_gmt":"2021-05-09T14:12:28","slug":"objednavka-nvd-201701","status":"publish","type":"page","link":"https:\/\/sovamm.cz\/wordpress\/publikace-2\/publikovano-se-sovpis\/nejstarsi-venkovske-domy-ve-vychodnich-cechach\/objednavka-nvd-201701\/","title":{"rendered":"Objedn\u00e1vka NVD 201701"},"content":{"rendered":"<div class=\"members-access-error\">Obsah tohoto p\u0159\u00edsp\u011bvku je ur\u010den p\u0159isp\u011bvatel\u016fm a spolupracovn\u00edk\u016fm SOVPIS.<br \/>\nPro jeho zobrazen\u00ed mus\u00edte b\u00fdt p\u0159ihl\u00e1\u0161eni.<\/p>\n<p>        <div class=\"members-login-form\">\n            <form name=\"loginform\" id=\"loginform\" action=\"https:\/\/sovamm.cz\/wordpress\/wp-login.php\" method=\"post\"><p class=\"login-username\">\n\t\t\t\t<label for=\"user_login\">U\u017eivatelsk\u00e9 jm\u00e9no nebo e-mail<\/label>\n\t\t\t\t<input type=\"text\" name=\"log\" id=\"user_login\" autocomplete=\"username\" class=\"input\" value=\"\" size=\"20\" \/>\n\t\t\t<\/p><p class=\"login-password\">\n\t\t\t\t<label for=\"user_pass\">Heslo<\/label>\n\t\t\t\t<input type=\"password\" name=\"pwd\" id=\"user_pass\" autocomplete=\"current-password\" spellcheck=\"false\" class=\"input\" value=\"\" size=\"20\" \/>\n\t\t\t<\/p><p class=\"login-remember\"><label><input name=\"rememberme\" type=\"checkbox\" id=\"rememberme\" value=\"forever\" \/> Pamatovat si m\u011b<\/label><\/p><p class=\"login-submit\">\n\t\t\t\t<input type=\"submit\" name=\"wp-submit\" id=\"wp-submit\" class=\"button button-primary\" value=\"P\u0159ihl\u00e1sit se\" \/>\n\t\t\t\t<input type=\"hidden\" name=\"redirect_to\" value=\"https:\/\/sovamm.cz\/wordpress\/wp-json\/wp\/v2\/pages\/2374\" \/>\n\t\t\t<\/p><input type=\"hidden\" id=\"members_login_nonce\" name=\"members_login_nonce\" value=\"5568ad0ba1\" \/><input type=\"hidden\" name=\"_wp_http_referer\" value=\"\/wordpress\/wp-json\/wp\/v2\/pages\/2374\" \/><\/form>        <\/div>\n                <style>\n            .members-login-form * {\n                box-sizing: border-box;\n            }\n            .members-login-form label {\n                display: block;\n                margin-bottom: 4px;\n                font-size: 18px;\n                font-weight: 500;\n            }\n            .members-login-form input[type=\"text\"],\n            .members-login-form input[type=\"password\"] {\n                width: 100%;\n                max-width: 320px;\n                padding: 0.5rem 0.75rem;\n                border: 1px solid #64748b;\n                border-radius: 4px;\n                font-size: 16px;\n            }\n            .members-login-form input[type=\"submit\"] {\n                width: 100%;\n                max-width: 320px;\n                padding: 0.75rem;\n                cursor: pointer;\n                background: #64748b;\n                border: 0;\n                border-radius: 4px;\n                color: #fff;\n                font-size: 16px;\n                font-weight: 500;\n            }\n            .members-logged-in input[type=\"submit\"] {\n                pointer-events: none;\n                opacity: 0.4;\n                cursor: not-allowed;\n            }\n            .members-login-notice {\n                display: block !important;\n                max-width: 320px;\n                padding: 10px;\n                background: #f1f1f1;\n                border-radius: 4px;\n                border-left: 3px solid #36d651;\n                font-size: 18px;\n                font-weight: 500;\n            }\n            .members-login-error {\n                border-left-color: #d63638;\n            }\n        <\/style>\n    <\/p>\n<p>Pokud je\u0161t\u011b nem\u00e1te \u00fa\u010det do SOVPIS, kontaktujte pros\u00edm <a href=\"https:\/\/172.16.1.148\/wordpress\/kontakt\/\" target=\"_blank\" rel=\"noopener\">sekret\u00e1\u0159e SOVAMM<\/a>.<\/div>\n","protected":false},"excerpt":{"rendered":"<div class=\"members-access-error\">Obsah tohoto p\u0159\u00edsp\u011bvku je ur\u010den p\u0159isp\u011bvatel\u016fm a spolupracovn\u00edk\u016fm SOVPIS.<br \/>\nPro jeho zobrazen\u00ed mus\u00edte b\u00fdt p\u0159ihl\u00e1\u0161eni.<\/p>\n<p>        <div class=\"members-login-form\">\n            <form name=\"loginform\" id=\"loginform\" action=\"https:\/\/sovamm.cz\/wordpress\/wp-login.php\" method=\"post\"><p class=\"login-username\">\n\t\t\t\t<label for=\"user_login\">U\u017eivatelsk\u00e9 jm\u00e9no nebo e-mail<\/label>\n\t\t\t\t<input type=\"text\" name=\"log\" id=\"user_login\" autocomplete=\"username\" class=\"input\" value=\"\" size=\"20\" \/>\n\t\t\t<\/p><p class=\"login-password\">\n\t\t\t\t<label for=\"user_pass\">Heslo<\/label>\n\t\t\t\t<input type=\"password\" name=\"pwd\" id=\"user_pass\" autocomplete=\"current-password\" spellcheck=\"false\" class=\"input\" value=\"\" size=\"20\" \/>\n\t\t\t<\/p><p class=\"login-remember\"><label><input name=\"rememberme\" type=\"checkbox\" id=\"rememberme\" value=\"forever\" \/> Pamatovat si m\u011b<\/label><\/p><p class=\"login-submit\">\n\t\t\t\t<input type=\"submit\" name=\"wp-submit\" id=\"wp-submit\" class=\"button button-primary\" value=\"P\u0159ihl\u00e1sit se\" \/>\n\t\t\t\t<input type=\"hidden\" name=\"redirect_to\" value=\"https:\/\/sovamm.cz\/wordpress\/wp-json\/wp\/v2\/pages\/2374\" \/>\n\t\t\t<\/p><input type=\"hidden\" id=\"members_login_nonce\" name=\"members_login_nonce\" value=\"5568ad0ba1\" \/><input type=\"hidden\" name=\"_wp_http_referer\" value=\"\/wordpress\/wp-json\/wp\/v2\/pages\/2374\" \/><\/form>        <\/div>\n                <style>\n            .members-login-form * {\n                box-sizing: border-box;\n            }\n            .members-login-form label {\n                display: block;\n                margin-bottom: 4px;\n                font-size: 18px;\n                font-weight: 500;\n            }\n            .members-login-form input[type=\"text\"],\n            .members-login-form input[type=\"password\"] {\n                width: 100%;\n                max-width: 320px;\n                padding: 0.5rem 0.75rem;\n                border: 1px solid #64748b;\n                border-radius: 4px;\n                font-size: 16px;\n            }\n            .members-login-form input[type=\"submit\"] {\n                width: 100%;\n                max-width: 320px;\n                padding: 0.75rem;\n                cursor: pointer;\n                background: #64748b;\n                border: 0;\n                border-radius: 4px;\n                color: #fff;\n                font-size: 16px;\n                font-weight: 500;\n            }\n            .members-logged-in input[type=\"submit\"] {\n                pointer-events: none;\n                opacity: 0.4;\n                cursor: not-allowed;\n            }\n            .members-login-notice {\n                display: block !important;\n                max-width: 320px;\n                padding: 10px;\n                background: #f1f1f1;\n                border-radius: 4px;\n                border-left: 3px solid #36d651;\n                font-size: 18px;\n                font-weight: 500;\n            }\n            .members-login-error {\n                border-left-color: #d63638;\n            }\n        <\/style>\n    <\/p>\n<p>Pokud je\u0161t\u011b nem\u00e1te \u00fa\u010det do SOVPIS, kontaktujte pros\u00edm <a href=\"https:\/\/172.16.1.148\/wordpress\/kontakt\/\" target=\"_blank\" rel=\"noopener\">sekret\u00e1\u0159e SOVAMM<\/a>.<\/div>\n","protected":false},"author":2,"featured_media":0,"parent":2352,"menu_order":0,"comment_status":"closed","ping_status":"closed","template":"","meta":{"jetpack_post_was_ever_published":false,"footnotes":""},"class_list":["post-2374","page","type-page","status-publish","hentry"],"jetpack_shortlink":"https:\/\/wp.me\/P8dB8l-Ci","jetpack_sharing_enabled":true,"_links":{"self":[{"href":"https:\/\/sovamm.cz\/wordpress\/wp-json\/wp\/v2\/pages\/2374","targetHints":{"allow":["GET"]}}],"collection":[{"href":"https:\/\/sovamm.cz\/wordpress\/wp-json\/wp\/v2\/pages"}],"about":[{"href":"https:\/\/sovamm.cz\/wordpress\/wp-json\/wp\/v2\/types\/page"}],"author":[{"embeddable":true,"href":"https:\/\/sovamm.cz\/wordpress\/wp-json\/wp\/v2\/users\/2"}],"replies":[{"embeddable":true,"href":"https:\/\/sovamm.cz\/wordpress\/wp-json\/wp\/v2\/comments?post=2374"}],"version-history":[{"count":10,"href":"https:\/\/sovamm.cz\/wordpress\/wp-json\/wp\/v2\/pages\/2374\/revisions"}],"predecessor-version":[{"id":3501,"href":"https:\/\/sovamm.cz\/wordpress\/wp-json\/wp\/v2\/pages\/2374\/revisions\/3501"}],"up":[{"embeddable":true,"href":"https:\/\/sovamm.cz\/wordpress\/wp-json\/wp\/v2\/pages\/2352"}],"wp:attachment":[{"href":"https:\/\/sovamm.cz\/wordpress\/wp-json\/wp\/v2\/media?parent=2374"}],"curies":[{"name":"wp","href":"https:\/\/api.w.org\/{rel}","templated":true}]}}