{"id":2352,"date":"2019-01-19T20:31:09","date_gmt":"2019-01-19T19:31:09","guid":{"rendered":"https:\/\/www.sovamm.cz\/wordpress\/?page_id=2352"},"modified":"2025-11-11T08:01:10","modified_gmt":"2025-11-11T07:01:10","slug":"nejstarsi-venkovske-domy-ve-vychodnich-cechach","status":"publish","type":"page","link":"https:\/\/sovamm.cz\/wordpress\/publikace-2\/publikovano-se-sovpis\/nejstarsi-venkovske-domy-ve-vychodnich-cechach\/","title":{"rendered":"Nejstar\u0161\u00ed venkov. domy ve v\u00fdchodn\u00edch \u010cech\u00e1ch"},"content":{"rendered":"<h5 id=\"\">Ji\u0159\u00ed \u0160kabrada, Zuzana Syrov\u00e1-An\u00fd\u017eov\u00e1 (eds.)<\/h5>\n<p><em>Vydala Spole\u010dnost pro obnovu vesnice a&nbsp;mal\u00e9ho m\u011bsta, z.s. a&nbsp;Univerzita Pardubice v&nbsp;roce 2018. Publikace vy\u0161la s&nbsp;laskavou podporou Ministerstva kultury \u010cR a&nbsp;Pardubick\u00e9ho kraje.<\/em><\/p>\n<p>Na p\u0159\u00edprav\u011b publikace <strong>Nejstar\u0161\u00ed venkovsk\u00e9 domy ve v\u00fdchodn\u00edch \u010cech\u00e1ch<\/strong>, do n\u00ed\u017e byly shrom\u00e1\u017ed\u011bny poznatky z&nbsp;dosud nepublikovan\u00fdch stavebn\u011b historick\u00fdch pr\u016fzkum\u016f dvou des\u00edtek nejstar\u0161\u00edch venkovsk\u00fdch dom\u016f a&nbsp;hospod\u00e1\u0159sk\u00fdch staveb v\u00fdchodn\u00edch \u010cech, se pod\u00edlelo 20\u00a0spoluautor\u016f, editory byli <a href=\"https:\/\/sovamm.wordpress.com\/who-is-who\/jiri-skabrada\/\" target=\"_blank\" rel=\"noopener noreferrer\">Ji\u0159\u00ed \u0160kabrada<\/a> a&nbsp;<a href=\"https:\/\/sovamm.wordpress.com\/who-is-who\/zuzana-syrova-anyzova\/\" target=\"_blank\" rel=\"noopener noreferrer\">Zuzana Syrov\u00e1-An\u00fd\u017eov\u00e1<\/a>.<\/p>\n<p>J\u00e1dro publikace tvo\u0159\u00ed katalog 16 dom\u016f a&nbsp;5 stodol, se\u0159azen\u00fd podle st\u00e1\u0159\u00ed jednotliv\u00fdch objekt\u016f. Nejstar\u0161\u00ed stavby dopl\u0148uje 16 dal\u0161\u00edch dom\u016f s\u00a0archaickou prostorovou skladbou, jejich\u017e st\u00e1\u0159\u00ed je mnohdy nezn\u00e1m\u00e9. P\u0159ed katalogem je za\u0159azena kapitola, kter\u00e1 prob\u00edr\u00e1 souhrnn\u011b jednotliv\u00e9 specifick\u00e9 typologick\u00e9 a&nbsp;konstruk\u010dn\u00ed znaky t\u011bchto staveb. Sou\u010d\u00e1st\u00ed v\u011bt\u0161iny stat\u00ed o&nbsp;jednotliv\u00fdch domech jsou re\u0161er\u0161e p\u00edsemn\u00fdch pramen\u016f, tak\u017ee d\u00edky konfrontaci s&nbsp;dendrochronologick\u00fdmi daty zn\u00e1me \u010dasto i\u00a0konkr\u00e9tn\u00ed stavebn\u00edky dom\u016f, resp. jejich stavebn\u00edch etap. Sou\u010d\u00e1st\u00ed obrazov\u00e9ho doprovodu jsou barevn\u011b vyhodnocen\u00e9 p\u016fdorysy, zachycuj\u00edc\u00ed v\u00fdvoj dom\u016f, a&nbsp;bohat\u00e1 fotodokumentace celkov\u00e9ho stavu i&nbsp;pr\u016fzkumov\u00fdch sond\u00e1\u017e\u00ed, a&nbsp;to v&nbsp;barevn\u00e9m i&nbsp;star\u0161\u00edm \u010dernob\u00edl\u00e9m proveden\u00ed. Kniha je uzav\u0159ena n\u011bmeck\u00fdm a&nbsp;anglick\u00fdm resum\u00e9. Z\u00e1v\u011bre\u010dn\u00fd odd\u00edl obsahuje vedle m\u00edstn\u00edho rejst\u0159\u00edku mapovou p\u0159\u00edlohu s\u00a0vyzna\u010den\u00edm objekt\u016f katalogu na polohopisn\u00e9m podklad\u011b v&nbsp;m\u011b\u0159\u00edtku 1:10&nbsp;000.<\/p>\n<p>Prolistovat uk\u00e1zku z&nbsp;knihy a&nbsp;dozv\u011bd\u011bt se n\u011bco v\u00edce o&nbsp;jej\u00edm obsahu a&nbsp;autorech m\u016f\u017eete zde:<\/p>\n<a href=\"https:\/\/sovamm.cz\/wordpress\/wp-content\/uploads\/2019\/01\/NVD_2018_present_W2r.pdf\" class=\"pdfemb-viewer\" style=\"\" data-width=\"max\" data-height=\"max\" data-toolbar=\"bottom\" data-toolbar-fixed=\"off\">NVD_2018_present_W2r<\/a>\n<ul>\n<li><a href=\"https:\/\/sovamm.cz\/wordpress\/wp-content\/uploads\/2019\/01\/NVD_201812_vyber_W1rz.pdf#pagemode=bookmarks&amp;page=1\" target=\"_blank\" rel=\"noopener noreferrer\">Uk\u00e1zka PDF ke sta\u017een\u00ed<\/a><\/li>\n<\/ul>\n<p><em>ISBN 978-80-907440-0-4<br \/>\n(Spole\u010dnost pro obnovu vesnice a&nbsp;mal\u00e9ho m\u011bsta, z.s.)<\/em><br \/>\n<em>ISBN 978-80-7560-126-1 (Univerzita Pardubice)<\/em><\/p>\n<h6 id=\"objedn\u00e1vky:\">Objedn\u00e1vky:<\/h6>\n<p>Publikaci m\u016f\u017eete objednat u&nbsp;sekret\u00e1\u0159e SOVAMM:<br \/>\n<i>Zuzana Syrov\u00e1, Kur\u0161ova 30, 635&nbsp;00 Brno-Bystrc,\u00a0<\/i><br \/>\n<i>tel.: (+420) 736657048<\/i><br \/>\n<i>e-po\u0161ta: syrova@sovamm.cz <\/i><\/p>\n<p>Osobn\u00ed odb\u011br je mo\u017en\u00fd po&nbsp;dohod\u011b v&nbsp;kancel\u00e1\u0159i SOVAMM v&nbsp;Brn\u011b nebo na kontaktn\u00edch v\u00fddejn\u00edch m\u00edstech v&nbsp;Praze nebo Pardubic\u00edch.<br \/>\nCena publikace je 440,- K\u010d. P\u0159i&nbsp;zas\u00edl\u00e1n\u00ed po\u0161tou k&nbsp;n\u00ed \u00fa\u010dtujeme baln\u00e9 50,- K\u010d a&nbsp;aktu\u00e1ln\u011b platn\u00e9 po\u0161tovn\u00e9.<\/p>\n<p>K objedn\u00e1vce m\u016f\u017eete t\u00e9\u017e vyu\u017e\u00edt <a href=\"https:\/\/sovamm.cz\/wordpress\/nejstarsi-venkovske-domy-ve-vychodnich-cechach\/objednavky\/\">interaktivn\u00ed online formul\u00e1\u0159<\/a>.<\/p>\n<p><em>Knihu m\u016f\u017eete zakoupit tak\u00e9 v&nbsp;<a href=\"https:\/\/antik-stafl.cz\/\" target=\"_blank\" rel=\"noopener noreferrer\">Antikvari\u00e1t\u011b ve \u0160t\u00e1flov\u011b chalup\u011b v&nbsp;Havl\u00ed\u010dkov\u011b Brod\u011b<\/a>, v&nbsp;<a href=\"http:\/\/www.rml.cz\" target=\"_blank\" rel=\"noopener noreferrer\">Region\u00e1ln\u00edm muzeu v&nbsp;Litomy\u0161li<\/a>, v&nbsp;<a href=\"http:\/\/www.cbmpolicka.cz\/cz\/\" target=\"_blank\" rel=\"noopener noreferrer\">M\u011bstsk\u00e9m muzeu a&nbsp;galerii v&nbsp;Poli\u010dce<\/a> a&nbsp;v&nbsp;<a href=\"https:\/\/www.mmgu.cz\/\" target=\"_blank\" rel=\"noopener noreferrer\">D\u0159ev\u011bnce \/M\u011bstsk\u00e9m muzeu a&nbsp;galerie Julie W. Mezerov\u00e9\/ v&nbsp;\u00dapici<\/a>.<br \/>\n<\/em><\/p>\n<ul>\n<li><a href=\"https:\/\/sovamm.cz\/wordpress\/publikovano-se-sovpis\/\" target=\"_blank\" rel=\"noopener\">Vydali jsme \u2192<\/a><\/li>\n<\/ul>\n<p>Aktualizov\u00e1no: <span class=\"last-modified-timestamp\">11\/11\/2025 08:01<\/span><\/p>\n<!-- No attachments to display. How boring! :( -->\n","protected":false},"excerpt":{"rendered":"<p>Ji\u0159\u00ed \u0160kabrada, Zuzana Syrov\u00e1-An\u00fd\u017eov\u00e1 (eds.) Vydala Spole\u010dnost pro obnovu vesnice a&nbsp;mal\u00e9ho m\u011bsta, z.s. a&nbsp;Univerzita Pardubice v&nbsp;roce 2018. Publikace vy\u0161la s&nbsp;laskavou podporou Ministerstva kultury \u010cR a&nbsp;Pardubick\u00e9ho kraje. Na p\u0159\u00edprav\u011b publikace Nejstar\u0161\u00ed &hellip; <a href=\"https:\/\/sovamm.cz\/wordpress\/publikace-2\/publikovano-se-sovpis\/nejstarsi-venkovske-domy-ve-vychodnich-cechach\/\" class=\"more-link\">Pokra\u010dov\u00e1n\u00ed textu <span class=\"screen-reader-text\">Nejstar\u0161\u00ed venkov. domy ve v\u00fdchodn\u00edch \u010cech\u00e1ch<\/span> <span class=\"meta-nav\">&rarr;<\/span><\/a><\/p>\n","protected":false},"author":2,"featured_media":1863,"parent":3506,"menu_order":0,"comment_status":"closed","ping_status":"closed","template":"","meta":{"jetpack_post_was_ever_published":false,"footnotes":""},"class_list":["post-2352","page","type-page","status-publish","has-post-thumbnail","hentry"],"jetpack_shortlink":"https:\/\/wp.me\/P8dB8l-BW","jetpack_sharing_enabled":true,"_links":{"self":[{"href":"https:\/\/sovamm.cz\/wordpress\/wp-json\/wp\/v2\/pages\/2352","targetHints":{"allow":["GET"]}}],"collection":[{"href":"https:\/\/sovamm.cz\/wordpress\/wp-json\/wp\/v2\/pages"}],"about":[{"href":"https:\/\/sovamm.cz\/wordpress\/wp-json\/wp\/v2\/types\/page"}],"author":[{"embeddable":true,"href":"https:\/\/sovamm.cz\/wordpress\/wp-json\/wp\/v2\/users\/2"}],"replies":[{"embeddable":true,"href":"https:\/\/sovamm.cz\/wordpress\/wp-json\/wp\/v2\/comments?post=2352"}],"version-history":[{"count":36,"href":"https:\/\/sovamm.cz\/wordpress\/wp-json\/wp\/v2\/pages\/2352\/revisions"}],"predecessor-version":[{"id":7205,"href":"https:\/\/sovamm.cz\/wordpress\/wp-json\/wp\/v2\/pages\/2352\/revisions\/7205"}],"up":[{"embeddable":true,"href":"https:\/\/sovamm.cz\/wordpress\/wp-json\/wp\/v2\/pages\/3506"}],"wp:featuredmedia":[{"embeddable":true,"href":"https:\/\/sovamm.cz\/wordpress\/wp-json\/wp\/v2\/media\/1863"}],"wp:attachment":[{"href":"https:\/\/sovamm.cz\/wordpress\/wp-json\/wp\/v2\/media?parent=2352"}],"curies":[{"name":"wp","href":"https:\/\/api.w.org\/{rel}","templated":true}]}}