{"id":2299,"date":"2019-01-09T18:31:32","date_gmt":"2019-01-09T17:31:32","guid":{"rendered":"https:\/\/www.sovamm.cz\/wordpress\/?page_id=2299"},"modified":"2025-03-13T13:43:53","modified_gmt":"2025-03-13T12:43:53","slug":"mapa-lokalit-sovpis","status":"publish","type":"page","link":"https:\/\/sovamm.cz\/wordpress\/sovpis\/mapa-lokalit-sovpis\/","title":{"rendered":"Mapa lokalit SOVPIS"},"content":{"rendered":"<p><iframe loading=\"lazy\" title=\"Lokality SOVPIS\" src=\"\/\/sovamm.maps.arcgis.com\/apps\/Embed\/index.html?webmap=0e02a0df8d7c4edfb43adc09de61a4c2&amp;extent=12.5327,48.3548,19.2783,51.5859&amp;zoom=true&amp;previewImage=false&amp;scale=false&amp;search=false&amp;searchextent=true&amp;basemap_toggle=false&amp;alt_basemap=topo&amp;disable_scroll=true&amp;theme=dark\" width=\"810\" height=\"480\" frameborder=\"1\" marginwidth=\"1\" marginheight=\"1\" scrolling=\"no\"><span data-mce-type=\"bookmark\" style=\"display: inline-block; width: 0px; overflow: hidden; line-height: 0;\" class=\"mce_SELRES_start\">\ufeff<\/span><\/iframe><\/p>\n<p>Mapu m\u016f\u017eete otev\u0159\u00edt v&nbsp;nov\u00e9m okn\u011b s&nbsp;ovl\u00e1dac\u00edmi prvky pomoc\u00ed odkazu<a href=\"http:\/\/sovamm.maps.arcgis.com\/apps\/webappviewer\/index.html?id=fb68ef7ead0044b099962feabf7bceac\" target=\"_blank\" rel=\"noopener noreferrer\"> Zobrazit mapovou aplikaci<\/a>. Kliknut\u00edm na bod lokality vyvol\u00e1te vyskakovac\u00ed okno\u00a0s odkazy do mapy Pam\u00e1tkov\u00e9ho katalogu, slo\u017eek SOVPIS p\u0159\u00edstupn\u00fdch prost\u0159ednictv\u00edm Photo Station a&nbsp;dokument\u016f SOVAMM ulo\u017een\u00fdch v&nbsp;MIS, kliknut\u00ed na orienta\u010dn\u00ed foto zobraz\u00ed p\u0159\u00edslu\u0161n\u00fd obr\u00e1zek v&nbsp;MIS.<\/p>\n<p>Mapu s&nbsp;vyu\u017eit\u00edm defini\u010dn\u00edch bod\u016f lokalit prostorov\u00e9 datab\u00e1ze <a href=\"https:\/\/sovamm.wordpress.com\/projekty\/aktualni-projekty-sovamm\/cz_retro\/\" target=\"_blank\" rel=\"noopener noreferrer\">CZ_Retro<\/a> vytvo\u0159il \u0160imon Eismann.<\/p>\n<p>Obsah mapy byl naposledy aktualizov\u00e1n k&nbsp;26.2.2020.<\/p>\n<p>&nbsp;<\/p>\n<ul>\n<li><a href=\"https:\/\/www.sovamm.cz\/wordpress\/sovpis\/lokality-sovpis-2\/lokality-sovpis-a\/\">Tabulky s&nbsp;p\u0159ehledem lokalit SOVPIS<\/a><\/li>\n<\/ul>\n<p><a href=\"https:\/\/creativecommons.org\/licenses\/by-nc-nd\/4.0\/\" target=\"_blank\" rel=\"license noopener noreferrer\"><img data-recalc-dims=\"1\" decoding=\"async\" style=\"border-width: 0;\" src=\"https:\/\/i0.wp.com\/i.creativecommons.org\/l\/by-nc-nd\/4.0\/88x31.png?w=474&#038;ssl=1\" alt=\"Creative Commons License\" \/><\/a><\/p>\n<p>SOVPIS je zve\u0159ej\u0148ov\u00e1n pod licenc\u00ed <a href=\"https:\/\/creativecommons.org\/licenses\/by-nc-nd\/4.0\/deed.cs\" rel=\"license\">Creative Commons Uve\u010fte p\u016fvod-Neu\u017e\u00edvejte komer\u010dn\u011b-Nezpracov\u00e1vejte 4.0 Mezin\u00e1rodn\u00ed<\/a>.<\/p>\n","protected":false},"excerpt":{"rendered":"<p>\ufeff Mapu m\u016f\u017eete otev\u0159\u00edt v&nbsp;nov\u00e9m okn\u011b s&nbsp;ovl\u00e1dac\u00edmi prvky pomoc\u00ed odkazu Zobrazit mapovou aplikaci. Kliknut\u00edm na bod lokality vyvol\u00e1te vyskakovac\u00ed okno\u00a0s odkazy do mapy Pam\u00e1tkov\u00e9ho katalogu, slo\u017eek SOVPIS p\u0159\u00edstupn\u00fdch prost\u0159ednictv\u00edm Photo &hellip; <a href=\"https:\/\/sovamm.cz\/wordpress\/sovpis\/mapa-lokalit-sovpis\/\" class=\"more-link\">Pokra\u010dov\u00e1n\u00ed textu <span class=\"screen-reader-text\">Mapa lokalit SOVPIS<\/span> <span class=\"meta-nav\">&rarr;<\/span><\/a><\/p>\n","protected":false},"author":2,"featured_media":0,"parent":7,"menu_order":8,"comment_status":"closed","ping_status":"closed","template":"","meta":{"jetpack_post_was_ever_published":false,"footnotes":""},"class_list":["post-2299","page","type-page","status-publish","hentry"],"jetpack_shortlink":"https:\/\/wp.me\/P8dB8l-B5","jetpack_sharing_enabled":true,"_links":{"self":[{"href":"https:\/\/sovamm.cz\/wordpress\/wp-json\/wp\/v2\/pages\/2299","targetHints":{"allow":["GET"]}}],"collection":[{"href":"https:\/\/sovamm.cz\/wordpress\/wp-json\/wp\/v2\/pages"}],"about":[{"href":"https:\/\/sovamm.cz\/wordpress\/wp-json\/wp\/v2\/types\/page"}],"author":[{"embeddable":true,"href":"https:\/\/sovamm.cz\/wordpress\/wp-json\/wp\/v2\/users\/2"}],"replies":[{"embeddable":true,"href":"https:\/\/sovamm.cz\/wordpress\/wp-json\/wp\/v2\/comments?post=2299"}],"version-history":[{"count":32,"href":"https:\/\/sovamm.cz\/wordpress\/wp-json\/wp\/v2\/pages\/2299\/revisions"}],"predecessor-version":[{"id":6467,"href":"https:\/\/sovamm.cz\/wordpress\/wp-json\/wp\/v2\/pages\/2299\/revisions\/6467"}],"up":[{"embeddable":true,"href":"https:\/\/sovamm.cz\/wordpress\/wp-json\/wp\/v2\/pages\/7"}],"wp:attachment":[{"href":"https:\/\/sovamm.cz\/wordpress\/wp-json\/wp\/v2\/media?parent=2299"}],"curies":[{"name":"wp","href":"https:\/\/api.w.org\/{rel}","templated":true}]}}