{"id":2126,"date":"2018-06-08T14:27:37","date_gmt":"2018-06-08T12:27:37","guid":{"rendered":"https:\/\/www.sovamm.cz\/wordpress\/?page_id=2126"},"modified":"2025-11-11T07:59:06","modified_gmt":"2025-11-11T06:59:06","slug":"zasady-ochrany-osobnich-udaju","status":"publish","type":"page","link":"https:\/\/sovamm.cz\/wordpress\/zasady-ochrany-osobnich-udaju\/","title":{"rendered":"Z\u00e1sady ochrany osobn\u00edch \u00fadaj\u016f"},"content":{"rendered":"<h2 id=\"kdo-jsme\">Kdo jsme<\/h2>\n<p>Tento web\/blog provozuje:<\/p>\n<p><strong>Spole\u010dnost pro obnovu vesnice a&nbsp;mal\u00e9ho m\u011bsta, z.s. (SOVAMM)<\/strong><br \/>\nspolek se s\u00eddlem: Kur\u0161ova 30, Brno, 63500<\/p>\n<ul>\n<li>I\u010cO: 62160516 \/\/ DI\u010c: CZ62160516<\/li>\n<li>SOVAMM je zaps\u00e1n ve Spolkov\u00e9m rejst\u0159\u00edku u&nbsp;Krajsk\u00e9ho soudu v&nbsp;Brn\u011b pod zna\u010dkou L1241.<\/li>\n<li>Z\u00e1kladn\u00edm dokumentem \u0159\u00edd\u00edc\u00edm fungov\u00e1n\u00ed SOVAMM jsou stanovy spolku (odkaz na platn\u00e9 zn\u011bn\u00ed viz\u00a0<a href=\"https:\/\/sovamm.wordpress.com\/stanovy-sovamm\/\" target=\"_blank\" rel=\"noopener noreferrer\">Stanovy SOVAMM<\/a>).<\/li>\n<li>Statut\u00e1rn\u00edm z\u00e1stupcem SOVAMM je prezident ing. arch. Ji\u0159\u00ed Syrov\u00fd. Statut\u00e1rn\u00ed z\u00e1stupce jedn\u00e1 jm\u00e9nem SOVAMM samostatn\u011b.<\/li>\n<\/ul>\n<p>Informace o&nbsp;ochran\u011b osobn\u00edch \u00fadaj\u016f, kter\u00e9 shroma\u017e\u010fuje SOVAMM jako spolek najdete na <a href=\"https:\/\/www.sovamm.cz\/wordpress\/verejny-prostor\/\" target=\"_blank\" rel=\"noopener noreferrer\">https:\/\/sovamm.wordpress.com\/zasady-ochrany-osobnich-udaju\/<\/a>. <strong>N\u00ed\u017ee uveden\u00e9 \u00fadaje se t\u00fdkaj\u00ed pouze projektu a&nbsp;webu\/blogu SOVPIS<\/strong>.<\/p>\n<p>Web\/blog <strong>SOVPIS<\/strong> byl zalo\u017een pro stejnojmenn\u00fd dlouhodob\u00fd projekt SOVAMM, jeho\u017e c\u00edlem je vytvo\u0159en\u00ed prostorov\u00e9ho informa\u010dn\u00edho syst\u00e9mu vernakul\u00e1rn\u00ed architektury v\u010detn\u011b technick\u00fdch pam\u00e1tek a&nbsp;s\u00eddel, zalo\u017een\u00e9ho na principu jednozna\u010dn\u00e9 prostorov\u00e9 identifikace dokumentace v&nbsp;soupisov\u00e9 datab\u00e1z\u00ed a&nbsp;jej\u00ed prov\u00e1z\u00e1n\u00ed s&nbsp;GIS. Datov\u00fd z\u00e1klad syst\u00e9mu tvo\u0159\u00ed archiv digit\u00e1ln\u00ed a&nbsp;digitalizovan\u00e9 dokumentace\u00a0 SOVAMM.<\/p>\n<p>Adresa webu\/blogu je: <a href=\"https:\/\/www.sovamm.cz\/wordpress\/\">https:\/\/www.sovamm.cz\/wordpress\/<\/a><\/p>\n<h2 id=\"jak\u00e9-shroma\u017e\u010fujeme-osobn\u00ed-\">Jak\u00e9 shroma\u017e\u010fujeme osobn\u00ed \u00fadaje a&nbsp;pro\u010d je shroma\u017e\u010fujeme<\/h2>\n<p>Va\u0161e osobn\u00ed \u00fadaje z\u00edsk\u00e1v\u00e1me, pokud:<\/p>\n<ul>\n<li>jste extern\u00edm spolupracovn\u00edjkem \/ \u0159e\u0161itelem projektu SOVPIS,<\/li>\n<li>jste registrovan\u00fdm u\u017eivatelem webu\/blogu SOVPIS,<\/li>\n<li>p\u0159id\u00e1te k\u00a0p\u0159\u00edsp\u011bvku na webu\/blogu SOVPIS koment\u00e1\u0159,<\/li>\n<li>s n\u00e1mi uzav\u0159ete smlouvu na \u0159e\u0161en\u00ed projektu SOVPIS<\/li>\n<\/ul>\n<p>Zpracov\u00e1v\u00e1me tyto \u00fadaje:<\/p>\n<ul>\n<li>jm\u00e9no a\u00a0p\u0159\u00edjmen\u00ed nebo obchodn\u00ed firma,<\/li>\n<li>kontaktn\u00ed \u00fadaje (po\u0161tovn\u00ed adresa, e-mailov\u00e1 adresa, telefonn\u00ed \u010d\u00edslo)<\/li>\n<li>u \u0159e\u0161itel\u016f a&nbsp;spolupracovn\u00edk\u016f projektu SOVPIS\n<ul>\n<li>datum a&nbsp;m\u00edsto narozen\u00ed<\/li>\n<li>portr\u00e9tn\u00ed fotografie,<\/li>\n<li>biografick\u00e9 a&nbsp;bibliografick\u00e9 \u00fadaje<\/li>\n<li>transak\u010dn\u00ed \u00fadaje souvisej\u00edc\u00ed s&nbsp;\u0159e\u0161en\u00edm projekt\u016f SOVAMM<\/li>\n<\/ul>\n<\/li>\n<li>transak\u010dn\u00ed \u00fadaje p\u0159i&nbsp;poskytnut\u00ed dar\u016f<\/li>\n<li>u n\u00e1v\u0161t\u011bvn\u00edk\u016f a&nbsp;registrovan\u00fdch u\u017eivatel\u016f webu\/blogu SOVAMM:\n<ul>\n<li>IP adresa,<\/li>\n<li>identifikace prohl\u00ed\u017ee\u010de, opera\u010dn\u00edho syst\u00e9mu a\u00a0dal\u0161\u00ed informace pro anal\u00fdzu n\u00e1v\u0161t\u011bvnosti,<\/li>\n<li>cookies.<\/li>\n<\/ul>\n<\/li>\n<\/ul>\n<h2 id=\"pro-jak\u00e9-\u00fa\u010dely-osobn\u00ed-\u00fada\">Pro jak\u00e9 \u00fa\u010dely osobn\u00ed \u00fadaje zpracov\u00e1v\u00e1me<\/h2>\n<h3 id=\"osobn\u00ed-\u00fadaje-projektu-sovpis\">Osobn\u00ed \u00fadaje projektu SOVPIS:<\/h3>\n<p>\u00da\u010delem zpracov\u00e1n\u00ed osobn\u00edch \u00fadaj\u016f se rozum\u00ed v\u00a0p\u0159\u00edpad\u011b projektu SOVPIS v\u00fdhradn\u011b \u00fadaje nezbytn\u00e9 pro:<\/p>\n<ul>\n<li>jednozna\u010dnou identifikaci autora dokumentace s&nbsp;mo\u017enost\u00ed napojen\u00ed na jmenn\u00e9 autority NK \u010cR a&nbsp;IISPP NP\u00da tak, aby dokumenty vlo\u017een\u00e9 do SOVPIS a&nbsp;MIS mohly b\u00fdt opa\u0159eny pat\u0159i\u010dnou licenc\u00ed s&nbsp;odkazem na autora dokumentu<\/li>\n<li>zaji\u0161t\u011bn\u00ed p\u0159\u00edstupu \u0159e\u0161itel\u016f a&nbsp;spolupracovn\u00edk\u016f SOVPIS na \u00falo\u017ei\u0161t\u011b SOVPIS a&nbsp;do aplikac\u00ed SOVPIS a&nbsp;Integrovan\u00e9ho informa\u010dn\u00edho syst\u00e9mu pam\u00e1tkov\u00e9 p\u00e9\u010de (d\u00e1le jen IISPP)<\/li>\n<\/ul>\n<p>Dal\u0161\u00edmi \u00fa\u010dely spravov\u00e1n\u00ed dat jsou zejm\u00e9na: pln\u011bn\u00ed smluv (d\u00e1rcovsk\u00e9 smlouvy a&nbsp;smlouvy o&nbsp;spolupr\u00e1ci na projektu).<\/p>\n<h3 id=\"osobn\u00ed-\u00fadaje-na-webu\/blogu-s\">Osobn\u00ed \u00fadaje na webu\/blogu SOVPIS:<\/h3>\n<h4 id=\"koment\u00e1\u0159e\">Koment\u00e1\u0159e<\/h4>\n<p>Kdy\u017e n\u00e1v\u0161t\u011bvn\u00edci p\u0159idaj\u00ed koment\u00e1\u0159 na tento web, jsou shroma\u017e\u010fov\u00e1ny \u00fadaje zobrazen\u00e9 ve formul\u00e1\u0159i pro koment\u00e1\u0159, d\u00e1le IP adresa n\u00e1v\u0161t\u011bvn\u00edka a&nbsp;\u0159et\u011bzec user agent definuj\u00edc\u00ed prohl\u00ed\u017ee\u010d, co\u017e pom\u00e1h\u00e1 k\u00a0detekci spamu.<\/p>\n<p>Koment\u00e1\u0159e n\u00e1v\u0161t\u011bvn\u00edk\u016f jsou kontrolov\u00e1ny prost\u0159ednictv\u00edm automatizovan\u00e9 slu\u017eby detekce spamu Akismet. Z\u00e1sady ochrany osobn\u00edch \u00fadaj\u016f slu\u017eby Akismet anti-spam najdete zde: https:\/\/automattic.com\/privacy\/.<\/p>\n<p>Slu\u017eb\u011b Gravatar m\u016f\u017ee b\u00fdt poskytnut anonymn\u00ed \u0159et\u011bzec vytvo\u0159en\u00fd z\u00a0va\u0161\u00ed e-mailov\u00e9 adresy (naz\u00fdvan\u00fd tak\u00e9 hash), d\u00edky kter\u00e9mu lze ur\u010dit jestli tuto slu\u017ebu pou\u017e\u00edv\u00e1te. Z\u00e1sady ochrany osobn\u00edch \u00fadaj\u016f slu\u017eby Gravatar jsou k\u00a0dispozici zde: https:\/\/automattic.com\/privacy\/. Po\u00a0schv\u00e1len\u00ed va\u0161eho koment\u00e1\u0159e je v\u00e1\u0161 profilov\u00fd obr\u00e1zek viditeln\u00fd pro ve\u0159ejnost v\u00a0kontextu va\u0161eho koment\u00e1\u0159e.<\/p>\n<h4 id=\"m\u00e9dia\">M\u00e9dia<\/h4>\n<p>Pokud nahr\u00e1v\u00e1te obr\u00e1zky na tento web, m\u011bli byste se vyhnout nahr\u00e1v\u00e1n\u00ed obr\u00e1zk\u016f s\u00a0vlo\u017een\u00fdmi \u00fadaji o&nbsp;poloze (EXIF GPS). N\u00e1v\u0161t\u011bvn\u00edci webu mohou st\u00e1hnout a&nbsp;zobrazit libovoln\u00e9 data o&nbsp;poloze z\u00a0obr\u00e1zk\u016f na webu.<\/p>\n<h4 id=\"cookies\">Cookies<\/h4>\n<p>Pokud na na\u0161e str\u00e1nky p\u0159id\u00e1te koment\u00e1\u0159, m\u016f\u017eete povolit ulo\u017een\u00ed jm\u00e9na, e-mailov\u00e9 adresy a&nbsp;webov\u00e9 str\u00e1nky do cookies. T\u00edmto zp\u016fsobem se sna\u017e\u00edme zv\u00fd\u0161it v\u00e1\u0161 komfort, kdy\u017e budete ps\u00e1t nov\u00fd koment\u00e1\u0159 u\u017e pak nebudete muset tyto \u00fadaje znovu vypl\u0148ovat. Tyto soubory cookies budou m\u00edt \u017eivotnost jeden rok.<\/p>\n<p>Pokud m\u00e1te \u00fa\u010det a&nbsp;p\u0159ihla\u0161ujete se k\u00a0tomuto webu, nastav\u00edme do\u010dasn\u00e9 cookie pro ov\u011b\u0159en\u00ed, zda v\u00e1\u0161 prohl\u00ed\u017ee\u010d p\u0159ij\u00edm\u00e1 soubory cookies. Tento soubor cookie neobsahuje \u017e\u00e1dn\u00e9 osobn\u00ed data a&nbsp;p\u0159i\u00a0zav\u0159en\u00ed prohl\u00ed\u017ee\u010de se zru\u0161\u00ed.<\/p>\n<p>P\u0159i p\u0159ihla\u0161ov\u00e1n\u00ed v\u00e1m nastav\u00edme tak\u00e9 n\u011bkolik soubor\u016f cookies pro ulo\u017een\u00ed va\u0161ich p\u0159ihla\u0161ovac\u00edch \u00fadaj\u016f a&nbsp;pro nastaven\u00ed zobrazen\u00ed obrazovky. P\u0159ihla\u0161ovac\u00ed soubory cookies maj\u00ed \u017eivotnost dva dny a&nbsp;cookies pro nastaven\u00ed zobrazen\u00ed maj\u00ed \u017eivotnost jeden rok. Pokud potvrd\u00edte mo\u017enost \u201eZapamatovat si m\u011b\u201c, va\u0161e p\u0159ihl\u00e1\u0161en\u00ed bude trvat dva t\u00fddny. Pokud se ze sv\u00e9ho \u00fa\u010dtu odhl\u00e1s\u00edte, p\u0159ihla\u0161ovac\u00ed cookies budou odstran\u011bny.<\/p>\n<p>Pokud upravujete nebo publikujete \u010dl\u00e1nek, bude ve va\u0161em prohl\u00ed\u017ee\u010di ulo\u017een dal\u0161\u00ed cookie. Tento cookie neobsahuje \u017e\u00e1dn\u00e9 osobn\u00ed data a&nbsp;jednodu\u0161e ozna\u010duje ID p\u0159\u00edsp\u011bvku, kter\u00fd jste pr\u00e1v\u011b upravili. Jeho platnost vypr\u0161\u00ed po\u00a01 dni.<\/p>\n<p>Standardn\u00ed webov\u00e9 prohl\u00ed\u017ee\u010de (Internet Explorer, Mozilla Firefox, Google Chrome apod.) podporuj\u00ed spr\u00e1vu cookies. V\u00a0r\u00e1mci nastaven\u00ed prohl\u00ed\u017ee\u010d\u016f m\u016f\u017eete jednotliv\u00e9 cookie ru\u010dn\u011b mazat, blokovat \u010di\u00a0zcela zak\u00e1zat jejich pou\u017eit\u00ed, lze je tak\u00e9 blokovat nebo povolit jen pro jednotliv\u00e9 internetov\u00e9 str\u00e1nky. Pro detailn\u011bj\u0161\u00ed informace pros\u00edm pou\u017eijte n\u00e1pov\u011bdu va\u0161eho prohl\u00ed\u017ee\u010de. Pokud bude m\u00edt v\u00e1\u0161 prohl\u00ed\u017ee\u010d pou\u017eit\u00ed cookies povoleno, budeme vych\u00e1zet z\u00a0toho, \u017ee souhlas\u00edte s\u00a0vyu\u017e\u00edv\u00e1n\u00edm standardn\u00edch cookies ze strany na\u0161eho serveru.<\/p>\n<h5 id=\"deaktivace-cookies-v\u00a0r\u016fzn\u00fdc\"><strong>Deaktivace cookies v\u00a0r\u016fzn\u00fdch prohl\u00ed\u017ee\u010d\u00edch<\/strong><\/h5>\n<ul>\n<li>Chrome:\u00a0<a href=\"https:\/\/support.google.com\/chrome\/answer\/95647\" target=\"_blank\" rel=\"noopener noreferrer\">support.google.com<\/a><\/li>\n<li>Opera:\u00a0<a href=\"http:\/\/help.opera.com\/Windows\/9.64\/cs\/cookies.html\" target=\"_blank\" rel=\"noopener noreferrer\">help.opera.com<\/a><\/li>\n<li>Firefox:\u00a0<a href=\"https:\/\/support.mozilla.org\/cs\/kb\/povoleni-zakazani-cookies\" target=\"_blank\" rel=\"noopener noreferrer\">support.mozilla.org<\/a><\/li>\n<li>MSIE:\u00a0<a href=\"http:\/\/windows.microsoft.com\/cs-cz\/windows\/cookies-faq#1TC=windows-7\" target=\"_blank\" rel=\"noopener noreferrer\">windows.microsoft.com<\/a><\/li>\n<li>Safari:\u00a0<a href=\"http:\/\/support.apple.com\/kb\/HT1677?viewlocale=cs_CZ\" target=\"_blank\" rel=\"noopener noreferrer\">support.apple.com<\/a><\/li>\n<\/ul>\n<h4 id=\"vlo\u017een\u00fd-obsah-z-dal\u0161\u00edch-we\">Vlo\u017een\u00fd obsah z\u00a0dal\u0161\u00edch web\u016f<\/h4>\n<p>P\u0159\u00edsp\u011bvky na t\u011bchto str\u00e1nk\u00e1ch mohou obsahovat vlo\u017een\u00fd obsah (nap\u0159\u00edklad videa, obr\u00e1zky, \u010dl\u00e1nky atd.). Vlo\u017een\u00fd obsah z\u00a0jin\u00fdch webov\u00fdch str\u00e1nek se chov\u00e1 stejn\u00fdm zp\u016fsobem, jako kdyby n\u00e1v\u0161t\u011bvn\u00edk nav\u0161t\u00edvil jin\u00fd web.<\/p>\n<p>Tyto webov\u00e9 str\u00e1nky mohou shroma\u017e\u010fovat data o&nbsp;v\u00e1s, pou\u017e\u00edvat soubory cookies, vkl\u00e1dat dal\u0161\u00ed sledov\u00e1n\u00ed od t\u0159et\u00edch stran a&nbsp;sledovat va\u0161i interakci s\u00a0t\u00edmto vlo\u017een\u00fdm obsahem, v\u010detn\u011b sledov\u00e1n\u00ed interakce s\u00a0vlo\u017een\u00fdm obsahem, pokud m\u00e1te \u00fa\u010det a&nbsp;jste p\u0159ihl\u00e1\u0161eni na danou webovou str\u00e1nku.<\/p>\n<h4 id=\"analytika\">Analytika<\/h4>\n<p>Pou\u017e\u00edv\u00e1me slu\u017ebu JetPack, kter\u00e1 monitoruje n\u00e1v\u0161t\u011bvy str\u00e1nek a&nbsp;ukl\u00e1d\u00e1 tato anonymn\u00ed data. Na jejich z\u00e1klad\u011b nelze ur\u010dit konkr\u00e9tn\u00ed osobu.<br \/>\nV\u00edce informac\u00ed naleznete na str\u00e1nk\u00e1ch slu\u017eby https:\/\/jetpack.com\/support\/wordpress-com-stats\/.<\/p>\n<h2 id=\"s-k\u00fdm-sd\u00edl\u00edme-va\u0161e-\u00fadaje\">S k\u00fdm sd\u00edl\u00edme va\u0161e \u00fadaje<\/h2>\n<p>Osobn\u00ed \u00fadaje \u0159e\u0161itel\u016f projektu SOVPIS v&nbsp;rozsahu nezbytn\u00e9m pro zalo\u017een\u00ed \u00fa\u010dtu v&nbsp;IISPP (jm\u00e9no, p\u0159\u00edjmen\u00ed, e-mailov\u00e1 adresa) jsou sd\u00edleny s&nbsp;N\u00e1rodn\u00edm pam\u00e1tkov\u00fdm \u00fastavem a&nbsp;to na z\u00e1klad\u011b uzav\u0159en\u00e9 <a href=\"https:\/\/sovamm.cz\/PDFs\/SOVAMM\/SOVPIS\/SMLOUVA_NPU_ec172131012017.pdf\" target=\"_blank\" rel=\"noopener noreferrer\">Smlouvy o\u00a0spolupr\u00e1ci na vytv\u00e1\u0159en\u00ed IISPP a\u00a0SOVPIS<\/a>.<\/p>\n<p>Informace z\u00edskan\u00e9 aktivitami n\u00e1v\u0161t\u011bvn\u00edk\u016f webu\/blogu jsou zpracov\u00e1v\u00e1ny a&nbsp;sd\u00edleny s\u00a0 poskytovatelem slu\u017eby <a href=\"https:\/\/akismet.com\/\" target=\"_blank\" rel=\"noopener noreferrer\">Akismet<\/a> a&nbsp;<a href=\"https:\/\/jetpack.com\/\" target=\"_blank\" rel=\"noopener noreferrer\">JetPack<\/a>.<\/p>\n<h2 id=\"jak-dlouho-uchov\u00e1v\u00e1me-va\u0161e-\">Jak dlouho uchov\u00e1v\u00e1me va\u0161e \u00fadaje<\/h2>\n<p>SOVAMM spravuje osobn\u00ed \u00fadaje projektu SOVPIS po&nbsp;dobu trv\u00e1n\u00ed smluvn\u00edho vztahu, po&nbsp;archiva\u010dn\u00ed dobu vych\u00e1zej\u00edc\u00ed z&nbsp;p\u0159\u00edslu\u0161n\u00fdch pr\u00e1vn\u00edch p\u0159edpis\u016f a&nbsp;v&nbsp;p\u0159\u00edpad\u011b ud\u011blen\u00ed souhlasu do doby, ne\u017e je souhlas odvol\u00e1n. Po&nbsp;pominut\u00ed z\u00e1konn\u00e9ho d\u016fvodu pro zpracov\u00e1n\u00ed osobn\u00edch \u00fadaj\u016f (nap\u0159\u00edklad po&nbsp;skon\u010den\u00ed \u00fa\u010dinnosti ud\u011blen\u00e9ho souhlasu) budou osobn\u00ed \u00fadaje skartov\u00e1ny, resp. vymaz\u00e1ny.<\/p>\n<p>Pokud p\u0159id\u00e1te koment\u00e1\u0159 na tomto webu\/blogu, koment\u00e1\u0159 a&nbsp;jeho metadata budou uchov\u00e1v\u00e1na po\u00a0dobu neur\u010ditou. \u00dadaje jsou uchov\u00e1v\u00e1ny za \u00fa\u010delem automatick\u00e9ho rozpozn\u00e1n\u00ed a&nbsp;schv\u00e1len\u00ed v\u0161ech n\u00e1sledn\u00fdch koment\u00e1\u0159\u016f, m\u00edsto jejich dr\u017een\u00ed ve front\u011b moderov\u00e1n\u00ed.<\/p>\n<p>Pro u\u017eivatele, kte\u0159\u00ed se registruj\u00ed na tomto webu, ukl\u00e1d\u00e1me tak\u00e9 osobn\u00ed \u00fadaje, kter\u00e9 uv\u00e1d\u011bj\u00ed ve sv\u00e9m u\u017eivatelsk\u00e9m profilu. V\u0161ichni u\u017eivatel\u00e9 mohou kdykoliv vid\u011bt, upravovat nebo smazat sv\u00e9 osobn\u00ed \u00fadaje (s\u00a0v\u00fdjimkou toho, \u017ee nemohou zm\u011bnit sv\u00e9 u\u017eivatelsk\u00e9 jm\u00e9no). Administr\u00e1to\u0159i webu mohou tak\u00e9 tyto informace zobrazit a&nbsp;upravovat.<\/p>\n<h2 id=\"jak-lze-odvolat-souhlas-se-spr\">Jak lze odvolat souhlas se spravov\u00e1n\u00edm osobn\u00edch \u00fadaj\u016f?<\/h2>\n<p>N\u011bkter\u00e9 osobn\u00ed \u00fadaje k&nbsp;projektu SOVPIS (p\u0159edev\u0161\u00edm \u00fadaje spolu\u0159e\u0161itel\u016f) spravuje SOVAMM na z\u00e1klad\u011b ud\u011blen\u00e9ho souhlasu, p\u0159i\u010dem\u017e ud\u011blen\u00fd souhlas lze kdykoli odvolat, tj.&nbsp;\u017e\u00e1dat vymaz\u00e1n\u00ed osobn\u00edch \u00fadaj\u016f. Vymaz\u00e1n\u00ed osobn\u00edch \u00fadaj\u016f nelze ov\u0161em \u017e\u00e1dat v\u00a0p\u0159\u00edpad\u011b, kdy existuje jin\u00fd z\u00e1konn\u00fd d\u016fvod pro jejich spr\u00e1vu, nap\u0159\u00edklad povinnost archivace \u00fa\u010detn\u00ed dokumentace.<\/p>\n<p>Ud\u011blen\u00ed souhlasu se spravov\u00e1n\u00edm osobn\u00edch \u00fadaj\u016f je dobrovoln\u00e9, lze jej odm\u00edtnout nebo ud\u011blen\u00fd souhlas kdykoli odvolat, a\u00a0to v\u00fdhradn\u011b u&nbsp;SOVAMM.<\/p>\n<p>Souhlas lze odvolat prost\u0159ednictv\u00edm zaslan\u00e9ho e-mail na adresu sekret\u00e1\u0159e SOVAMM syrova@sovamm.cz nebo p\u00edsemn\u011b na adresu SOVAMM, Kur\u0161ova 30, 63500 Brno. Souhlas mus\u00ed odvolat v\u00fdhradn\u011b osoba, kter\u00e1 jej poskytla, resp. jej\u00ed z\u00e1konn\u00fd z\u00e1stupce. SOVAMM p\u0159i&nbsp;odvol\u00e1n\u00ed souhlasu ov\u011b\u0159uje toto\u017enost \u017eadatele, p\u0159i\u010dem\u017e zp\u016fsob tohoto ov\u011b\u0159en\u00ed bude adekv\u00e1tn\u00ed po\u017eadavku (nap\u0159\u00edklad prost\u00e1 e-mailov\u00e1 zpr\u00e1va je adekv\u00e1tn\u00ed pro odvol\u00e1n\u00ed souhlasu se zas\u00edl\u00e1n\u00edm novinek na adresu, ze kter\u00e9 byla \u017e\u00e1dost odesl\u00e1na). Pokud by SOVAMM m\u011bl d\u016fvodn\u00e9 pochybnosti o&nbsp;toto\u017enosti osoby odvol\u00e1vaj\u00edc\u00ed souhlas, m\u016f\u017ee po\u017e\u00e1dat o&nbsp;poskytnut\u00ed informac\u00ed k&nbsp;ov\u011b\u0159en\u00ed toto\u017enosti.<\/p>\n<h2 id=\"jak\u00e9-m\u00e1te-pr\u00e1va\">Jak\u00e1 m\u00e1te pr\u00e1va?<\/h2>\n<p>Osoby, jejich\u017e osobn\u00ed \u00fadaje SOVAMM pro \u00fa\u010dely projektu SOVPIS spravuje, maj\u00ed pr\u00e1vo po\u017e\u00e1dat o&nbsp;poskytnut\u00ed informace o&nbsp;osobn\u00edch \u00fadaj\u00edch o&nbsp;nich zpracov\u00e1van\u00fdch, o&nbsp;\u00fa\u010delu a\u00a0povaze zpracov\u00e1n\u00ed osobn\u00edch \u00fadaj\u016f a\u00a0o p\u0159\u00edjemc\u00edch osobn\u00edch \u00fadaj\u016f a\u00a0rovn\u011b\u017e maj\u00ed pr\u00e1vo na p\u0159\u00edstup k&nbsp;\u00fadaj\u016fm o&nbsp;nich spravovan\u00fdch. Pokud by zjistili nebo se domn\u00edvali, \u017ee SOVAMM prov\u00e1d\u00ed zpracov\u00e1n\u00ed jejich osobn\u00edch \u00fadaj\u016f v\u00a0rozporu s&nbsp;ochranou jejich osobn\u00edho \u017eivota nebo v\u00a0rozporu s&nbsp;pr\u00e1vn\u00edmi p\u0159edpisy, jsou kdykoliv opr\u00e1vn\u011bni po\u017eadovat po&nbsp;SOVAMM vysv\u011btlen\u00ed, p\u0159\u00edpadn\u011b po\u017eadovat, aby SOVAMM odstranil takto vznikl\u00fd z\u00e1vadn\u00fd stav, omezila zpracov\u00e1n\u00ed \u00fadaj\u016f, pop\u0159\u00edpad\u011b \u00fadaje o&nbsp;nich veden\u00e9 zcela vymazal. Dotazy a\u00a0po\u017eadavky je mo\u017en\u00e9 zaslat na e-mail na adresu sekret\u00e1\u0159e SOVAMM syrova@sovamm.cz nebo p\u00edsemn\u011b na adresu SOVAMM, Kur\u0161ova 30, 63500 Brno.<\/p>\n<p>Pokud m\u00e1te \u00fa\u010det na webu\/blogu SOVAMM nebo jste zde p\u0159idali koment\u00e1\u0159e, m\u016f\u017eete po\u017e\u00e1dat o&nbsp;obdr\u017een\u00ed souboru s\u00a0exportem osobn\u00edch \u00fadaj\u016f, kter\u00e9 o&nbsp;v\u00e1s uchov\u00e1v\u00e1me, v\u010detn\u011b v\u0161ech \u00fadaj\u016f, kter\u00e9 jste n\u00e1m poskytli. M\u016f\u017eete tak\u00e9 po\u017e\u00e1dat o&nbsp;odstran\u011bn\u00ed ve\u0161ker\u00fdch osobn\u00edch \u00fadaj\u016f, kter\u00e9 o&nbsp;v\u00e1s uchov\u00e1v\u00e1me. Tato mo\u017enost nezahrnuje \u00fadaje, kter\u00e9 jsme povinni uchov\u00e1vat z\u00a0administrativn\u00edch, pr\u00e1vn\u00edch nebo bezpe\u010dnostn\u00edch d\u016fvod\u016f.<\/p>\n<p>&nbsp;<\/p>\n<h2 id=\"kontaktn\u00ed-\u00fadaje\">Kontaktn\u00ed \u00fadaje<\/h2>\n<p>Pokud m\u00e1te ot\u00e1zku ohledn\u011b p\u0159\u00edstupu nebo oprav\u011b va\u0161ich osobn\u00edch dat, kontaktujte pros\u00edm sekret\u00e1\u0159e SOVAMM:<\/p>\n<p><i>Zuzana Syrov\u00e1, Kur\u0161ova 30, 635&nbsp;00 Brno-Bystrc,\u00a0<\/i><br \/>\n<i>tel.: (+420) 736657048<\/i><br \/>\n<i>e-mail: syrova@sovamm.cz <\/i><\/p>\n<p>&nbsp;<\/p>\n<p>Aktualizov\u00e1no: <span class=\"last-modified-timestamp\">11\/11\/2025 07:59<\/span><\/p>\n","protected":false},"excerpt":{"rendered":"<p>Kdo jsme Tento web\/blog provozuje: Spole\u010dnost pro obnovu vesnice a&nbsp;mal\u00e9ho m\u011bsta, z.s. (SOVAMM) spolek se s\u00eddlem: Kur\u0161ova 30, Brno, 63500 I\u010cO: 62160516 \/\/ DI\u010c: CZ62160516 SOVAMM je zaps\u00e1n ve Spolkov\u00e9m &hellip; <a href=\"https:\/\/sovamm.cz\/wordpress\/zasady-ochrany-osobnich-udaju\/\" class=\"more-link\">Pokra\u010dov\u00e1n\u00ed textu <span class=\"screen-reader-text\">Z\u00e1sady ochrany osobn\u00edch \u00fadaj\u016f<\/span> <span class=\"meta-nav\">&rarr;<\/span><\/a><\/p>\n","protected":false},"author":2,"featured_media":0,"parent":0,"menu_order":80,"comment_status":"closed","ping_status":"closed","template":"","meta":{"jetpack_post_was_ever_published":false,"footnotes":""},"class_list":["post-2126","page","type-page","status-publish","hentry"],"jetpack_shortlink":"https:\/\/wp.me\/P8dB8l-yi","jetpack_sharing_enabled":false,"_links":{"self":[{"href":"https:\/\/sovamm.cz\/wordpress\/wp-json\/wp\/v2\/pages\/2126","targetHints":{"allow":["GET"]}}],"collection":[{"href":"https:\/\/sovamm.cz\/wordpress\/wp-json\/wp\/v2\/pages"}],"about":[{"href":"https:\/\/sovamm.cz\/wordpress\/wp-json\/wp\/v2\/types\/page"}],"author":[{"embeddable":true,"href":"https:\/\/sovamm.cz\/wordpress\/wp-json\/wp\/v2\/users\/2"}],"replies":[{"embeddable":true,"href":"https:\/\/sovamm.cz\/wordpress\/wp-json\/wp\/v2\/comments?post=2126"}],"version-history":[{"count":8,"href":"https:\/\/sovamm.cz\/wordpress\/wp-json\/wp\/v2\/pages\/2126\/revisions"}],"predecessor-version":[{"id":7204,"href":"https:\/\/sovamm.cz\/wordpress\/wp-json\/wp\/v2\/pages\/2126\/revisions\/7204"}],"wp:attachment":[{"href":"https:\/\/sovamm.cz\/wordpress\/wp-json\/wp\/v2\/media?parent=2126"}],"curies":[{"name":"wp","href":"https:\/\/api.w.org\/{rel}","templated":true}]}}