{"id":203,"date":"2016-10-09T19:04:40","date_gmt":"2016-10-09T17:04:40","guid":{"rendered":"http:\/\/sovamm.synology.me\/wordpress\/?page_id=203"},"modified":"2025-11-10T23:03:33","modified_gmt":"2025-11-10T22:03:33","slug":"miroslav-valka","status":"publish","type":"page","link":"https:\/\/sovamm.cz\/wordpress\/sovpis\/autori\/miroslav-valka\/","title":{"rendered":"Miroslav V\u00e1lka"},"content":{"rendered":"<p><em>Narozen 16.10.1951 v&nbsp;Ochozu u&nbsp;Ti\u0161nova. Etnolog, pedagog a&nbsp;publicista.<\/em><\/p>\n<ul>\n<li>\u010clen dozor\u010d\u00ed rady <a href=\"https:\/\/sovamm.wordpress.com\" target=\"_blank\" rel=\"noopener noreferrer\">SOVAMM<\/a>,<\/li>\n<li>\u010clen <a href=\"http:\/\/www.narodopisnaspolecnost.cz\/\" target=\"_blank\" rel=\"noopener noreferrer\">\u010cesk\u00e9 n\u00e1rodopisn\u00e9 spole\u010dnosti<\/a>; p\u0159edseda redak\u010dn\u00ed rady <a href=\"https:\/\/narodopisnyvestnik.cz\/cz\/about\/lide\" target=\"_blank\" rel=\"noopener noreferrer\">N\u00e1rodopisn\u00e9ho v\u011bstn\u00edku<\/a><\/li>\n<\/ul>\n<p>Stru\u010dn\u00e1 biografie a&nbsp;bibliografie: <a href=\"https:\/\/sovamm.wordpress.com\/who-is-who\/miroslav-valka\/\" target=\"_blank\" rel=\"noopener noreferrer\"><em>Who is who in SOVAMM<\/em><\/a><\/p>\n<p>N\u00e1rodn\u00ed autority \u010cR: <a href=\"http:\/\/aleph.nkp.cz\/F\/?local_base=aut&amp;func=find-c&amp;ccl_term=ica=mzk2006368185\" target=\"_blank\" rel=\"noopener noreferrer\">mzk2006368185<\/a><\/p>\n<p>E-po\u0161ta: valka@sovamm.cz<\/p>\n","protected":false},"excerpt":{"rendered":"<p>Narozen 16.10.1951 v&nbsp;Ochozu u&nbsp;Ti\u0161nova. Etnolog, pedagog a&nbsp;publicista. \u010clen dozor\u010d\u00ed rady SOVAMM, \u010clen \u010cesk\u00e9 n\u00e1rodopisn\u00e9 spole\u010dnosti; p\u0159edseda redak\u010dn\u00ed rady N\u00e1rodopisn\u00e9ho v\u011bstn\u00edku Stru\u010dn\u00e1 biografie a&nbsp;bibliografie: Who is who in SOVAMM N\u00e1rodn\u00ed autority &hellip; <a href=\"https:\/\/sovamm.cz\/wordpress\/sovpis\/autori\/miroslav-valka\/\" class=\"more-link\">Pokra\u010dov\u00e1n\u00ed textu <span class=\"screen-reader-text\">Miroslav V\u00e1lka<\/span> <span class=\"meta-nav\">&rarr;<\/span><\/a><\/p>\n","protected":false},"author":1,"featured_media":0,"parent":128,"menu_order":110,"comment_status":"closed","ping_status":"closed","template":"","meta":{"jetpack_post_was_ever_published":false,"footnotes":""},"class_list":["post-203","page","type-page","status-publish","hentry"],"jetpack_shortlink":"https:\/\/wp.me\/P8dB8l-3h","jetpack_sharing_enabled":true,"_links":{"self":[{"href":"https:\/\/sovamm.cz\/wordpress\/wp-json\/wp\/v2\/pages\/203","targetHints":{"allow":["GET"]}}],"collection":[{"href":"https:\/\/sovamm.cz\/wordpress\/wp-json\/wp\/v2\/pages"}],"about":[{"href":"https:\/\/sovamm.cz\/wordpress\/wp-json\/wp\/v2\/types\/page"}],"author":[{"embeddable":true,"href":"https:\/\/sovamm.cz\/wordpress\/wp-json\/wp\/v2\/users\/1"}],"replies":[{"embeddable":true,"href":"https:\/\/sovamm.cz\/wordpress\/wp-json\/wp\/v2\/comments?post=203"}],"version-history":[{"count":3,"href":"https:\/\/sovamm.cz\/wordpress\/wp-json\/wp\/v2\/pages\/203\/revisions"}],"predecessor-version":[{"id":7186,"href":"https:\/\/sovamm.cz\/wordpress\/wp-json\/wp\/v2\/pages\/203\/revisions\/7186"}],"up":[{"embeddable":true,"href":"https:\/\/sovamm.cz\/wordpress\/wp-json\/wp\/v2\/pages\/128"}],"wp:attachment":[{"href":"https:\/\/sovamm.cz\/wordpress\/wp-json\/wp\/v2\/media?parent=203"}],"curies":[{"name":"wp","href":"https:\/\/api.w.org\/{rel}","templated":true}]}}