{"id":199,"date":"2016-10-09T18:56:36","date_gmt":"2016-10-09T16:56:36","guid":{"rendered":"http:\/\/sovamm.synology.me\/wordpress\/?page_id=199"},"modified":"2025-11-10T23:00:58","modified_gmt":"2025-11-10T22:00:58","slug":"radim-urbanek","status":"publish","type":"page","link":"https:\/\/sovamm.cz\/wordpress\/sovpis\/autori\/radim-urbanek\/","title":{"rendered":"Radim Urb\u00e1nek"},"content":{"rendered":"<p><i>Narozen 30.6.1967 v&nbsp;Pardubic\u00edch. Etnolog, muzejn\u00edk.<\/i><\/p>\n<ul>\n<li>Vicepresident <a href=\"https:\/\/sovamm.wordpress.com\" target=\"_blank\" rel=\"noopener noreferrer\">SOVAMM<\/a><\/li>\n<li>\u010clen <a href=\"https:\/\/www.sdvt.cz\/\">Spole\u010dnosti pro d\u011bjiny v\u011bd a&nbsp;techniky<\/a><\/li>\n<li>\u010clen v\u00fdboru <a href=\"https:\/\/www.tmbrno.cz\/kruh-pratel-tmb\/kruh-pratel-tmb-sekce-vetrne-mlyny\/\">sekce V\u011btrn\u00e9 ml\u00fdny p\u0159i&nbsp;Kruhu p\u0159\u00e1tel Technick\u00e9ho muzea v&nbsp;Brn\u011b<\/a> (viz <i><a href=\"http:\/\/www.povetrnik.cz\/\">http:\/\/www.povetrnik.cz\/<\/a><\/i>)<\/li>\n<li>\u010clen Slovenskej mlynologickej spolo\u010dnosti<\/li>\n<\/ul>\n<p>Stru\u010dn\u00e1 biografie a&nbsp;bibliografie: <a href=\"https:\/\/sovamm.wordpress.com\/who-is-who\/radim-urbanek\/\" target=\"_blank\" rel=\"noopener noreferrer\"><em>Who is who in SOVAMM<\/em><\/a><\/p>\n<p>N\u00e1rodn\u00ed autority \u010cR: <a href=\"http:\/\/aleph.nkp.cz\/F\/?local_base=aut&amp;func=find-c&amp;ccl_term=ica=mzk2003175479\">mzk2003175479<\/a><\/p>\n<p>WWW: <a href=\"http:\/\/www.vesnickepamatky.cz\/\"><i>http:\/\/www.vesnickepamatky.cz\/<\/i><\/a><\/p>\n<p>E-po\u0161ta: urbanek@sovamm.cz<\/p>\n","protected":false},"excerpt":{"rendered":"<p>Narozen 30.6.1967 v&nbsp;Pardubic\u00edch. Etnolog, muzejn\u00edk. Vicepresident SOVAMM \u010clen Spole\u010dnosti pro d\u011bjiny v\u011bd a&nbsp;techniky \u010clen v\u00fdboru sekce V\u011btrn\u00e9 ml\u00fdny p\u0159i&nbsp;Kruhu p\u0159\u00e1tel Technick\u00e9ho muzea v&nbsp;Brn\u011b (viz http:\/\/www.povetrnik.cz\/) \u010clen Slovenskej mlynologickej spolo\u010dnosti Stru\u010dn\u00e1 &hellip; <a href=\"https:\/\/sovamm.cz\/wordpress\/sovpis\/autori\/radim-urbanek\/\" class=\"more-link\">Pokra\u010dov\u00e1n\u00ed textu <span class=\"screen-reader-text\">Radim Urb\u00e1nek<\/span> <span class=\"meta-nav\">&rarr;<\/span><\/a><\/p>\n","protected":false},"author":1,"featured_media":0,"parent":128,"menu_order":100,"comment_status":"closed","ping_status":"closed","template":"","meta":{"jetpack_post_was_ever_published":false,"footnotes":""},"class_list":["post-199","page","type-page","status-publish","hentry"],"jetpack_shortlink":"https:\/\/wp.me\/P8dB8l-3d","jetpack_sharing_enabled":true,"_links":{"self":[{"href":"https:\/\/sovamm.cz\/wordpress\/wp-json\/wp\/v2\/pages\/199","targetHints":{"allow":["GET"]}}],"collection":[{"href":"https:\/\/sovamm.cz\/wordpress\/wp-json\/wp\/v2\/pages"}],"about":[{"href":"https:\/\/sovamm.cz\/wordpress\/wp-json\/wp\/v2\/types\/page"}],"author":[{"embeddable":true,"href":"https:\/\/sovamm.cz\/wordpress\/wp-json\/wp\/v2\/users\/1"}],"replies":[{"embeddable":true,"href":"https:\/\/sovamm.cz\/wordpress\/wp-json\/wp\/v2\/comments?post=199"}],"version-history":[{"count":5,"href":"https:\/\/sovamm.cz\/wordpress\/wp-json\/wp\/v2\/pages\/199\/revisions"}],"predecessor-version":[{"id":7185,"href":"https:\/\/sovamm.cz\/wordpress\/wp-json\/wp\/v2\/pages\/199\/revisions\/7185"}],"up":[{"embeddable":true,"href":"https:\/\/sovamm.cz\/wordpress\/wp-json\/wp\/v2\/pages\/128"}],"wp:attachment":[{"href":"https:\/\/sovamm.cz\/wordpress\/wp-json\/wp\/v2\/media?parent=199"}],"curies":[{"name":"wp","href":"https:\/\/api.w.org\/{rel}","templated":true}]}}