{"id":194,"date":"2016-10-09T18:48:17","date_gmt":"2016-10-09T16:48:17","guid":{"rendered":"http:\/\/sovamm.synology.me\/wordpress\/?page_id=194"},"modified":"2025-03-14T11:04:43","modified_gmt":"2025-03-14T10:04:43","slug":"roman-tykal","status":"publish","type":"page","link":"https:\/\/sovamm.cz\/wordpress\/sovpis\/autori\/roman-tykal\/","title":{"rendered":"Roman Tykal"},"content":{"rendered":"<p><i>Narozen 19.1.1956 v&nbsp;M\u011b\u010d\u00edn\u011b. Fotograf, publicista, region\u00e1ln\u00ed historik.<\/i><\/p>\n<ul>\n<li>Zakl\u00e1daj\u00edc\u00ed \u010dlen a&nbsp;vicepresident <a href=\"https:\/\/sovamm.wordpress.com\" target=\"_blank\" rel=\"noopener noreferrer\">SOVAMM<\/a>,<\/li>\n<li><span class=\"field_678 fieldRepetition_0 subfield_a subfieldRepetition_0\" title=\"biblio. n. histor. \u00fadaje\">P\u0159edseda <a href=\"http:\/\/www.narodopisnaspolecnost.cz\/index.php\/o-nas\/komise-cns\/komise-pro-lidove-stavitelstvi-sidla-a-bydleni-pri-ceske-narodopisne-spolecnosti\" target=\"_blank\" rel=\"noopener noreferrer\">Komise pro<\/a><\/span><a href=\"http:\/\/www.narodopisnaspolecnost.cz\/index.php\/o-nas\/komise-cns\/komise-pro-lidove-stavitelstvi-sidla-a-bydleni-pri-ceske-narodopisne-spolecnosti\" target=\"_blank\" rel=\"noopener noreferrer\"> lidov\u00e9 stavitelstv\u00ed, s\u00eddla a&nbsp;bydlen\u00ed p\u0159i&nbsp;\u010cesk\u00e9 n\u00e1rodopisn\u00e9 spole\u010dnosti.<\/a><\/li>\n<\/ul>\n<p>Stru\u010dn\u00e1 biografie a&nbsp;bibliografie: <a href=\"https:\/\/sovamm.wordpress.com\/who-is-who\/roman-tykal\/\" target=\"_blank\" rel=\"noopener noreferrer\"><em>Who is who in SOVAMM<\/em><\/a><\/p>\n<p>N\u00e1rodn\u00ed autority \u010cR: <a href=\"http:\/\/aleph.nkp.cz\/F\/?local_base=aut&amp;func=find-c&amp;ccl_term=ica=mzk2002160984\" target=\"_blank\" rel=\"noopener noreferrer\">mzk2002160984<\/a><\/p>\n<p>E-po\u0161ta: tykal@sovamm.cz<\/p>\n","protected":false},"excerpt":{"rendered":"<p>Narozen 19.1.1956 v&nbsp;M\u011b\u010d\u00edn\u011b. Fotograf, publicista, region\u00e1ln\u00ed historik. Zakl\u00e1daj\u00edc\u00ed \u010dlen a&nbsp;vicepresident SOVAMM, P\u0159edseda Komise pro lidov\u00e9 stavitelstv\u00ed, s\u00eddla a&nbsp;bydlen\u00ed p\u0159i&nbsp;\u010cesk\u00e9 n\u00e1rodopisn\u00e9 spole\u010dnosti. Stru\u010dn\u00e1 biografie a&nbsp;bibliografie: Who is who in SOVAMM N\u00e1rodn\u00ed &hellip; <a href=\"https:\/\/sovamm.cz\/wordpress\/sovpis\/autori\/roman-tykal\/\" class=\"more-link\">Pokra\u010dov\u00e1n\u00ed textu <span class=\"screen-reader-text\">Roman Tykal<\/span> <span class=\"meta-nav\">&rarr;<\/span><\/a><\/p>\n","protected":false},"author":1,"featured_media":0,"parent":128,"menu_order":90,"comment_status":"closed","ping_status":"closed","template":"","meta":{"jetpack_post_was_ever_published":false,"footnotes":""},"class_list":["post-194","page","type-page","status-publish","hentry"],"jetpack_shortlink":"https:\/\/wp.me\/P8dB8l-38","jetpack_sharing_enabled":true,"_links":{"self":[{"href":"https:\/\/sovamm.cz\/wordpress\/wp-json\/wp\/v2\/pages\/194","targetHints":{"allow":["GET"]}}],"collection":[{"href":"https:\/\/sovamm.cz\/wordpress\/wp-json\/wp\/v2\/pages"}],"about":[{"href":"https:\/\/sovamm.cz\/wordpress\/wp-json\/wp\/v2\/types\/page"}],"author":[{"embeddable":true,"href":"https:\/\/sovamm.cz\/wordpress\/wp-json\/wp\/v2\/users\/1"}],"replies":[{"embeddable":true,"href":"https:\/\/sovamm.cz\/wordpress\/wp-json\/wp\/v2\/comments?post=194"}],"version-history":[{"count":2,"href":"https:\/\/sovamm.cz\/wordpress\/wp-json\/wp\/v2\/pages\/194\/revisions"}],"predecessor-version":[{"id":6869,"href":"https:\/\/sovamm.cz\/wordpress\/wp-json\/wp\/v2\/pages\/194\/revisions\/6869"}],"up":[{"embeddable":true,"href":"https:\/\/sovamm.cz\/wordpress\/wp-json\/wp\/v2\/pages\/128"}],"wp:attachment":[{"href":"https:\/\/sovamm.cz\/wordpress\/wp-json\/wp\/v2\/media?parent=194"}],"curies":[{"name":"wp","href":"https:\/\/api.w.org\/{rel}","templated":true}]}}