{"id":190,"date":"2016-10-09T18:36:18","date_gmt":"2016-10-09T16:36:18","guid":{"rendered":"http:\/\/sovamm.synology.me\/wordpress\/?page_id=190"},"modified":"2025-03-14T11:03:35","modified_gmt":"2025-03-14T10:03:35","slug":"jiri-skabrada","status":"publish","type":"page","link":"https:\/\/sovamm.cz\/wordpress\/sovpis\/autori\/jiri-skabrada\/","title":{"rendered":"Ji\u0159\u00ed \u0160kabrada"},"content":{"rendered":"<p><i>Narozen 20.2.1946 v&nbsp;Praze. Architekt, stavebn\u00ed historik, pedagog a&nbsp;publicista.<\/i><\/p>\n<ul>\n<li>Tajn\u00fd v\u011bdeck\u00fd rada a&nbsp;b\u00fdval\u00fd vicepresident <a href=\"https:\/\/sovamm.wordpress.com\" target=\"_blank\" rel=\"noopener noreferrer\">SOVAMM<\/a>,<\/li>\n<li>Zakl\u00e1daj\u00edc\u00ed \u010dlen <a href=\"http:\/\/www.svornik.cz\/\">Sdru\u017een\u00ed pro stavebn\u011bhistorick\u00fd pr\u016fzkum<\/a>.<\/li>\n<\/ul>\n<p>Stru\u010dn\u00e1 biografie a&nbsp;bibliografie: <a href=\"https:\/\/sovamm.wordpress.com\/who-is-who\/jiri-skabrada\/\" target=\"_blank\" rel=\"noopener noreferrer\"><em>Who is who in SOVAMM<\/em><\/a><\/p>\n<p>N\u00e1rodn\u00ed autority \u010cR: <a href=\"http:\/\/aleph.nkp.cz\/F\/?local_base=aut&amp;func=find-c&amp;ccl_term=ica=jn20000620359\" target=\"_blank\" rel=\"noopener noreferrer\">jn20000620359<\/a><\/p>\n<p>E-po\u0161ta: skabrada@sovamm.cz<\/p>\n","protected":false},"excerpt":{"rendered":"<p>Narozen 20.2.1946 v&nbsp;Praze. Architekt, stavebn\u00ed historik, pedagog a&nbsp;publicista. Tajn\u00fd v\u011bdeck\u00fd rada a&nbsp;b\u00fdval\u00fd vicepresident SOVAMM, Zakl\u00e1daj\u00edc\u00ed \u010dlen Sdru\u017een\u00ed pro stavebn\u011bhistorick\u00fd pr\u016fzkum. Stru\u010dn\u00e1 biografie a&nbsp;bibliografie: Who is who in SOVAMM N\u00e1rodn\u00ed autority &hellip; <a href=\"https:\/\/sovamm.cz\/wordpress\/sovpis\/autori\/jiri-skabrada\/\" class=\"more-link\">Pokra\u010dov\u00e1n\u00ed textu <span class=\"screen-reader-text\">Ji\u0159\u00ed \u0160kabrada<\/span> <span class=\"meta-nav\">&rarr;<\/span><\/a><\/p>\n","protected":false},"author":1,"featured_media":0,"parent":128,"menu_order":85,"comment_status":"closed","ping_status":"closed","template":"","meta":{"jetpack_post_was_ever_published":false,"footnotes":""},"class_list":["post-190","page","type-page","status-publish","hentry"],"jetpack_shortlink":"https:\/\/wp.me\/P8dB8l-34","jetpack_sharing_enabled":true,"_links":{"self":[{"href":"https:\/\/sovamm.cz\/wordpress\/wp-json\/wp\/v2\/pages\/190","targetHints":{"allow":["GET"]}}],"collection":[{"href":"https:\/\/sovamm.cz\/wordpress\/wp-json\/wp\/v2\/pages"}],"about":[{"href":"https:\/\/sovamm.cz\/wordpress\/wp-json\/wp\/v2\/types\/page"}],"author":[{"embeddable":true,"href":"https:\/\/sovamm.cz\/wordpress\/wp-json\/wp\/v2\/users\/1"}],"replies":[{"embeddable":true,"href":"https:\/\/sovamm.cz\/wordpress\/wp-json\/wp\/v2\/comments?post=190"}],"version-history":[{"count":2,"href":"https:\/\/sovamm.cz\/wordpress\/wp-json\/wp\/v2\/pages\/190\/revisions"}],"predecessor-version":[{"id":6868,"href":"https:\/\/sovamm.cz\/wordpress\/wp-json\/wp\/v2\/pages\/190\/revisions\/6868"}],"up":[{"embeddable":true,"href":"https:\/\/sovamm.cz\/wordpress\/wp-json\/wp\/v2\/pages\/128"}],"wp:attachment":[{"href":"https:\/\/sovamm.cz\/wordpress\/wp-json\/wp\/v2\/media?parent=190"}],"curies":[{"name":"wp","href":"https:\/\/api.w.org\/{rel}","templated":true}]}}