{"id":185,"date":"2016-10-09T18:27:28","date_gmt":"2016-10-09T16:27:28","guid":{"rendered":"http:\/\/sovamm.synology.me\/wordpress\/?page_id=185"},"modified":"2025-03-14T11:06:55","modified_gmt":"2025-03-14T10:06:55","slug":"jiri-syrovy","status":"publish","type":"page","link":"https:\/\/sovamm.cz\/wordpress\/sovpis\/autori\/jiri-syrovy\/","title":{"rendered":"Ji\u0159\u00ed Syrov\u00fd"},"content":{"rendered":"<p><i>Narozen 18.&nbsp;9.&nbsp;1955 v&nbsp;Brn\u011b. Architekt, urbanista.<\/i><\/p>\n<ul>\n<li>Zakl\u00e1daj\u00edc\u00ed \u010dlen a&nbsp;president <a href=\"https:\/\/sovamm.wordpress.com\" target=\"_blank\" rel=\"noopener noreferrer\">SOVAMM<\/a><\/li>\n<li>\u010clen <a href=\"https:\/\/www.cka.cz\/cs\/spolupracujte-s-architektem\/seznam-architektu\/ing-arch-syrovu-jiri\">komory architekt\u016f<\/a>.<\/li>\n<\/ul>\n<p>Stru\u010dn\u00e1 biografie a&nbsp;bibliografie: <a href=\"https:\/\/sovamm.wordpress.com\/who-is-who\/jiri-syrovy\/\" target=\"_blank\" rel=\"noopener noreferrer\"><em>Who is who in SOVAMM<\/em><\/a><\/p>\n<p>N\u00e1rodn\u00ed autority \u010cR: <a href=\"http:\/\/aleph.nkp.cz\/F\/?local_base=aut&amp;func=find-c&amp;ccl_term=ica=jo2014830041\">jo2014830041<\/a><\/p>\n<p>WWW:\u00a0 <i><a href=\"https:\/\/sy-sy.cz\/\">Syrov\u00fd a&nbsp;Syrov\u00e1, architekti<\/a><\/i><\/p>\n<p>E-po\u0161ta: syrovy@sovamm.cz<\/p>\n","protected":false},"excerpt":{"rendered":"<p>Narozen 18.&nbsp;9.&nbsp;1955 v&nbsp;Brn\u011b. Architekt, urbanista. Zakl\u00e1daj\u00edc\u00ed \u010dlen a&nbsp;president SOVAMM \u010clen komory architekt\u016f. Stru\u010dn\u00e1 biografie a&nbsp;bibliografie: Who is who in SOVAMM N\u00e1rodn\u00ed autority \u010cR: jo2014830041 WWW:\u00a0 Syrov\u00fd a&nbsp;Syrov\u00e1, architekti E-po\u0161ta: syrovy@sovamm.cz<\/p>\n","protected":false},"author":1,"featured_media":0,"parent":128,"menu_order":82,"comment_status":"closed","ping_status":"closed","template":"","meta":{"jetpack_post_was_ever_published":false,"footnotes":""},"class_list":["post-185","page","type-page","status-publish","hentry"],"jetpack_shortlink":"https:\/\/wp.me\/P8dB8l-2Z","jetpack_sharing_enabled":true,"_links":{"self":[{"href":"https:\/\/sovamm.cz\/wordpress\/wp-json\/wp\/v2\/pages\/185","targetHints":{"allow":["GET"]}}],"collection":[{"href":"https:\/\/sovamm.cz\/wordpress\/wp-json\/wp\/v2\/pages"}],"about":[{"href":"https:\/\/sovamm.cz\/wordpress\/wp-json\/wp\/v2\/types\/page"}],"author":[{"embeddable":true,"href":"https:\/\/sovamm.cz\/wordpress\/wp-json\/wp\/v2\/users\/1"}],"replies":[{"embeddable":true,"href":"https:\/\/sovamm.cz\/wordpress\/wp-json\/wp\/v2\/comments?post=185"}],"version-history":[{"count":3,"href":"https:\/\/sovamm.cz\/wordpress\/wp-json\/wp\/v2\/pages\/185\/revisions"}],"predecessor-version":[{"id":6867,"href":"https:\/\/sovamm.cz\/wordpress\/wp-json\/wp\/v2\/pages\/185\/revisions\/6867"}],"up":[{"embeddable":true,"href":"https:\/\/sovamm.cz\/wordpress\/wp-json\/wp\/v2\/pages\/128"}],"wp:attachment":[{"href":"https:\/\/sovamm.cz\/wordpress\/wp-json\/wp\/v2\/media?parent=185"}],"curies":[{"name":"wp","href":"https:\/\/api.w.org\/{rel}","templated":true}]}}