{"id":1818,"date":"2018-01-20T17:58:14","date_gmt":"2018-01-20T16:58:14","guid":{"rendered":"https:\/\/www.sovamm.cz\/wordpress\/?page_id=1818"},"modified":"2025-11-11T07:56:28","modified_gmt":"2025-11-11T06:56:28","slug":"verejny-prostor","status":"publish","type":"page","link":"https:\/\/sovamm.cz\/wordpress\/sovpis\/verejny-prostor\/","title":{"rendered":"Ve\u0159ejn\u00fd prostor"},"content":{"rendered":"<p>Ve\u0159ejn\u00e1 \u010d\u00e1st archivu projektu SOVPIS, prostorov\u00e9ho informa\u010dn\u00edho syst\u00e9mu Spole\u010dnosti pro obnovu vesnice a\u00a0mal\u00e9ho m\u011bsta, z.s. (SOVAMM), m\u00e1 dv\u011b \u010d\u00e1sti:<\/p>\n<ol>\n<li>Z prim\u00e1rn\u00edho \u00falo\u017ei\u0161t\u011b jsou dokumenty postupn\u011b publikov\u00e1ny prost\u0159ednictv\u00edm aplikace <strong><a href=\"https:\/\/archiv.sovamm.cz\/photo\" target=\"_blank\" rel=\"noopener noreferrer\">Photo Station<\/a>.<\/strong><br \/>\nSoubory jsou zde uspo\u0159\u00e1d\u00e1ny do slo\u017eek podle lokalit dle <a href=\"https:\/\/sovamm.wordpress.com\/projekty\/aktualni-projekty-sovamm\/cz_retro\/\" target=\"_blank\" rel=\"noopener noreferrer\">datab\u00e1ze CZ_Retro<\/a>. N\u00e1zev slo\u017eky obsahuje za n\u00e1zvem lokality jej\u00ed k\u00f3d (Kod_CZ), kter\u00fd je jej\u00edm jednozna\u010dn\u00fdm identifik\u00e1torem v\u00a0datab\u00e1zi CZ_Retro. N\u00e1zvy jednotliv\u00fdch soubor\u016f jsou pak zaps\u00e1ny ve form\u00e1tu YYYYMMDD (datum)-k\u00f3d autora-zkratka media (<em>dia, neg, dig, kres, vid<\/em>)-p\u016fvodn\u00ed n\u00e1zev souboru v\u00a0archivu autora.<br \/>\nAutorsk\u00e9 k\u00f3dy najdete v&nbsp;tabulce <a href=\"https:\/\/sovamm.cz\/wordpress\/sovpis\/autori\/\" target=\"_blank\" rel=\"noopener noreferrer\">Auto\u0159i SOVPIS<\/a>.<br \/>\nVe slo\u017ek\u00e1ch lokalit maj\u00ed samostatn\u00e9 podslo\u017eky pouze objekty podrobn\u011b dokumentovan\u00e9, p\u0159i\u010dem\u017e v&nbsp;n\u00e1zvu podlo\u017eky je obsa\u017eena hodnota prostorov\u00e9ho identifik\u00e1toru paGIS (tj.&nbsp;defini\u010dn\u00edho nebo p\u0159\u00edr\u016fstkov\u00e9ho bodu paGIS).<\/li>\n<li>Podrobn\u011bj\u0161\u00edch metadat se jednotliv\u00fdm soubor\u016fm dost\u00e1v\u00e1 a\u017e p\u0159i&nbsp;jejich ulo\u017een\u00edm do <strong><a href=\"http:\/\/iispp.npu.cz\/mis_public\" target=\"_blank\" rel=\"noopener noreferrer\">MIS<\/a><\/strong>, tzv.&nbsp;Metainforma\u010dn\u00edho syst\u00e9mu, kter\u00fd je sou\u010d\u00e1st\u00ed Integrovan\u00e9ho informa\u010dn\u00edho syst\u00e9mu pam\u00e1tkov\u00e9ho p\u00e9\u010de (<a href=\"https:\/\/iispp.npu.cz\/\" target=\"_blank\" rel=\"noopener noreferrer\">IISPP<\/a>). V&nbsp;roce 2017 zde bylo vytvo\u0159eno lok\u00e1ln\u00ed \u00falo\u017ei\u0161t\u011b MIS pro archiv SOVAMM. Dokumenty zde ulo\u017een\u00e9 je mo\u017eno vyhled\u00e1vat obdobn\u011b jako dokumenty z\u00a0lok\u00e1ln\u00edch \u00falo\u017ei\u0161\u0165 jednotliv\u00fdch \u00fazemn\u00edch pracovi\u0161\u0165 NP\u00da pomoc\u00ed jednotn\u00e9 datab\u00e1ze <a href=\"http:\/\/iispp.npu.cz\/mis_public\/paramSearch.htm\" target=\"_blank\" rel=\"noopener noreferrer\">centr\u00e1ln\u00edho MIS<\/a>.<br \/>\nPozn.: Dokumenty jsou do doby, ne\u017e se na stran\u011b MIS vy\u0159e\u0161\u00ed pl\u00e1novan\u00fd p\u0159echod na licence CC a&nbsp;bude odstran\u011bn vodoznak NP\u00da, vkl\u00e1d\u00e1ny jako neve\u0159ejn\u00e9. Ve ve\u0159ejn\u00e9 \u010d\u00e1sti MIS tedy neregistrovan\u00fd u\u017eivatel nyn\u00ed najde pouze dokumenty SOVAMM z\u00a0obdob\u00ed spolupr\u00e1ce SOVAMM a\u00a0NP\u00da na n\u011bkter\u00fdch projektech p\u0159edch\u00e1zej\u00edc\u00edch SOVPIS, p\u0159edev\u0161\u00edm <a title=\"LoCloud\" href=\"https:\/\/pro.europeana.eu\/project\/locloud\" target=\"_blank\" rel=\"noopener noreferrer\">projektu LoCloud<\/a>, j\u00edm\u017e byla mj.\u00a0data z\u00a0fondu SOVAMM publikov\u00e1na na port\u00e1le Europeana.<\/li>\n<\/ol>\n<div>\n<p>P\u0159ehled lokalit, z&nbsp;nich\u017e jsou archivn\u00ed dokumenty SOVAMM postupn\u011b zve\u0159ej\u0148ov\u00e1ny pomoc\u00ed aplikace Photo Station, <span class=\"tablepress-table-description tablepress-table-description-id-4\">s odkazy do mapy Pam\u00e1tkov\u00e9ho katalogu, slo\u017eek SOVPIS p\u0159\u00edstupn\u00fdch prost\u0159ednictv\u00edm Photo Station a&nbsp;dokument\u016f SOVAMM ulo\u017een\u00fdch v&nbsp;MIS najdete v&nbsp;tabulk\u00e1ch <a href=\"https:\/\/www.sovamm.cz\/wordpress\/lokality-sovpis\/\"><strong>Lokality SOVPIS<\/strong><\/a><\/span>.<br \/>\nP\u016fvodn\u00ed jednotnou p\u0159ehledovou tabulku lokalit SOVPIS bylo v&nbsp;d\u016fsledku p\u0159ekro\u010den\u00ed limitu z\u00e1znam\u016f (omezen\u00ed dan\u00e9 vlastnostmi pou\u017eit\u00e9ho pluginu WP TablePress) nutno rozd\u011blit. Od roku 2021 je to tedy pro ka\u017ed\u00e9 p\u00edsmeno abecedy tabulka samostatn\u00e1.<br \/>\nV\u00edce o&nbsp;tabulk\u00e1ch a&nbsp;jej\u00edch obsahu se dozv\u00edte <a href=\"https:\/\/www.sovamm.cz\/wordpress\/o-tabulce-lokalit-sovpis\/\">zde<\/a>.<\/p>\n<\/div>\n<p>Lokality jsou postupn\u011b rovn\u011b\u017e vizualizov\u00e1ny v&nbsp;<a href=\"https:\/\/www.sovamm.cz\/wordpress\/lokality-sovpis\/mapa-lokalit-sovpis\/\">Map\u011b lokalit SOVPIS<\/a>.<\/p>\n<p>Aktualizov\u00e1no: <span class=\"last-modified-timestamp\">11\/11\/2025 07:56<\/span><\/p>\n<div>\n<p><a href=\"http:\/\/creativecommons.org\/licenses\/by-nc-nd\/4.0\/\" rel=\"license\"><img data-recalc-dims=\"1\" decoding=\"async\" src=\"https:\/\/i0.wp.com\/i.creativecommons.org\/l\/by-nc-nd\/4.0\/88x31.png?w=474&#038;ssl=1\" alt=\"Creative Commons License\" \/><\/a><\/p>\n<p>Dokumenty SOVPIS jsou zve\u0159ej\u0148ov\u00e1ny pod licenc\u00ed <a href=\"https:\/\/creativecommons.org\/licenses\/by-nc-nd\/4.0\/deed.cs\" rel=\"license\">Creative Commons Uve\u010fte p\u016fvod-Neu\u017e\u00edvejte komer\u010dn\u011b-Nezpracov\u00e1vejte 4.0 Mezin\u00e1rodn\u00ed<\/a>.<\/p>\n<\/div>\n","protected":false},"excerpt":{"rendered":"<p>Ve\u0159ejn\u00e1 \u010d\u00e1st archivu projektu SOVPIS, prostorov\u00e9ho informa\u010dn\u00edho syst\u00e9mu Spole\u010dnosti pro obnovu vesnice a\u00a0mal\u00e9ho m\u011bsta, z.s. (SOVAMM), m\u00e1 dv\u011b \u010d\u00e1sti: Z&nbsp;prim\u00e1rn\u00edho \u00falo\u017ei\u0161t\u011b jsou dokumenty postupn\u011b publikov\u00e1ny prost\u0159ednictv\u00edm aplikace Photo Station. &hellip; <a href=\"https:\/\/sovamm.cz\/wordpress\/sovpis\/verejny-prostor\/\" class=\"more-link\">Pokra\u010dov\u00e1n\u00ed textu <span class=\"screen-reader-text\">Ve\u0159ejn\u00fd prostor<\/span> <span class=\"meta-nav\">&rarr;<\/span><\/a><\/p>\n","protected":false},"author":2,"featured_media":1833,"parent":7,"menu_order":1,"comment_status":"closed","ping_status":"closed","template":"","meta":{"jetpack_post_was_ever_published":false,"footnotes":""},"class_list":["post-1818","page","type-page","status-publish","has-post-thumbnail","hentry"],"jetpack_shortlink":"https:\/\/wp.me\/P8dB8l-tk","jetpack_sharing_enabled":true,"_links":{"self":[{"href":"https:\/\/sovamm.cz\/wordpress\/wp-json\/wp\/v2\/pages\/1818","targetHints":{"allow":["GET"]}}],"collection":[{"href":"https:\/\/sovamm.cz\/wordpress\/wp-json\/wp\/v2\/pages"}],"about":[{"href":"https:\/\/sovamm.cz\/wordpress\/wp-json\/wp\/v2\/types\/page"}],"author":[{"embeddable":true,"href":"https:\/\/sovamm.cz\/wordpress\/wp-json\/wp\/v2\/users\/2"}],"replies":[{"embeddable":true,"href":"https:\/\/sovamm.cz\/wordpress\/wp-json\/wp\/v2\/comments?post=1818"}],"version-history":[{"count":10,"href":"https:\/\/sovamm.cz\/wordpress\/wp-json\/wp\/v2\/pages\/1818\/revisions"}],"predecessor-version":[{"id":7202,"href":"https:\/\/sovamm.cz\/wordpress\/wp-json\/wp\/v2\/pages\/1818\/revisions\/7202"}],"up":[{"embeddable":true,"href":"https:\/\/sovamm.cz\/wordpress\/wp-json\/wp\/v2\/pages\/7"}],"wp:featuredmedia":[{"embeddable":true,"href":"https:\/\/sovamm.cz\/wordpress\/wp-json\/wp\/v2\/media\/1833"}],"wp:attachment":[{"href":"https:\/\/sovamm.cz\/wordpress\/wp-json\/wp\/v2\/media?parent=1818"}],"curies":[{"name":"wp","href":"https:\/\/api.w.org\/{rel}","templated":true}]}}