{"id":181,"date":"2016-10-09T18:18:00","date_gmt":"2016-10-09T16:18:00","guid":{"rendered":"http:\/\/sovamm.synology.me\/wordpress\/?page_id=181"},"modified":"2025-11-10T22:47:12","modified_gmt":"2025-11-10T21:47:12","slug":"jiri-pokorny","status":"publish","type":"page","link":"https:\/\/sovamm.cz\/wordpress\/sovpis\/autori\/jiri-pokorny\/","title":{"rendered":"Ji\u0159\u00ed Pokorn\u00fd"},"content":{"rendered":"<p><em>Narozen 1983 ve Sv\u011btl\u00e9. Etnolog.<\/em><\/p>\n<ul>\n<li>\u010clen dozor\u010d\u00ed rady <a href=\"https:\/\/sovamm.wordpress.com\" target=\"_blank\" rel=\"noopener noreferrer\">SOVAMM,<\/a><\/li>\n<li>Zakladatel \u017div\u00e9ho muzea, z. s.<\/li>\n<\/ul>\n<p>Stru\u010dn\u00e1 biografie a&nbsp;bibliografie: <a href=\"https:\/\/sovamm.wordpress.com\/who-is-who\/jiri-pokorny\/\" target=\"_blank\" rel=\"noopener noreferrer\"><em>Who is who in SOVAMM<\/em><\/a><\/p>\n<p>N\u00e1rodn\u00ed autority \u010cR<i>: <\/i><a href=\"http:\/\/aleph.nkp.cz\/F\/?local_base=aut&amp;func=find-c&amp;ccl_term=ica=mzk2008479864\" target=\"_blank\" rel=\"noopener noreferrer\"><em>mzk2008479864<\/em><\/a><\/p>\n<p>WWW:\u00a0 <i><a href=\"http:\/\/www.lepsipamatky.cz\/\" target=\"_blank\" rel=\"noopener noreferrer\">Kulturn\u00ed obnova pam\u00e1tek<\/a><br \/>\n<\/i><\/p>\n<p>E-po\u0161ta: pokorny@sovamm.cz<\/p>\n","protected":false},"excerpt":{"rendered":"<p>Narozen 1983 ve Sv\u011btl\u00e9. Etnolog. \u010clen dozor\u010d\u00ed rady SOVAMM, Zakladatel \u017div\u00e9ho muzea, z. s. Stru\u010dn\u00e1 biografie a&nbsp;bibliografie: Who is who in SOVAMM N\u00e1rodn\u00ed autority \u010cR: mzk2008479864 WWW:\u00a0 Kulturn\u00ed obnova pam\u00e1tek &hellip; <a href=\"https:\/\/sovamm.cz\/wordpress\/sovpis\/autori\/jiri-pokorny\/\" class=\"more-link\">Pokra\u010dov\u00e1n\u00ed textu <span class=\"screen-reader-text\">Ji\u0159\u00ed Pokorn\u00fd<\/span> <span class=\"meta-nav\">&rarr;<\/span><\/a><\/p>\n","protected":false},"author":1,"featured_media":0,"parent":128,"menu_order":71,"comment_status":"closed","ping_status":"closed","template":"","meta":{"jetpack_post_was_ever_published":false,"footnotes":""},"class_list":["post-181","page","type-page","status-publish","hentry"],"jetpack_shortlink":"https:\/\/wp.me\/P8dB8l-2V","jetpack_sharing_enabled":true,"_links":{"self":[{"href":"https:\/\/sovamm.cz\/wordpress\/wp-json\/wp\/v2\/pages\/181","targetHints":{"allow":["GET"]}}],"collection":[{"href":"https:\/\/sovamm.cz\/wordpress\/wp-json\/wp\/v2\/pages"}],"about":[{"href":"https:\/\/sovamm.cz\/wordpress\/wp-json\/wp\/v2\/types\/page"}],"author":[{"embeddable":true,"href":"https:\/\/sovamm.cz\/wordpress\/wp-json\/wp\/v2\/users\/1"}],"replies":[{"embeddable":true,"href":"https:\/\/sovamm.cz\/wordpress\/wp-json\/wp\/v2\/comments?post=181"}],"version-history":[{"count":5,"href":"https:\/\/sovamm.cz\/wordpress\/wp-json\/wp\/v2\/pages\/181\/revisions"}],"predecessor-version":[{"id":7182,"href":"https:\/\/sovamm.cz\/wordpress\/wp-json\/wp\/v2\/pages\/181\/revisions\/7182"}],"up":[{"embeddable":true,"href":"https:\/\/sovamm.cz\/wordpress\/wp-json\/wp\/v2\/pages\/128"}],"wp:attachment":[{"href":"https:\/\/sovamm.cz\/wordpress\/wp-json\/wp\/v2\/media?parent=181"}],"curies":[{"name":"wp","href":"https:\/\/api.w.org\/{rel}","templated":true}]}}