{"id":177,"date":"2016-10-09T17:54:18","date_gmt":"2016-10-09T15:54:18","guid":{"rendered":"http:\/\/sovamm.synology.me\/wordpress\/?page_id=177"},"modified":"2025-03-14T11:00:43","modified_gmt":"2025-03-14T10:00:43","slug":"jan-pesta","status":"publish","type":"page","link":"https:\/\/sovamm.cz\/wordpress\/sovpis\/autori\/jan-pesta\/","title":{"rendered":"Jan Pe\u0161ta"},"content":{"rendered":"<p><i>Narozen 19.&nbsp;5.&nbsp;1973 v\u00a0Praze \u2013 Vr\u0161ovic\u00edch. Architekt, stavebn\u00ed historik, pedagog a&nbsp;publicista.<\/i><\/p>\n<ul>\n<li>Vicepresident a&nbsp;tajn\u00fd v\u011bdeck\u00fd rada <a href=\"https:\/\/sovamm.wordpress.com\" target=\"_blank\" rel=\"noopener noreferrer\">SOVAMM,<\/a><\/li>\n<li>\u010clen <a href=\"http:\/\/www.svornik.cz\/\">Sdru\u017een\u00ed pro stavebn\u011bhistorick\u00fd pr\u016fzkum<\/a><\/li>\n<li>\u010clen <a href=\"http:\/\/spolecnostps.wz.cz\/\">Spole\u010dnosti p\u0159\u00e1tel staro\u017eitnost\u00ed<\/a><\/li>\n<li><span lang=\"CS\">\u010clen <a href=\"http:\/\/www.icomos.cz\/\">\u010cesk\u00e9ho n\u00e1rodn\u00edho komit\u00e9tu ICOMOS<\/a><\/span><\/li>\n<\/ul>\n<p>Stru\u010dn\u00e1 biografie a&nbsp;bibliografie: <a href=\"https:\/\/sovamm.wordpress.com\/who-is-who\/jan-pesta\/\" target=\"_blank\" rel=\"noopener noreferrer\"><em>Who is who in SOVAMM<\/em><\/a><\/p>\n<p>N\u00e1rodn\u00ed autority \u010cR: <a href=\"http:\/\/aleph.nkp.cz\/F\/?local_base=aut&amp;func=find-c&amp;ccl_term=ica=xx0008589\">xx0008589<\/a><\/p>\n<p><span class=\"plainlinks nkcr-link\">WWW: <a href=\"http:\/\/www.shp-pesta.cz\/\"><i>http:\/\/www.shp-pesta.cz\/<\/i><\/a>\u00a0<\/span><\/p>\n<p>E-po\u0161ta: pesta@sovamm.cz<\/p>\n","protected":false},"excerpt":{"rendered":"<p>Narozen 19.&nbsp;5.&nbsp;1973 v\u00a0Praze \u2013 Vr\u0161ovic\u00edch. Architekt, stavebn\u00ed historik, pedagog a&nbsp;publicista. Vicepresident a&nbsp;tajn\u00fd v\u011bdeck\u00fd rada SOVAMM, \u010clen Sdru\u017een\u00ed pro stavebn\u011bhistorick\u00fd pr\u016fzkum \u010clen Spole\u010dnosti p\u0159\u00e1tel staro\u017eitnost\u00ed \u010clen \u010cesk\u00e9ho n\u00e1rodn\u00edho komit\u00e9tu ICOMOS Stru\u010dn\u00e1 &hellip; <a href=\"https:\/\/sovamm.cz\/wordpress\/sovpis\/autori\/jan-pesta\/\" class=\"more-link\">Pokra\u010dov\u00e1n\u00ed textu <span class=\"screen-reader-text\">Jan Pe\u0161ta<\/span> <span class=\"meta-nav\">&rarr;<\/span><\/a><\/p>\n","protected":false},"author":1,"featured_media":0,"parent":128,"menu_order":70,"comment_status":"closed","ping_status":"closed","template":"","meta":{"jetpack_post_was_ever_published":false,"footnotes":""},"class_list":["post-177","page","type-page","status-publish","hentry"],"jetpack_shortlink":"https:\/\/wp.me\/P8dB8l-2R","jetpack_sharing_enabled":true,"_links":{"self":[{"href":"https:\/\/sovamm.cz\/wordpress\/wp-json\/wp\/v2\/pages\/177","targetHints":{"allow":["GET"]}}],"collection":[{"href":"https:\/\/sovamm.cz\/wordpress\/wp-json\/wp\/v2\/pages"}],"about":[{"href":"https:\/\/sovamm.cz\/wordpress\/wp-json\/wp\/v2\/types\/page"}],"author":[{"embeddable":true,"href":"https:\/\/sovamm.cz\/wordpress\/wp-json\/wp\/v2\/users\/1"}],"replies":[{"embeddable":true,"href":"https:\/\/sovamm.cz\/wordpress\/wp-json\/wp\/v2\/comments?post=177"}],"version-history":[{"count":2,"href":"https:\/\/sovamm.cz\/wordpress\/wp-json\/wp\/v2\/pages\/177\/revisions"}],"predecessor-version":[{"id":6864,"href":"https:\/\/sovamm.cz\/wordpress\/wp-json\/wp\/v2\/pages\/177\/revisions\/6864"}],"up":[{"embeddable":true,"href":"https:\/\/sovamm.cz\/wordpress\/wp-json\/wp\/v2\/pages\/128"}],"wp:attachment":[{"href":"https:\/\/sovamm.cz\/wordpress\/wp-json\/wp\/v2\/media?parent=177"}],"curies":[{"name":"wp","href":"https:\/\/api.w.org\/{rel}","templated":true}]}}