{"id":168,"date":"2016-10-09T17:06:07","date_gmt":"2016-10-09T15:06:07","guid":{"rendered":"http:\/\/sovamm.synology.me\/wordpress\/?page_id=168"},"modified":"2025-03-14T10:58:32","modified_gmt":"2025-03-14T09:58:32","slug":"ruzena-klementova-doubkova","status":"publish","type":"page","link":"https:\/\/sovamm.cz\/wordpress\/sovpis\/autori\/ruzena-klementova-doubkova\/","title":{"rendered":"R\u016f\u017eena Klementov\u00e1 &#8211; Doubkov\u00e1"},"content":{"rendered":"<p><em>Architekt.<\/em><\/p>\n<ul>\n<li>Zakl\u00e1daj\u00edc\u00ed \u010dlen <a href=\"https:\/\/sovamm.wordpress.com\" target=\"_blank\" rel=\"noopener\">SOVAMM.<\/a><\/li>\n<\/ul>\n","protected":false},"excerpt":{"rendered":"<p>Architekt. Zakl\u00e1daj\u00edc\u00ed \u010dlen SOVAMM.<\/p>\n","protected":false},"author":1,"featured_media":0,"parent":128,"menu_order":60,"comment_status":"closed","ping_status":"closed","template":"","meta":{"jetpack_post_was_ever_published":false,"footnotes":""},"class_list":["post-168","page","type-page","status-publish","hentry"],"jetpack_shortlink":"https:\/\/wp.me\/P8dB8l-2I","jetpack_sharing_enabled":true,"_links":{"self":[{"href":"https:\/\/sovamm.cz\/wordpress\/wp-json\/wp\/v2\/pages\/168","targetHints":{"allow":["GET"]}}],"collection":[{"href":"https:\/\/sovamm.cz\/wordpress\/wp-json\/wp\/v2\/pages"}],"about":[{"href":"https:\/\/sovamm.cz\/wordpress\/wp-json\/wp\/v2\/types\/page"}],"author":[{"embeddable":true,"href":"https:\/\/sovamm.cz\/wordpress\/wp-json\/wp\/v2\/users\/1"}],"replies":[{"embeddable":true,"href":"https:\/\/sovamm.cz\/wordpress\/wp-json\/wp\/v2\/comments?post=168"}],"version-history":[{"count":1,"href":"https:\/\/sovamm.cz\/wordpress\/wp-json\/wp\/v2\/pages\/168\/revisions"}],"predecessor-version":[{"id":6861,"href":"https:\/\/sovamm.cz\/wordpress\/wp-json\/wp\/v2\/pages\/168\/revisions\/6861"}],"up":[{"embeddable":true,"href":"https:\/\/sovamm.cz\/wordpress\/wp-json\/wp\/v2\/pages\/128"}],"wp:attachment":[{"href":"https:\/\/sovamm.cz\/wordpress\/wp-json\/wp\/v2\/media?parent=168"}],"curies":[{"name":"wp","href":"https:\/\/api.w.org\/{rel}","templated":true}]}}