{"id":1670,"date":"2017-12-18T19:56:22","date_gmt":"2017-12-18T18:56:22","guid":{"rendered":"http:\/\/sovamm.cz\/wordpress\/?page_id=1670"},"modified":"2025-03-14T11:04:02","modified_gmt":"2025-03-14T10:04:02","slug":"vilem-svec","status":"publish","type":"page","link":"https:\/\/sovamm.cz\/wordpress\/sovpis\/autori\/vilem-svec\/","title":{"rendered":"Vil\u00e9m \u0160vec"},"content":{"rendered":"<p><em>Narozen 21.&nbsp;prosince 1976 ve \u0160ternberku, zem\u0159el 19.&nbsp;ledna 2025 v&nbsp;Olomouci. S\u00eddeln\u00ed geograf, pam\u00e1tk\u00e1\u0159, pedagog.<\/em><\/p>\n<ul>\n<li>b\u00fdv. \u010dlen dozor\u010d\u00ed rady <a href=\"https:\/\/sovamm.wordpress.com\" target=\"_blank\" rel=\"noopener noreferrer\">SOVAMM,<\/a><\/li>\n<li>b\u00fdv. \u010dlen celost\u00e1tn\u00ed komise sout\u011b\u017ee <a href=\"http:\/\/www.vesniceroku.cz\/\" target=\"_blank\" rel=\"noopener noreferrer\">Vesnice roku<\/a> (2006\u20142007),<\/li>\n<li>b\u00fdv. \u010dlen <a href=\"http:\/\/www.narodopisnaspolecnost.cz\/\" target=\"_blank\" rel=\"noopener noreferrer\">\u010cesk\u00e9 n\u00e1rodopisn\u00e9 spole\u010dnosti,<\/a><\/li>\n<li>b\u00fdv. \u010dlen <a href=\"http:\/\/www.olomouc.eu\/samosprava\/odborne-komise-rady-mesta\/komise-pro-architekturu-uzemni-planovani-a-pro-pro\" target=\"_blank\" rel=\"noopener noreferrer\">Komise pro architekturu, \u00fazemn\u00ed pl\u00e1nov\u00e1n\u00ed a&nbsp;pro program regenerace Rady m\u011bsta Olomouce<\/a> (2015\u20142025).<\/li>\n<\/ul>\n<p>Stru\u010dn\u00e1 biografie a\u00a0bibliografie: <a href=\"https:\/\/sovamm.wordpress.com\/vilem-svec\/\" target=\"_blank\" rel=\"noopener noreferrer\"><em>Who is who in SOVAMM<\/em><\/a><\/p>\n<p>N\u00e1rodn\u00ed autority \u010cR: <a href=\"http:\/\/aleph.nkp.cz\/F\/?local_base=aut&amp;func=find-c&amp;ccl_term=ica=ola2012693608\" target=\"_blank\" rel=\"noopener noreferrer\">ola2012693608<\/a><\/p>\n","protected":false},"excerpt":{"rendered":"<p>Narozen 21.&nbsp;prosince 1976 ve \u0160ternberku, zem\u0159el 19.&nbsp;ledna 2025 v&nbsp;Olomouci. S\u00eddeln\u00ed geograf, pam\u00e1tk\u00e1\u0159, pedagog. b\u00fdv. \u010dlen dozor\u010d\u00ed rady SOVAMM, b\u00fdv. \u010dlen celost\u00e1tn\u00ed komise sout\u011b\u017ee Vesnice roku (2006\u20142007), b\u00fdv. \u010dlen \u010cesk\u00e9 n\u00e1rodopisn\u00e9 &hellip; <a href=\"https:\/\/sovamm.cz\/wordpress\/sovpis\/autori\/vilem-svec\/\" class=\"more-link\">Pokra\u010dov\u00e1n\u00ed textu <span class=\"screen-reader-text\">Vil\u00e9m \u0160vec<\/span> <span class=\"meta-nav\">&rarr;<\/span><\/a><\/p>\n","protected":false},"author":2,"featured_media":0,"parent":128,"menu_order":86,"comment_status":"closed","ping_status":"closed","template":"","meta":{"jetpack_post_was_ever_published":false,"footnotes":""},"class_list":["post-1670","page","type-page","status-publish","hentry"],"jetpack_shortlink":"https:\/\/wp.me\/P8dB8l-qW","jetpack_sharing_enabled":true,"_links":{"self":[{"href":"https:\/\/sovamm.cz\/wordpress\/wp-json\/wp\/v2\/pages\/1670","targetHints":{"allow":["GET"]}}],"collection":[{"href":"https:\/\/sovamm.cz\/wordpress\/wp-json\/wp\/v2\/pages"}],"about":[{"href":"https:\/\/sovamm.cz\/wordpress\/wp-json\/wp\/v2\/types\/page"}],"author":[{"embeddable":true,"href":"https:\/\/sovamm.cz\/wordpress\/wp-json\/wp\/v2\/users\/2"}],"replies":[{"embeddable":true,"href":"https:\/\/sovamm.cz\/wordpress\/wp-json\/wp\/v2\/comments?post=1670"}],"version-history":[{"count":3,"href":"https:\/\/sovamm.cz\/wordpress\/wp-json\/wp\/v2\/pages\/1670\/revisions"}],"predecessor-version":[{"id":6547,"href":"https:\/\/sovamm.cz\/wordpress\/wp-json\/wp\/v2\/pages\/1670\/revisions\/6547"}],"up":[{"embeddable":true,"href":"https:\/\/sovamm.cz\/wordpress\/wp-json\/wp\/v2\/pages\/128"}],"wp:attachment":[{"href":"https:\/\/sovamm.cz\/wordpress\/wp-json\/wp\/v2\/media?parent=1670"}],"curies":[{"name":"wp","href":"https:\/\/api.w.org\/{rel}","templated":true}]}}