{"id":1665,"date":"2017-12-18T12:10:47","date_gmt":"2017-12-18T11:10:47","guid":{"rendered":"http:\/\/sovamm.cz\/wordpress\/?page_id=1665"},"modified":"2025-03-14T10:56:31","modified_gmt":"2025-03-14T09:56:31","slug":"jiri-dluhos","status":"publish","type":"page","link":"https:\/\/sovamm.cz\/wordpress\/sovpis\/autori\/jiri-dluhos\/","title":{"rendered":"Ji\u0159\u00ed Dluho\u0161"},"content":{"rendered":"<p><i>Narozen \u00a02.\u00a0kv\u011btna 1952 v&nbsp;Ostrav\u011b. Projektant.<\/i><\/p>\n<ul>\n<li>\u010clen <a href=\"https:\/\/sovamm.wordpress.com\" target=\"_blank\" rel=\"noopener noreferrer\">SOVAMM,<\/a><\/li>\n<li>\u010clen <a href=\"https:\/\/www.mjh.cz\/spolky-kluby\/spolek-pratele-stareho-jindrichova-hradce\" target=\"_blank\" rel=\"noopener noreferrer\">Spolku p\u0159\u00e1tel star\u00e9ho Jind\u0159ichova Hradce,<\/a><\/li>\n<li>\u010clen <a href=\"http:\/\/www.ckait.cz\/expert\/form\/1100070\" target=\"_blank\" rel=\"noopener noreferrer\">\u010cKAIT<\/a><span lang=\"CS\">.<\/span><\/li>\n<\/ul>\n<p>Stru\u010dn\u00e1 biografie a&nbsp;bibliografie: <em>Who is who in SOVAMM<\/em><\/p>\n<p>E-po\u0161ta: dluhos@sovamm.cz<\/p>\n","protected":false},"excerpt":{"rendered":"<p>Narozen \u00a02.\u00a0kv\u011btna 1952 v&nbsp;Ostrav\u011b. Projektant. \u010clen SOVAMM, \u010clen Spolku p\u0159\u00e1tel star\u00e9ho Jind\u0159ichova Hradce, \u010clen \u010cKAIT. Stru\u010dn\u00e1 biografie a&nbsp;bibliografie: Who is who in SOVAMM E-po\u0161ta: dluhos@sovamm.cz<\/p>\n","protected":false},"author":2,"featured_media":0,"parent":128,"menu_order":40,"comment_status":"closed","ping_status":"closed","template":"","meta":{"jetpack_post_was_ever_published":false,"footnotes":""},"class_list":["post-1665","page","type-page","status-publish","hentry"],"jetpack_shortlink":"https:\/\/wp.me\/P8dB8l-qR","jetpack_sharing_enabled":true,"_links":{"self":[{"href":"https:\/\/sovamm.cz\/wordpress\/wp-json\/wp\/v2\/pages\/1665","targetHints":{"allow":["GET"]}}],"collection":[{"href":"https:\/\/sovamm.cz\/wordpress\/wp-json\/wp\/v2\/pages"}],"about":[{"href":"https:\/\/sovamm.cz\/wordpress\/wp-json\/wp\/v2\/types\/page"}],"author":[{"embeddable":true,"href":"https:\/\/sovamm.cz\/wordpress\/wp-json\/wp\/v2\/users\/2"}],"replies":[{"embeddable":true,"href":"https:\/\/sovamm.cz\/wordpress\/wp-json\/wp\/v2\/comments?post=1665"}],"version-history":[{"count":2,"href":"https:\/\/sovamm.cz\/wordpress\/wp-json\/wp\/v2\/pages\/1665\/revisions"}],"predecessor-version":[{"id":6859,"href":"https:\/\/sovamm.cz\/wordpress\/wp-json\/wp\/v2\/pages\/1665\/revisions\/6859"}],"up":[{"embeddable":true,"href":"https:\/\/sovamm.cz\/wordpress\/wp-json\/wp\/v2\/pages\/128"}],"wp:attachment":[{"href":"https:\/\/sovamm.cz\/wordpress\/wp-json\/wp\/v2\/media?parent=1665"}],"curies":[{"name":"wp","href":"https:\/\/api.w.org\/{rel}","templated":true}]}}