{"id":1656,"date":"2017-12-18T11:17:29","date_gmt":"2017-12-18T10:17:29","guid":{"rendered":"http:\/\/sovamm.cz\/wordpress\/?page_id=1656"},"modified":"2025-03-14T10:59:42","modified_gmt":"2025-03-14T09:59:42","slug":"vera-kucova-voderova","status":"publish","type":"page","link":"https:\/\/sovamm.cz\/wordpress\/sovpis\/autori\/vera-kucova-voderova\/","title":{"rendered":"V\u011bra Ku\u010dov\u00e1 &#8211; Vod\u011brov\u00e1"},"content":{"rendered":"<p><i>Narozena 16.4.1961 v&nbsp;Praze. Pam\u00e1tk\u00e1\u0159ka.<\/i><\/p>\n<ul>\n<li>Zakl\u00e1daj\u00edc\u00ed (b\u00fdval\u00fd) \u010dlen <a href=\"https:\/\/sovamm.wordpress.com\" target=\"_blank\" rel=\"noopener noreferrer\">SOVAMM,<\/a><\/li>\n<li><span lang=\"CS\">\u010clen <a href=\"http:\/\/www.icomos.cz\/\">\u010cesk\u00e9ho n\u00e1rodn\u00edho komit\u00e9tu ICOMOS<\/a>. <\/span><\/li>\n<li><span lang=\"CS\">\u010clen \u0159ady odborn\u00fdch gremi\u00ed N\u00e1rodn\u00edho pam\u00e1tkov\u00e9ho \u00fastavu a&nbsp;Ministerstva kultury.<\/span><\/li>\n<\/ul>\n<p>Stru\u010dn\u00e1 biografie a&nbsp;bibliografie: <em>Who is who in SOVAMM<br \/>\n<\/em>* Podrobn\u00e1 <a href=\"http:\/\/sovamm.cz\/wordpress\/wp-content\/uploads\/2017\/12\/Bibliografie-V\u011bra-Ku\u010dov\u00e1.pdf\" target=\"_blank\" rel=\"noopener noreferrer\">bibliografie<\/a>.<em><br \/>\n<\/em><\/p>\n<p>N\u00e1rodn\u00ed autority \u010cR: <a href=\"http:\/\/aleph.nkp.cz\/F\/?local_base=aut&amp;func=find-c&amp;ccl_term=ica=ola2004235605\" target=\"_blank\" rel=\"noopener noreferrer\">ola2004235605<\/a><\/p>\n","protected":false},"excerpt":{"rendered":"<p>Narozena 16.4.1961 v&nbsp;Praze. Pam\u00e1tk\u00e1\u0159ka. Zakl\u00e1daj\u00edc\u00ed (b\u00fdval\u00fd) \u010dlen SOVAMM, \u010clen \u010cesk\u00e9ho n\u00e1rodn\u00edho komit\u00e9tu ICOMOS. \u010clen \u0159ady odborn\u00fdch gremi\u00ed N\u00e1rodn\u00edho pam\u00e1tkov\u00e9ho \u00fastavu a&nbsp;Ministerstva kultury. Stru\u010dn\u00e1 biografie a&nbsp;bibliografie: Who is who in SOVAMM &hellip; <a href=\"https:\/\/sovamm.cz\/wordpress\/sovpis\/autori\/vera-kucova-voderova\/\" class=\"more-link\">Pokra\u010dov\u00e1n\u00ed textu <span class=\"screen-reader-text\">V\u011bra Ku\u010dov\u00e1 &#8211; Vod\u011brov\u00e1<\/span> <span class=\"meta-nav\">&rarr;<\/span><\/a><\/p>\n","protected":false},"author":2,"featured_media":0,"parent":128,"menu_order":62,"comment_status":"closed","ping_status":"closed","template":"","meta":{"jetpack_post_was_ever_published":false,"footnotes":""},"class_list":["post-1656","page","type-page","status-publish","hentry"],"jetpack_shortlink":"https:\/\/wp.me\/P8dB8l-qI","jetpack_sharing_enabled":true,"_links":{"self":[{"href":"https:\/\/sovamm.cz\/wordpress\/wp-json\/wp\/v2\/pages\/1656","targetHints":{"allow":["GET"]}}],"collection":[{"href":"https:\/\/sovamm.cz\/wordpress\/wp-json\/wp\/v2\/pages"}],"about":[{"href":"https:\/\/sovamm.cz\/wordpress\/wp-json\/wp\/v2\/types\/page"}],"author":[{"embeddable":true,"href":"https:\/\/sovamm.cz\/wordpress\/wp-json\/wp\/v2\/users\/2"}],"replies":[{"embeddable":true,"href":"https:\/\/sovamm.cz\/wordpress\/wp-json\/wp\/v2\/comments?post=1656"}],"version-history":[{"count":2,"href":"https:\/\/sovamm.cz\/wordpress\/wp-json\/wp\/v2\/pages\/1656\/revisions"}],"predecessor-version":[{"id":6863,"href":"https:\/\/sovamm.cz\/wordpress\/wp-json\/wp\/v2\/pages\/1656\/revisions\/6863"}],"up":[{"embeddable":true,"href":"https:\/\/sovamm.cz\/wordpress\/wp-json\/wp\/v2\/pages\/128"}],"wp:attachment":[{"href":"https:\/\/sovamm.cz\/wordpress\/wp-json\/wp\/v2\/media?parent=1656"}],"curies":[{"name":"wp","href":"https:\/\/api.w.org\/{rel}","templated":true}]}}