{"id":163,"date":"2016-10-09T16:53:09","date_gmt":"2016-10-09T14:53:09","guid":{"rendered":"http:\/\/sovamm.synology.me\/wordpress\/?page_id=163"},"modified":"2025-03-14T10:57:56","modified_gmt":"2025-03-14T09:57:56","slug":"tomas-efler","status":"publish","type":"page","link":"https:\/\/sovamm.cz\/wordpress\/sovpis\/autori\/tomas-efler\/","title":{"rendered":"Tom\u00e1\u0161 Efler"},"content":{"rendered":"<p><i>Narozen 4.&nbsp;prosince 1979 v&nbsp;D\u011b\u010d\u00edn\u011b. Architekt, stavebn\u00ed historik, pedagog a&nbsp;publicista.<\/i><\/p>\n<ul>\n<li>\u010clen <a href=\"https:\/\/sovamm.wordpress.com\" target=\"_blank\" rel=\"noopener noreferrer\">SOVAMM,<\/a><\/li>\n<li>Vedouc\u00ed <a href=\"http:\/\/www.tur-sluknovsko.cz\/Pracovni-skupina-podstavkove%20domy.aspx\">pracovn\u00ed skupiny Podst\u00e1vkov\u00e9 domy<\/a>\u00a0 Spole\u010dnosti pro trvale udr\u017eiteln\u00fd rozvoj \u0160luknovska.<\/li>\n<li>\u010clen <a href=\"http:\/\/www.spolekmerboltice.cz\" target=\"_blank\" rel=\"noopener noreferrer\">Sousedsk\u00e9ho spolku Merboltice<\/a><\/li>\n<li><span lang=\"CS\">\u010clen <a href=\"http:\/\/www.icomos.cz\/\">\u010cesk\u00e9ho n\u00e1rodn\u00edho komit\u00e9tu ICOMOS<\/a><\/span><\/li>\n<li>\u010clen <a href=\"https:\/\/www.cka.cz\/cs\/svet-architektury\/seznam-architektu\/ing-arch-efler-tomas\" target=\"_blank\" rel=\"noopener noreferrer\">komory architekt\u016f<\/a>.<\/li>\n<\/ul>\n<p>Stru\u010dn\u00e1 biografie a&nbsp;bibliografie: <a href=\"https:\/\/sovamm.wordpress.com\/who-is-who\/tomas-efler\/\" target=\"_blank\" rel=\"noopener noreferrer\"><em>Who is who in SOVAMM<\/em><\/a><\/p>\n<p>N\u00e1rodn\u00ed autority \u010cR:<em><a href=\"http:\/\/aleph.nkp.cz\/F\/?local_base=aut&amp;func=find-c&amp;ccl_term=ica=jx20110524002\" target=\"_blank\" rel=\"noopener noreferrer\"> jx20110524002<\/a><\/em><\/p>\n<p>WWW: <em><a href=\"https:\/\/www.eflerus.cz\" target=\"_blank\" rel=\"noopener\">Architektonick\u00e9 studio Merboltice<\/a><\/em><\/p>\n<p>E-po\u0161ta: efler@sovamm.cz<\/p>\n","protected":false},"excerpt":{"rendered":"<p>Narozen 4.&nbsp;prosince 1979 v&nbsp;D\u011b\u010d\u00edn\u011b. Architekt, stavebn\u00ed historik, pedagog a&nbsp;publicista. \u010clen SOVAMM, Vedouc\u00ed pracovn\u00ed skupiny Podst\u00e1vkov\u00e9 domy\u00a0 Spole\u010dnosti pro trvale udr\u017eiteln\u00fd rozvoj \u0160luknovska. \u010clen Sousedsk\u00e9ho spolku Merboltice \u010clen \u010cesk\u00e9ho n\u00e1rodn\u00edho komit\u00e9tu &hellip; <a href=\"https:\/\/sovamm.cz\/wordpress\/sovpis\/autori\/tomas-efler\/\" class=\"more-link\">Pokra\u010dov\u00e1n\u00ed textu <span class=\"screen-reader-text\">Tom\u00e1\u0161 Efler<\/span> <span class=\"meta-nav\">&rarr;<\/span><\/a><\/p>\n","protected":false},"author":1,"featured_media":0,"parent":128,"menu_order":50,"comment_status":"closed","ping_status":"closed","template":"","meta":{"jetpack_post_was_ever_published":false,"footnotes":""},"class_list":["post-163","page","type-page","status-publish","hentry"],"jetpack_shortlink":"https:\/\/wp.me\/P8dB8l-2D","jetpack_sharing_enabled":true,"_links":{"self":[{"href":"https:\/\/sovamm.cz\/wordpress\/wp-json\/wp\/v2\/pages\/163","targetHints":{"allow":["GET"]}}],"collection":[{"href":"https:\/\/sovamm.cz\/wordpress\/wp-json\/wp\/v2\/pages"}],"about":[{"href":"https:\/\/sovamm.cz\/wordpress\/wp-json\/wp\/v2\/types\/page"}],"author":[{"embeddable":true,"href":"https:\/\/sovamm.cz\/wordpress\/wp-json\/wp\/v2\/users\/1"}],"replies":[{"embeddable":true,"href":"https:\/\/sovamm.cz\/wordpress\/wp-json\/wp\/v2\/comments?post=163"}],"version-history":[{"count":5,"href":"https:\/\/sovamm.cz\/wordpress\/wp-json\/wp\/v2\/pages\/163\/revisions"}],"predecessor-version":[{"id":6632,"href":"https:\/\/sovamm.cz\/wordpress\/wp-json\/wp\/v2\/pages\/163\/revisions\/6632"}],"up":[{"embeddable":true,"href":"https:\/\/sovamm.cz\/wordpress\/wp-json\/wp\/v2\/pages\/128"}],"wp:attachment":[{"href":"https:\/\/sovamm.cz\/wordpress\/wp-json\/wp\/v2\/media?parent=163"}],"curies":[{"name":"wp","href":"https:\/\/api.w.org\/{rel}","templated":true}]}}