{"id":156,"date":"2016-10-09T16:12:58","date_gmt":"2016-10-09T14:12:58","guid":{"rendered":"http:\/\/sovamm.synology.me\/wordpress\/?page_id=156"},"modified":"2025-03-14T10:55:40","modified_gmt":"2025-03-14T09:55:40","slug":"martin-cernansky","status":"publish","type":"page","link":"https:\/\/sovamm.cz\/wordpress\/sovpis\/autori\/martin-cernansky\/","title":{"rendered":"Martin \u010cer\u0148ansk\u00fd"},"content":{"rendered":"<p><em>Narozen 5.6.1974. Pam\u00e1tk\u00e1\u0159, publicista, vydavatel internetov\u00e9ho port\u00e1lu Pam\u00e1tky a&nbsp;lidov\u00e1 architektura \u010cR.<\/em><\/p>\n<ul>\n<li>\u010clen a&nbsp;tajn\u00fd v\u011bdeck\u00fd rada <a href=\"https:\/\/sovamm.wordpress.com\" target=\"_blank\" rel=\"noopener noreferrer\">SOVAMM,<\/a><\/li>\n<li><span lang=\"CS\">\u010clen <a href=\"http:\/\/www.icomos.cz\/\">\u010cesk\u00e9ho n\u00e1rodn\u00edho komit\u00e9tu ICOMOS<\/a>,<\/span><\/li>\n<li><span lang=\"CS\">\u010clen mezin\u00e1rodn\u00edho komit\u00e9tu ICOMOS pro vernakul\u00e1rn\u00ed architekturu <a href=\"http:\/\/ciav.icomos.org\/\" target=\"_blank\" rel=\"noopener noreferrer\">CIAV<\/a><\/span><\/li>\n<li>\u010clen <a href=\"https:\/\/www.mkcr.cz\/narodni-rada-pro-tradicni-a-lidovou-kulturu-366.html\" target=\"_blank\" rel=\"noopener noreferrer\">N\u00e1rodn\u00ed rady pro tradi\u010dn\u00ed a&nbsp;lidovou kulturu<\/a> Ministerstva kultury<\/li>\n<\/ul>\n<p>Stru\u010dn\u00e1 biografie a&nbsp;bibliografie: <a href=\"https:\/\/sovamm.wordpress.com\/who-is-who\/martin-cernansky\/\" target=\"_blank\" rel=\"noopener noreferrer\"><em>Who is who in SOVAMM<\/em><\/a><\/p>\n<p>N\u00e1rodn\u00ed autority \u010cR: <a href=\"http:\/\/aleph.nkp.cz\/F\/?local_base=aut&amp;func=find-c&amp;ccl_term=ica=jx20080414014\" target=\"_blank\" rel=\"noopener noreferrer\">jx20080414014<\/a><\/p>\n<p>WWW:<em> <a href=\"http:\/\/www.lidova-architektura.cz\" target=\"_blank\" rel=\"noopener noreferrer\">http:\/\/www.lidova-architektura.cz<\/a><\/em><\/p>\n<p>E-po\u0161ta: cernansky@sovamm.cz<\/p>\n","protected":false},"excerpt":{"rendered":"<p>Narozen 5.6.1974. Pam\u00e1tk\u00e1\u0159, publicista, vydavatel internetov\u00e9ho port\u00e1lu Pam\u00e1tky a&nbsp;lidov\u00e1 architektura \u010cR. \u010clen a&nbsp;tajn\u00fd v\u011bdeck\u00fd rada SOVAMM, \u010clen \u010cesk\u00e9ho n\u00e1rodn\u00edho komit\u00e9tu ICOMOS, \u010clen mezin\u00e1rodn\u00edho komit\u00e9tu ICOMOS pro vernakul\u00e1rn\u00ed architekturu CIAV \u010clen &hellip; <a href=\"https:\/\/sovamm.cz\/wordpress\/sovpis\/autori\/martin-cernansky\/\" class=\"more-link\">Pokra\u010dov\u00e1n\u00ed textu <span class=\"screen-reader-text\">Martin \u010cer\u0148ansk\u00fd<\/span> <span class=\"meta-nav\">&rarr;<\/span><\/a><\/p>\n","protected":false},"author":1,"featured_media":0,"parent":128,"menu_order":31,"comment_status":"closed","ping_status":"closed","template":"","meta":{"jetpack_post_was_ever_published":false,"footnotes":""},"class_list":["post-156","page","type-page","status-publish","hentry"],"jetpack_shortlink":"https:\/\/wp.me\/P8dB8l-2w","jetpack_sharing_enabled":true,"_links":{"self":[{"href":"https:\/\/sovamm.cz\/wordpress\/wp-json\/wp\/v2\/pages\/156","targetHints":{"allow":["GET"]}}],"collection":[{"href":"https:\/\/sovamm.cz\/wordpress\/wp-json\/wp\/v2\/pages"}],"about":[{"href":"https:\/\/sovamm.cz\/wordpress\/wp-json\/wp\/v2\/types\/page"}],"author":[{"embeddable":true,"href":"https:\/\/sovamm.cz\/wordpress\/wp-json\/wp\/v2\/users\/1"}],"replies":[{"embeddable":true,"href":"https:\/\/sovamm.cz\/wordpress\/wp-json\/wp\/v2\/comments?post=156"}],"version-history":[{"count":2,"href":"https:\/\/sovamm.cz\/wordpress\/wp-json\/wp\/v2\/pages\/156\/revisions"}],"predecessor-version":[{"id":6858,"href":"https:\/\/sovamm.cz\/wordpress\/wp-json\/wp\/v2\/pages\/156\/revisions\/6858"}],"up":[{"embeddable":true,"href":"https:\/\/sovamm.cz\/wordpress\/wp-json\/wp\/v2\/pages\/128"}],"wp:attachment":[{"href":"https:\/\/sovamm.cz\/wordpress\/wp-json\/wp\/v2\/media?parent=156"}],"curies":[{"name":"wp","href":"https:\/\/api.w.org\/{rel}","templated":true}]}}