{"id":147,"date":"2016-10-09T16:37:28","date_gmt":"2016-10-09T14:37:28","guid":{"rendered":"http:\/\/sovamm.synology.me\/wordpress\/?page_id=147"},"modified":"2025-03-14T10:57:12","modified_gmt":"2025-03-14T09:57:12","slug":"petr-dostal","status":"publish","type":"page","link":"https:\/\/sovamm.cz\/wordpress\/sovpis\/autori\/petr-dostal\/","title":{"rendered":"Petr Dost\u00e1l"},"content":{"rendered":"<p><em>Narozen 25.12.1953. Architekt.<\/em><\/p>\n<ul>\n<li>\u010cestn\u00fd \u010dlen <a href=\"https:\/\/sovamm.wordpress.com\" target=\"_blank\" rel=\"noopener noreferrer\">SOVAMM,<\/a><\/li>\n<li>\u010clen <a href=\"https:\/\/www.cka.cz\/cs\/svet-architektury\/seznam-architektu\/ing-arch-dostal-petr\">komory architekt\u016f<\/a>.<\/li>\n<\/ul>\n<p>Stru\u010dn\u00e1 biografie a&nbsp;bibliografie: <a href=\"https:\/\/sovamm.wordpress.com\/who-is-who\/petr-dostal\/\" target=\"_blank\" rel=\"noopener noreferrer\"><em>Who is who in SOVAMM<\/em><\/a><\/p>\n<p>N\u00e1rodn\u00ed autority \u010cR<i>: <a href=\"http:\/\/aleph.nkp.cz\/F\/?local_base=aut&amp;func=find-c&amp;ccl_term=ica=ntka172276\" target=\"_blank\" rel=\"noopener noreferrer\">ntka172276<\/a><\/i><\/p>\n<p>WWW:\u00a0 <i><a href=\"http:\/\/www.atelierdostal.cz\/\" target=\"_blank\" rel=\"noopener noreferrer\">atelier dost\u00e1l<\/a><br \/>\n<\/i><\/p>\n<p>E-po\u0161ta: dostal@sovamm.cz<\/p>\n","protected":false},"excerpt":{"rendered":"<p>Narozen 25.12.1953. Architekt. \u010cestn\u00fd \u010dlen SOVAMM, \u010clen komory architekt\u016f. Stru\u010dn\u00e1 biografie a&nbsp;bibliografie: Who is who in SOVAMM N\u00e1rodn\u00ed autority \u010cR: ntka172276 WWW:\u00a0 atelier dost\u00e1l E-po\u0161ta: dostal@sovamm.cz<\/p>\n","protected":false},"author":1,"featured_media":0,"parent":128,"menu_order":41,"comment_status":"closed","ping_status":"closed","template":"","meta":{"jetpack_post_was_ever_published":false,"footnotes":""},"class_list":["post-147","page","type-page","status-publish","hentry"],"jetpack_shortlink":"https:\/\/wp.me\/P8dB8l-2n","jetpack_sharing_enabled":true,"_links":{"self":[{"href":"https:\/\/sovamm.cz\/wordpress\/wp-json\/wp\/v2\/pages\/147","targetHints":{"allow":["GET"]}}],"collection":[{"href":"https:\/\/sovamm.cz\/wordpress\/wp-json\/wp\/v2\/pages"}],"about":[{"href":"https:\/\/sovamm.cz\/wordpress\/wp-json\/wp\/v2\/types\/page"}],"author":[{"embeddable":true,"href":"https:\/\/sovamm.cz\/wordpress\/wp-json\/wp\/v2\/users\/1"}],"replies":[{"embeddable":true,"href":"https:\/\/sovamm.cz\/wordpress\/wp-json\/wp\/v2\/comments?post=147"}],"version-history":[{"count":3,"href":"https:\/\/sovamm.cz\/wordpress\/wp-json\/wp\/v2\/pages\/147\/revisions"}],"predecessor-version":[{"id":6860,"href":"https:\/\/sovamm.cz\/wordpress\/wp-json\/wp\/v2\/pages\/147\/revisions\/6860"}],"up":[{"embeddable":true,"href":"https:\/\/sovamm.cz\/wordpress\/wp-json\/wp\/v2\/pages\/128"}],"wp:attachment":[{"href":"https:\/\/sovamm.cz\/wordpress\/wp-json\/wp\/v2\/media?parent=147"}],"curies":[{"name":"wp","href":"https:\/\/api.w.org\/{rel}","templated":true}]}}