{"id":145,"date":"2016-10-09T15:58:38","date_gmt":"2016-10-09T13:58:38","guid":{"rendered":"http:\/\/sovamm.synology.me\/wordpress\/?page_id=145"},"modified":"2025-03-14T10:55:02","modified_gmt":"2025-03-14T09:55:02","slug":"zuzana-cermakova-novakova","status":"publish","type":"page","link":"https:\/\/sovamm.cz\/wordpress\/sovpis\/autori\/zuzana-cermakova-novakova\/","title":{"rendered":"Zuzana \u010cerm\u00e1kov\u00e1 &#8211; Nov\u00e1kov\u00e1"},"content":{"rendered":"<p><em>Narozena 1983. Etnograf.<\/em><\/p>\n<ul>\n<li>\u010clen <a href=\"https:\/\/sovamm.wordpress.com\" target=\"_blank\" rel=\"noopener noreferrer\">SOVAMM,<\/a><\/li>\n<li>\u010clen <a href=\"http:\/\/www.narodopisnaspolecnost.cz\/\" target=\"_blank\" rel=\"noopener noreferrer\">\u010cesk\u00e9 n\u00e1rodopisn\u00e9 spole\u010dnosti<\/a>.<\/li>\n<li><span class=\"field_678 fieldRepetition_0 subfield_a subfieldRepetition_0\" title=\"biblio. n. histor. \u00fadaje\">\u010clen <a href=\"http:\/\/www.narodopisnaspolecnost.cz\/index.php\/o-nas\/komise-cns\/komise-pro-lidove-stavitelstvi-sidla-a-bydleni-pri-ceske-narodopisne-spolecnosti\" target=\"_blank\" rel=\"noopener noreferrer\">Komise pro<\/a><\/span><a href=\"http:\/\/www.narodopisnaspolecnost.cz\/index.php\/o-nas\/komise-cns\/komise-pro-lidove-stavitelstvi-sidla-a-bydleni-pri-ceske-narodopisne-spolecnosti\" target=\"_blank\" rel=\"noopener noreferrer\"> lidov\u00e9 stavitelstv\u00ed, s\u00eddla a&nbsp;bydlen\u00ed p\u0159i&nbsp;\u010cesk\u00e9 n\u00e1rodopisn\u00e9 spole\u010dnosti.<\/a><\/li>\n<\/ul>\n<p>Stru\u010dn\u00e1 biografie a&nbsp;bibliografie: <a href=\"https:\/\/sovamm.wordpress.com\/who-is-who\/zuzana-cermakova-novakova\/\" target=\"_blank\" rel=\"noopener noreferrer\"><em>Who is who in SOVAMM<\/em><\/a><\/p>\n<p>N\u00e1rodn\u00ed autority \u010cR<i>:\u00a0 <a href=\"http:\/\/aleph.nkp.cz\/F\/?local_base=aut&amp;func=find-c&amp;ccl_term=ica=mub2016897637\" target=\"_blank\" rel=\"noopener noreferrer\">mub2016897637<\/a><\/i><\/p>\n<p>E-po\u0161ta: cermakova@sovamm.cz<\/p>\n","protected":false},"excerpt":{"rendered":"<p>Narozena 1983. Etnograf. \u010clen SOVAMM, \u010clen \u010cesk\u00e9 n\u00e1rodopisn\u00e9 spole\u010dnosti. \u010clen Komise pro lidov\u00e9 stavitelstv\u00ed, s\u00eddla a&nbsp;bydlen\u00ed p\u0159i&nbsp;\u010cesk\u00e9 n\u00e1rodopisn\u00e9 spole\u010dnosti. Stru\u010dn\u00e1 biografie a&nbsp;bibliografie: Who is who in SOVAMM N\u00e1rodn\u00ed autority \u010cR:\u00a0 &hellip; <a href=\"https:\/\/sovamm.cz\/wordpress\/sovpis\/autori\/zuzana-cermakova-novakova\/\" class=\"more-link\">Pokra\u010dov\u00e1n\u00ed textu <span class=\"screen-reader-text\">Zuzana \u010cerm\u00e1kov\u00e1 &#8211; Nov\u00e1kov\u00e1<\/span> <span class=\"meta-nav\">&rarr;<\/span><\/a><\/p>\n","protected":false},"author":1,"featured_media":0,"parent":128,"menu_order":30,"comment_status":"closed","ping_status":"closed","template":"","meta":{"jetpack_post_was_ever_published":false,"footnotes":""},"class_list":["post-145","page","type-page","status-publish","hentry"],"jetpack_shortlink":"https:\/\/wp.me\/P8dB8l-2l","jetpack_sharing_enabled":true,"_links":{"self":[{"href":"https:\/\/sovamm.cz\/wordpress\/wp-json\/wp\/v2\/pages\/145","targetHints":{"allow":["GET"]}}],"collection":[{"href":"https:\/\/sovamm.cz\/wordpress\/wp-json\/wp\/v2\/pages"}],"about":[{"href":"https:\/\/sovamm.cz\/wordpress\/wp-json\/wp\/v2\/types\/page"}],"author":[{"embeddable":true,"href":"https:\/\/sovamm.cz\/wordpress\/wp-json\/wp\/v2\/users\/1"}],"replies":[{"embeddable":true,"href":"https:\/\/sovamm.cz\/wordpress\/wp-json\/wp\/v2\/comments?post=145"}],"version-history":[{"count":3,"href":"https:\/\/sovamm.cz\/wordpress\/wp-json\/wp\/v2\/pages\/145\/revisions"}],"predecessor-version":[{"id":6857,"href":"https:\/\/sovamm.cz\/wordpress\/wp-json\/wp\/v2\/pages\/145\/revisions\/6857"}],"up":[{"embeddable":true,"href":"https:\/\/sovamm.cz\/wordpress\/wp-json\/wp\/v2\/pages\/128"}],"wp:attachment":[{"href":"https:\/\/sovamm.cz\/wordpress\/wp-json\/wp\/v2\/media?parent=145"}],"curies":[{"name":"wp","href":"https:\/\/api.w.org\/{rel}","templated":true}]}}