{"id":140,"date":"2016-10-09T11:51:02","date_gmt":"2016-10-09T09:51:02","guid":{"rendered":"http:\/\/sovamm.synology.me\/wordpress\/?page_id=140"},"modified":"2025-03-14T11:07:12","modified_gmt":"2025-03-14T10:07:12","slug":"zuzana-syrova-anyzova","status":"publish","type":"page","link":"https:\/\/sovamm.cz\/wordpress\/sovpis\/autori\/zuzana-syrova-anyzova\/","title":{"rendered":"Zuzana Syrov\u00e1 &#8211; An\u00fd\u017eov\u00e1"},"content":{"rendered":"<p><i>Narozena 24.12.1956 v&nbsp;Brn\u011b. Architekt. <\/i><\/p>\n<ul>\n<li>Zakl\u00e1daj\u00edc\u00ed \u010dlen, sekret\u00e1\u0159 a&nbsp;tajn\u00fd v\u011bdeck\u00fd rada <a href=\"https:\/\/sovamm.wordpress.com\" target=\"_blank\" rel=\"noopener noreferrer\">SOVAMM,<\/a><\/li>\n<li>\u010clen <a href=\"http:\/\/www.svornik.cz\/\">Sdru\u017een\u00ed pro stavebn\u011bhistorick\u00fd pr\u016fzkum<\/a>,<\/li>\n<li><span lang=\"CS\">\u010clen <a href=\"http:\/\/www.icomos.cz\/\">\u010cesk\u00e9ho n\u00e1rodn\u00edho komit\u00e9tu ICOMOS<\/a>,<\/span><\/li>\n<li><span lang=\"CS\">\u010clen mezin\u00e1rodn\u00edho komit\u00e9tu ICOMOS pro hlin\u011bn\u00e9 architektonick\u00e9 d\u011bdictv\u00ed <a href=\"http:\/\/isceah.icomos.org\/\">ISCEAH<\/a> (2004-2014 \u010dlen \u0159\u00edd\u00edc\u00edho v\u00fdboru tohoto komit\u00e9tu)<\/span><\/li>\n<\/ul>\n<p>Stru\u010dn\u00e1 biografie a&nbsp;bibliografie: <em><a href=\"https:\/\/sovamm.wordpress.com\/who-is-who\/zuzana-syrova-anyzova\/\" target=\"_blank\" rel=\"noopener noreferrer\">Who is who in SOVAMM<\/a><\/em><\/p>\n<p>N\u00e1rodn\u00ed autority \u010cR<i>: <a href=\"http:\/\/aleph.nkp.cz\/F\/?local_base=aut&amp;func=find-c&amp;ccl_term=ica=jo2014830043\">jo2014830041<\/a><\/i><\/p>\n<p>WWW:\u00a0 <i><a href=\"https:\/\/sy-sy.cz\/\">Syrov\u00fd a&nbsp;Syrov\u00e1, architekti<\/a>\u00a0<\/i><\/p>\n<p>E-po\u0161ta: syrova@sovamm.cz<\/p>\n","protected":false},"excerpt":{"rendered":"<p>Narozena 24.12.1956 v&nbsp;Brn\u011b. Architekt. Zakl\u00e1daj\u00edc\u00ed \u010dlen, sekret\u00e1\u0159 a&nbsp;tajn\u00fd v\u011bdeck\u00fd rada SOVAMM, \u010clen Sdru\u017een\u00ed pro stavebn\u011bhistorick\u00fd pr\u016fzkum, \u010clen \u010cesk\u00e9ho n\u00e1rodn\u00edho komit\u00e9tu ICOMOS, \u010clen mezin\u00e1rodn\u00edho komit\u00e9tu ICOMOS pro hlin\u011bn\u00e9 architektonick\u00e9 d\u011bdictv\u00ed ISCEAH &hellip; <a href=\"https:\/\/sovamm.cz\/wordpress\/sovpis\/autori\/zuzana-syrova-anyzova\/\" class=\"more-link\">Pokra\u010dov\u00e1n\u00ed textu <span class=\"screen-reader-text\">Zuzana Syrov\u00e1 &#8211; An\u00fd\u017eov\u00e1<\/span> <span class=\"meta-nav\">&rarr;<\/span><\/a><\/p>\n","protected":false},"author":1,"featured_media":0,"parent":128,"menu_order":81,"comment_status":"closed","ping_status":"closed","template":"","meta":{"jetpack_post_was_ever_published":false,"footnotes":""},"class_list":["post-140","page","type-page","status-publish","hentry"],"jetpack_shortlink":"https:\/\/wp.me\/P8dB8l-2g","jetpack_sharing_enabled":true,"_links":{"self":[{"href":"https:\/\/sovamm.cz\/wordpress\/wp-json\/wp\/v2\/pages\/140","targetHints":{"allow":["GET"]}}],"collection":[{"href":"https:\/\/sovamm.cz\/wordpress\/wp-json\/wp\/v2\/pages"}],"about":[{"href":"https:\/\/sovamm.cz\/wordpress\/wp-json\/wp\/v2\/types\/page"}],"author":[{"embeddable":true,"href":"https:\/\/sovamm.cz\/wordpress\/wp-json\/wp\/v2\/users\/1"}],"replies":[{"embeddable":true,"href":"https:\/\/sovamm.cz\/wordpress\/wp-json\/wp\/v2\/comments?post=140"}],"version-history":[{"count":4,"href":"https:\/\/sovamm.cz\/wordpress\/wp-json\/wp\/v2\/pages\/140\/revisions"}],"predecessor-version":[{"id":6866,"href":"https:\/\/sovamm.cz\/wordpress\/wp-json\/wp\/v2\/pages\/140\/revisions\/6866"}],"up":[{"embeddable":true,"href":"https:\/\/sovamm.cz\/wordpress\/wp-json\/wp\/v2\/pages\/128"}],"wp:attachment":[{"href":"https:\/\/sovamm.cz\/wordpress\/wp-json\/wp\/v2\/media?parent=140"}],"curies":[{"name":"wp","href":"https:\/\/api.w.org\/{rel}","templated":true}]}}