{"id":1364,"date":"2017-01-22T18:34:21","date_gmt":"2017-01-22T17:34:21","guid":{"rendered":"http:\/\/sovamm.cz\/wordpress\/?page_id=1364"},"modified":"2025-03-14T11:07:38","modified_gmt":"2025-03-14T10:07:38","slug":"zuzana-varekova","status":"publish","type":"page","link":"https:\/\/sovamm.cz\/wordpress\/sovpis\/autori\/zuzana-varekova\/","title":{"rendered":"Zuzana Str\u00e1nsk\u00e1 &#8211; Va\u0159ekov\u00e1"},"content":{"rendered":"<p><em>Narozena 20.10.1984. Pam\u00e1tk\u00e1\u0159ka.<\/em><\/p>\n<ul>\n<li>\u010clen <a href=\"https:\/\/sovamm.wordpress.com\" target=\"_blank\" rel=\"noopener noreferrer\">SOVAMM<\/a><\/li>\n<\/ul>\n<p>Stru\u010dn\u00e1 biografie a&nbsp;bibliografie: <a href=\"https:\/\/sovamm.wordpress.com\/who-is-who\/zuzana-stranska-varekova\/\" target=\"_blank\" rel=\"noopener noreferrer\"><em>Who is who in SOVAMM<\/em><\/a><\/p>\n<p>N\u00e1rodn\u00ed autority \u010cR<i>:\u00a0 <a href=\"http:\/\/aleph.nkp.cz\/F\/?local_base=aut&amp;func=find-c&amp;ccl_term=ica=jo2014830047\" target=\"_blank\" rel=\"noopener noreferrer\">jo2014830047<\/a><\/i><\/p>\n<p>E-po\u0161ta: varekova@sovamm.cz<\/p>\n","protected":false},"excerpt":{"rendered":"<p>Narozena 20.10.1984. Pam\u00e1tk\u00e1\u0159ka. \u010clen SOVAMM Stru\u010dn\u00e1 biografie a&nbsp;bibliografie: Who is who in SOVAMM N\u00e1rodn\u00ed autority \u010cR:\u00a0 jo2014830047 E-po\u0161ta: varekova@sovamm.cz<\/p>\n","protected":false},"author":2,"featured_media":0,"parent":128,"menu_order":80,"comment_status":"closed","ping_status":"closed","template":"","meta":{"jetpack_post_was_ever_published":false,"footnotes":""},"class_list":["post-1364","page","type-page","status-publish","hentry"],"jetpack_shortlink":"https:\/\/wp.me\/P8dB8l-m0","jetpack_sharing_enabled":true,"_links":{"self":[{"href":"https:\/\/sovamm.cz\/wordpress\/wp-json\/wp\/v2\/pages\/1364","targetHints":{"allow":["GET"]}}],"collection":[{"href":"https:\/\/sovamm.cz\/wordpress\/wp-json\/wp\/v2\/pages"}],"about":[{"href":"https:\/\/sovamm.cz\/wordpress\/wp-json\/wp\/v2\/types\/page"}],"author":[{"embeddable":true,"href":"https:\/\/sovamm.cz\/wordpress\/wp-json\/wp\/v2\/users\/2"}],"replies":[{"embeddable":true,"href":"https:\/\/sovamm.cz\/wordpress\/wp-json\/wp\/v2\/comments?post=1364"}],"version-history":[{"count":3,"href":"https:\/\/sovamm.cz\/wordpress\/wp-json\/wp\/v2\/pages\/1364\/revisions"}],"predecessor-version":[{"id":6872,"href":"https:\/\/sovamm.cz\/wordpress\/wp-json\/wp\/v2\/pages\/1364\/revisions\/6872"}],"up":[{"embeddable":true,"href":"https:\/\/sovamm.cz\/wordpress\/wp-json\/wp\/v2\/pages\/128"}],"wp:attachment":[{"href":"https:\/\/sovamm.cz\/wordpress\/wp-json\/wp\/v2\/media?parent=1364"}],"curies":[{"name":"wp","href":"https:\/\/api.w.org\/{rel}","templated":true}]}}